{"id":9989,"date":"2024-06-11T07:32:00","date_gmt":"2024-06-11T07:32:00","guid":{"rendered":"https:\/\/www.iel.hr\/?page_id=9989"},"modified":"2025-02-14T08:13:24","modified_gmt":"2025-02-14T07:13:24","slug":"zvjezdasta-spojka-star-20","status":"publish","type":"page","link":"https:\/\/www.iel.hr\/hr\/grupe-proizvoda\/komunikacije\/zvjezdasta-spojka-star-20\/","title":{"rendered":"Zvjezdasta spojka STAR-20"},"content":{"rendered":"\t\t<div data-elementor-type=\"wp-page\" data-elementor-id=\"9989\" class=\"elementor elementor-9989\">\n\t\t\t\t\t\t<section class=\"elementor-section elementor-top-section elementor-element elementor-element-58881fe elementor-section-boxed elementor-section-height-default elementor-section-height-default\" data-id=\"58881fe\" data-element_type=\"section\" data-settings=\"{&quot;background_background&quot;:&quot;classic&quot;}\">\n\t\t\t\t\t\t\t<div class=\"elementor-background-overlay\"><\/div>\n\t\t\t\t\t\t\t<div class=\"elementor-container elementor-column-gap-default\">\n\t\t\t\t\t<div class=\"elementor-column elementor-col-100 elementor-top-column elementor-element elementor-element-a909688\" data-id=\"a909688\" data-element_type=\"column\">\n\t\t\t<div class=\"elementor-widget-wrap elementor-element-populated\">\n\t\t\t\t\t\t<div class=\"elementor-element elementor-element-e3c1de2 elementor-widget elementor-widget-heading\" data-id=\"e3c1de2\" data-element_type=\"widget\" data-widget_type=\"heading.default\">\n\t\t\t\t<div class=\"elementor-widget-container\">\n\t\t\t<h2 class=\"elementor-heading-title elementor-size-default\">Zvjezdasta spojka STAR-20<\/h2>\t\t<\/div>\n\t\t\t\t<\/div>\n\t\t\t\t<div class=\"elementor-element elementor-element-e68d5d5 elementor-icon-list--layout-inline elementor-list-item-link-full_width elementor-widget elementor-widget-icon-list\" data-id=\"e68d5d5\" data-element_type=\"widget\" data-widget_type=\"icon-list.default\">\n\t\t\t\t<div class=\"elementor-widget-container\">\n\t\t\t\t\t<ul class=\"elementor-icon-list-items elementor-inline-items\">\n\t\t\t\t\t\t\t<li class=\"elementor-icon-list-item elementor-inline-item\">\n\t\t\t\t\t\t\t\t\t\t\t<a href=\"https:\/\/iel.hr\/iel\">\n\n\t\t\t\t\t\t\t\t\t\t\t<span class=\"elementor-icon-list-text\">IEL<\/span>\n\t\t\t\t\t\t\t\t\t\t\t<\/a>\n\t\t\t\t\t\t\t\t\t<\/li>\n\t\t\t\t\t\t\t\t<li class=\"elementor-icon-list-item elementor-inline-item\">\n\t\t\t\t\t\t\t\t\t\t\t<a href=\"https:\/\/iel.hr\/iel\/hr\/grupe-proizvoda\/\">\n\n\t\t\t\t\t\t\t\t\t\t\t<span class=\"elementor-icon-list-text\">Grupe proizvoda<\/span>\n\t\t\t\t\t\t\t\t\t\t\t<\/a>\n\t\t\t\t\t\t\t\t\t<\/li>\n\t\t\t\t\t\t\t\t<li class=\"elementor-icon-list-item elementor-inline-item\">\n\t\t\t\t\t\t\t\t\t\t\t<a href=\"https:\/\/iel.hr\/iel\/hr\/grupe-proizvoda\/komunikacije\/\">\n\n\t\t\t\t\t\t\t\t\t\t\t<span class=\"elementor-icon-list-text\">Komunikacije<\/span>\n\t\t\t\t\t\t\t\t\t\t\t<\/a>\n\t\t\t\t\t\t\t\t\t<\/li>\n\t\t\t\t\t\t\t\t<li class=\"elementor-icon-list-item elementor-inline-item\">\n\t\t\t\t\t\t\t\t\t\t<span class=\"elementor-icon-list-text\">Zvjezdasta spojka STAR-20<\/span>\n\t\t\t\t\t\t\t\t\t<\/li>\n\t\t\t\t\t\t<\/ul>\n\t\t\t\t<\/div>\n\t\t\t\t<\/div>\n\t\t\t\t\t<\/div>\n\t\t<\/div>\n\t\t\t\t\t<\/div>\n\t\t<\/section>\n\t\t<div class=\"elementor-element elementor-element-59ea6b4 e-flex e-con-boxed e-con e-parent\" data-id=\"59ea6b4\" data-element_type=\"container\">\n\t\t\t\t\t<div class=\"e-con-inner\">\n\t\t<div class=\"elementor-element elementor-element-2f8aee8 e-con-full e-flex e-con e-child\" data-id=\"2f8aee8\" data-element_type=\"container\">\n\t\t\t\t<div class=\"elementor-element elementor-element-46ce7f0 elementor-widget elementor-widget-sidebar\" data-id=\"46ce7f0\" data-element_type=\"widget\" data-widget_type=\"sidebar.default\">\n\t\t\t\t<div class=\"elementor-widget-container\">\n\t\t\t<div class=\"ywcca_container ywcca_widget_container_style_1\"><h3 class=\"ywcca_widget_title\">Komunikacije<\/h3><ul class=\"ywcca_category_accordion_widget category_menu_accordion\" data-highlight_curr_cat=\"on\" data-ywcca_style=\"style_1\" data-ywcca_orderby=\"\" data-ywcca_order=\"\"><ul id=\"menu-komunikacije\" class=\"ywcca-menu\"><li id=\"menu-item-15069\" class=\"menu-item menu-item-type-custom menu-item-object-custom menu-item-has-children menu-item-15069\"><a href=\"https:\/\/www.iel.hr\/hr\/grupe-proizvoda\/komunikacije\/\" class=\"menu-link\">Ure\u0111aji<span role=\"application\" class=\"dropdown-menu-toggle ast-header-navigation-arrow\" tabindex=\"0\" aria-expanded=\"false\" aria-label=\"Menu Toggle\" ><span class=\"ast-icon icon-arrow\"><svg class=\"ast-arrow-svg\" xmlns=\"http:\/\/www.w3.org\/2000\/svg\" xmlns:xlink=\"http:\/\/www.w3.org\/1999\/xlink\" version=\"1.1\" x=\"0px\" y=\"0px\" width=\"26px\" height=\"16.043px\" viewBox=\"57 35.171 26 16.043\" enable-background=\"new 57 35.171 26 16.043\" xml:space=\"preserve\">\n                <path d=\"M57.5,38.193l12.5,12.5l12.5-12.5l-2.5-2.5l-10,10l-10-10L57.5,38.193z\"\/>\n                <\/svg><\/span><\/span><\/a>\n<ul class=\"ywcca-sub-menu\">\n\t<li id=\"menu-item-15070\" class=\"menu-item menu-item-type-custom menu-item-object-custom menu-item-15070\"><a href=\"https:\/\/www.iel.hr\/hr\/grupe-proizvoda\/komunikacije\/mrezni-pristupnik-mp-15\/\" class=\"menu-link\"><span class=\"ast-icon icon-arrow\"><svg class=\"ast-arrow-svg\" xmlns=\"http:\/\/www.w3.org\/2000\/svg\" xmlns:xlink=\"http:\/\/www.w3.org\/1999\/xlink\" version=\"1.1\" x=\"0px\" y=\"0px\" width=\"26px\" height=\"16.043px\" viewBox=\"57 35.171 26 16.043\" enable-background=\"new 57 35.171 26 16.043\" xml:space=\"preserve\">\n                <path d=\"M57.5,38.193l12.5,12.5l12.5-12.5l-2.5-2.5l-10,10l-10-10L57.5,38.193z\"\/>\n                <\/svg><\/span>Mre\u017eni pristupnik MP-15<\/a><\/li>\n\t<li id=\"menu-item-15071\" class=\"menu-item menu-item-type-custom menu-item-object-custom menu-item-15071\"><a href=\"https:\/\/www.iel.hr\/hr\/grupe-proizvoda\/komunikacije\/mrezni-pristupnik-mp-10\/\" class=\"menu-link\"><span class=\"ast-icon icon-arrow\"><svg class=\"ast-arrow-svg\" xmlns=\"http:\/\/www.w3.org\/2000\/svg\" xmlns:xlink=\"http:\/\/www.w3.org\/1999\/xlink\" version=\"1.1\" x=\"0px\" y=\"0px\" width=\"26px\" height=\"16.043px\" viewBox=\"57 35.171 26 16.043\" enable-background=\"new 57 35.171 26 16.043\" xml:space=\"preserve\">\n                <path d=\"M57.5,38.193l12.5,12.5l12.5-12.5l-2.5-2.5l-10,10l-10-10L57.5,38.193z\"\/>\n                <\/svg><\/span>Mre\u017eni pristupnik MP-10<\/a><\/li>\n\t<li id=\"menu-item-15072\" class=\"menu-item menu-item-type-custom menu-item-object-custom menu-item-15072\"><a href=\"https:\/\/www.iel.hr\/hr\/grupe-proizvoda\/komunikacije\/digitalni-komunikacijski-modul-di-com\/\" class=\"menu-link\"><span class=\"ast-icon icon-arrow\"><svg class=\"ast-arrow-svg\" xmlns=\"http:\/\/www.w3.org\/2000\/svg\" xmlns:xlink=\"http:\/\/www.w3.org\/1999\/xlink\" version=\"1.1\" x=\"0px\" y=\"0px\" width=\"26px\" height=\"16.043px\" viewBox=\"57 35.171 26 16.043\" enable-background=\"new 57 35.171 26 16.043\" xml:space=\"preserve\">\n                <path d=\"M57.5,38.193l12.5,12.5l12.5-12.5l-2.5-2.5l-10,10l-10-10L57.5,38.193z\"\/>\n                <\/svg><\/span>Digitalni komunikacijski modul DI-com<\/a><\/li>\n\t<li id=\"menu-item-15073\" class=\"menu-item menu-item-type-custom menu-item-object-custom menu-item-15073\"><a href=\"https:\/\/www.iel.hr\/hr\/grupe-proizvoda\/komunikacije\/gprs-modem-ggm-20\/\" class=\"menu-link\"><span class=\"ast-icon icon-arrow\"><svg class=\"ast-arrow-svg\" xmlns=\"http:\/\/www.w3.org\/2000\/svg\" xmlns:xlink=\"http:\/\/www.w3.org\/1999\/xlink\" version=\"1.1\" x=\"0px\" y=\"0px\" width=\"26px\" height=\"16.043px\" viewBox=\"57 35.171 26 16.043\" enable-background=\"new 57 35.171 26 16.043\" xml:space=\"preserve\">\n                <path d=\"M57.5,38.193l12.5,12.5l12.5-12.5l-2.5-2.5l-10,10l-10-10L57.5,38.193z\"\/>\n                <\/svg><\/span>GPRS modem GGM-20<\/a><\/li>\n\t<li id=\"menu-item-15074\" class=\"menu-item menu-item-type-custom menu-item-object-custom menu-item-15074\"><a href=\"https:\/\/www.iel.hr\/hr\/grupe-proizvoda\/komunikacije\/komunikacijski-terminal-kt-20\/\" class=\"menu-link\"><span class=\"ast-icon icon-arrow\"><svg class=\"ast-arrow-svg\" xmlns=\"http:\/\/www.w3.org\/2000\/svg\" xmlns:xlink=\"http:\/\/www.w3.org\/1999\/xlink\" version=\"1.1\" x=\"0px\" y=\"0px\" width=\"26px\" height=\"16.043px\" viewBox=\"57 35.171 26 16.043\" enable-background=\"new 57 35.171 26 16.043\" xml:space=\"preserve\">\n                <path d=\"M57.5,38.193l12.5,12.5l12.5-12.5l-2.5-2.5l-10,10l-10-10L57.5,38.193z\"\/>\n                <\/svg><\/span>Komunikacijski terminal KT-20<\/a><\/li>\n\t<li id=\"menu-item-15075\" class=\"menu-item menu-item-type-custom menu-item-object-custom menu-item-15075\"><a href=\"https:\/\/www.iel.hr\/hr\/grupe-proizvoda\/komunikacije\/koncentrator-mobilne-mreze-km2m\/\" class=\"menu-link\"><span class=\"ast-icon icon-arrow\"><svg class=\"ast-arrow-svg\" xmlns=\"http:\/\/www.w3.org\/2000\/svg\" xmlns:xlink=\"http:\/\/www.w3.org\/1999\/xlink\" version=\"1.1\" x=\"0px\" y=\"0px\" width=\"26px\" height=\"16.043px\" viewBox=\"57 35.171 26 16.043\" enable-background=\"new 57 35.171 26 16.043\" xml:space=\"preserve\">\n                <path d=\"M57.5,38.193l12.5,12.5l12.5-12.5l-2.5-2.5l-10,10l-10-10L57.5,38.193z\"\/>\n                <\/svg><\/span>Koncentrator mobilne mre\u017ee KM2M<\/a><\/li>\n\t<li id=\"menu-item-15076\" class=\"menu-item menu-item-type-custom menu-item-object-custom menu-item-15076\"><a href=\"https:\/\/www.iel.hr\/hr\/grupe-proizvoda\/komunikacije\/konvertor-protokola-brojila-kon-50\/\" class=\"menu-link\"><span class=\"ast-icon icon-arrow\"><svg class=\"ast-arrow-svg\" xmlns=\"http:\/\/www.w3.org\/2000\/svg\" xmlns:xlink=\"http:\/\/www.w3.org\/1999\/xlink\" version=\"1.1\" x=\"0px\" y=\"0px\" width=\"26px\" height=\"16.043px\" viewBox=\"57 35.171 26 16.043\" enable-background=\"new 57 35.171 26 16.043\" xml:space=\"preserve\">\n                <path d=\"M57.5,38.193l12.5,12.5l12.5-12.5l-2.5-2.5l-10,10l-10-10L57.5,38.193z\"\/>\n                <\/svg><\/span>Konvertor protokola brojila KON-50<\/a><\/li>\n\t<li id=\"menu-item-15077\" class=\"menu-item menu-item-type-custom menu-item-object-custom menu-item-15077\"><a href=\"https:\/\/www.iel.hr\/hr\/grupe-proizvoda\/komunikacije\/konvertor-serijskog-porta-na-ethernet-kon-30\/\" class=\"menu-link\"><span class=\"ast-icon icon-arrow\"><svg class=\"ast-arrow-svg\" xmlns=\"http:\/\/www.w3.org\/2000\/svg\" xmlns:xlink=\"http:\/\/www.w3.org\/1999\/xlink\" version=\"1.1\" x=\"0px\" y=\"0px\" width=\"26px\" height=\"16.043px\" viewBox=\"57 35.171 26 16.043\" enable-background=\"new 57 35.171 26 16.043\" xml:space=\"preserve\">\n                <path d=\"M57.5,38.193l12.5,12.5l12.5-12.5l-2.5-2.5l-10,10l-10-10L57.5,38.193z\"\/>\n                <\/svg><\/span>Konvertor serijskog porta na Ethernet KON-30<\/a><\/li>\n\t<li id=\"menu-item-15078\" class=\"menu-item menu-item-type-custom menu-item-object-custom menu-item-15078\"><a href=\"https:\/\/www.iel.hr\/hr\/grupe-proizvoda\/komunikacije\/konvertor-rs232-rs485-kon-20\/\" class=\"menu-link\"><span class=\"ast-icon icon-arrow\"><svg class=\"ast-arrow-svg\" xmlns=\"http:\/\/www.w3.org\/2000\/svg\" xmlns:xlink=\"http:\/\/www.w3.org\/1999\/xlink\" version=\"1.1\" x=\"0px\" y=\"0px\" width=\"26px\" height=\"16.043px\" viewBox=\"57 35.171 26 16.043\" enable-background=\"new 57 35.171 26 16.043\" xml:space=\"preserve\">\n                <path d=\"M57.5,38.193l12.5,12.5l12.5-12.5l-2.5-2.5l-10,10l-10-10L57.5,38.193z\"\/>\n                <\/svg><\/span>Konvertor RS232\/RS485 KON-20<\/a><\/li>\n\t<li id=\"menu-item-15079\" class=\"menu-item menu-item-type-custom menu-item-object-custom menu-item-15079\"><a href=\"https:\/\/www.iel.hr\/hr\/grupe-proizvoda\/komunikacije\/konvertor-f-o-rs485rs232-kon-10\/\" class=\"menu-link\"><span class=\"ast-icon icon-arrow\"><svg class=\"ast-arrow-svg\" xmlns=\"http:\/\/www.w3.org\/2000\/svg\" xmlns:xlink=\"http:\/\/www.w3.org\/1999\/xlink\" version=\"1.1\" x=\"0px\" y=\"0px\" width=\"26px\" height=\"16.043px\" viewBox=\"57 35.171 26 16.043\" enable-background=\"new 57 35.171 26 16.043\" xml:space=\"preserve\">\n                <path d=\"M57.5,38.193l12.5,12.5l12.5-12.5l-2.5-2.5l-10,10l-10-10L57.5,38.193z\"\/>\n                <\/svg><\/span>Konvertor F.O.\/RS485(RS232) KON-10<\/a><\/li>\n\t<li id=\"menu-item-15080\" class=\"menu-item menu-item-type-custom menu-item-object-custom menu-item-15080\"><a href=\"https:\/\/www.iel.hr\/hr\/grupe-proizvoda\/komunikacije\/zvjezdasta-spojka-star-10\/\" class=\"menu-link\"><span class=\"ast-icon icon-arrow\"><svg class=\"ast-arrow-svg\" xmlns=\"http:\/\/www.w3.org\/2000\/svg\" xmlns:xlink=\"http:\/\/www.w3.org\/1999\/xlink\" version=\"1.1\" x=\"0px\" y=\"0px\" width=\"26px\" height=\"16.043px\" viewBox=\"57 35.171 26 16.043\" enable-background=\"new 57 35.171 26 16.043\" xml:space=\"preserve\">\n                <path d=\"M57.5,38.193l12.5,12.5l12.5-12.5l-2.5-2.5l-10,10l-10-10L57.5,38.193z\"\/>\n                <\/svg><\/span>Zvjezdasta spojka STAR-10<\/a><\/li>\n\t<li id=\"menu-item-15081\" class=\"menu-item menu-item-type-custom menu-item-object-custom menu-item-15081\"><a href=\"https:\/\/www.iel.hr\/hr\/grupe-proizvoda\/komunikacije\/zvjezdasta-spojka-star-20\/\" class=\"menu-link\"><span class=\"ast-icon icon-arrow\"><svg class=\"ast-arrow-svg\" xmlns=\"http:\/\/www.w3.org\/2000\/svg\" xmlns:xlink=\"http:\/\/www.w3.org\/1999\/xlink\" version=\"1.1\" x=\"0px\" y=\"0px\" width=\"26px\" height=\"16.043px\" viewBox=\"57 35.171 26 16.043\" enable-background=\"new 57 35.171 26 16.043\" xml:space=\"preserve\">\n                <path d=\"M57.5,38.193l12.5,12.5l12.5-12.5l-2.5-2.5l-10,10l-10-10L57.5,38.193z\"\/>\n                <\/svg><\/span>Zvjezdasta spojka STAR-20<\/a><\/li>\n<\/ul>\n<\/li>\n<\/ul><\/ul><\/div>\t\t<\/div>\n\t\t\t\t<\/div>\n\t\t\t\t<\/div>\n\t\t<div class=\"elementor-element elementor-element-994da2d e-con-full e-flex e-con e-child\" data-id=\"994da2d\" data-element_type=\"container\">\n\t\t\t\t<div class=\"elementor-element elementor-element-9d30b41 elementor-widget elementor-widget-text-editor\" data-id=\"9d30b41\" data-element_type=\"widget\" data-widget_type=\"text-editor.default\">\n\t\t\t\t<div class=\"elementor-widget-container\">\n\t\t\t\t\t\t\t<p>Zvjezdasta spojka STAR-20 omogu\u0107uje zvjezdasto povezivanje distribuirane opreme opti\u010dkom komunikacijom na centralnu jedinicu. Ovisno o polo\u017eaju preklopke S2 zvjezdasta spojka STAR-20 mo\u017ee raditi u dva moda rada. Prvi mod preusmjerava podatke sa \u0161est opti\u010dkih ulaza na jednu RS485\/ RS232C komunikacijsku liniju. Drugi mod preusmjerava podatke sa pet opti\u010dkih kanala CH1-CH5 na kanal CH0. Uvjet je da svaka tzv.\u201dslave\u201d jedinica ima razli\u010ditu adresu. Ukoliko se \u017eeli koristiti vi\u0161e od \u0161est opti\u010dkih ulaza potrebno je povezati vi\u0161e (do 32 kom.) STAR-20 na jednu RS485 liniju. Na taj na\u010din dobiva se distribuirana zvjezdasta spojka sa vi\u0161e ulaza. Zvjezdasta spojka je predvi\u0111ena za upotrebu u energetskim i industrijskim postrojenjima, kao i u drugim objektima gdje omogu\u0107uje brz prijenos informacija neosjetljiv na smetnje.<\/p><ul><li>prijenos i konverzija neovisna o protokolu komunikacije<\/li><li>mogu\u0107e kaskadiranje zvjezdastih spojki (do 32 kom)<\/li><li>izbor brzine prijenosa od 9,6 kBd do 1,5Mbd pomo\u0107u DIP-preklopke S1 za RS485<\/li><li>opti\u010dka signalizacija spoja i rada opti\u010dkih linija<\/li><li>udaljenost prijenosa do 1500m uz multimodni 62,5\/125mm opti\u010dki kabel (G.F.O.) ili 60m uz multimodni 980\/1000mm opti\u010dki kabel (P.F.O.)<\/li><li>izbor napona napajanja spojke u \u0161irokom opsegu<\/li><li>male dimenzije, monta\u017ea na zid<\/li><\/ul>\t\t\t\t\t\t<\/div>\n\t\t\t\t<\/div>\n\t\t\t\t<div class=\"elementor-element elementor-element-608d984 elementor-widget elementor-widget-text-editor\" data-id=\"608d984\" data-element_type=\"widget\" data-widget_type=\"text-editor.default\">\n\t\t\t\t<div class=\"elementor-widget-container\">\n\t\t\t\t\t\t\t<img decoding=\"async\" class=\"alignnone size-full wp-image-402\" src=\"https:\/\/iel.hr\/wp-content\/uploads\/2024\/06\/ikona-info.png\" alt=\"\" width=\"32\" height=\"32\" \/><strong>Katalog <\/strong>je dostupan samo registriranim korisnicima\n\nRegistracija korisnika ili ulaz za registrirane korisnike\n\n<a style=\"color: #000;\" href=\"https:\/\/iel.hr\/zvjezdasta-spojka-star-20\/\" target=\"_blank\" rel=\"noopener\"><img decoding=\"async\" src=\"https:\/\/iel.hr\/wp-content\/uploads\/2024\/06\/pdf-katalozi-80x80-1.png\" alt=\"\" width=\"64\" height=\"64\" \/>katalo\u0161ki list<\/a>\t\t\t\t\t\t<\/div>\n\t\t\t\t<\/div>\n\t\t\t\t<\/div>\n\t\t<div class=\"elementor-element elementor-element-5285d04 e-con-full e-flex e-con e-child\" data-id=\"5285d04\" data-element_type=\"container\">\n\t\t\t\t<div class=\"elementor-element elementor-element-746ebf2 elementor-widget elementor-widget-image\" data-id=\"746ebf2\" data-element_type=\"widget\" data-widget_type=\"image.default\">\n\t\t\t\t<div class=\"elementor-widget-container\">\n\t\t\t\t\t\t\t\t\t\t\t\t\t\t<a href=\"https:\/\/iel.hr\/iel\/wp-content\/uploads\/2024\/04\/EN-STAR-20-star-coupler-768x562-1.jpg\" data-elementor-open-lightbox=\"yes\" data-elementor-lightbox-title=\"EN-STAR-20-star-coupler-768x562\" data-e-action-hash=\"#elementor-action%3Aaction%3Dlightbox%26settings%3DeyJpZCI6NDA1MCwidXJsIjoiaHR0cHM6XC9cL3d3dy5pZWwuaHJcL3dwLWNvbnRlbnRcL3VwbG9hZHNcLzIwMjRcLzA0XC9FTi1TVEFSLTIwLXN0YXItY291cGxlci03Njh4NTYyLTEuanBnIn0%3D\">\n\t\t\t\t\t\t\t<img fetchpriority=\"high\" decoding=\"async\" width=\"768\" height=\"562\" src=\"https:\/\/www.iel.hr\/wp-content\/uploads\/2024\/04\/EN-STAR-20-star-coupler-768x562-1.jpg\" class=\"attachment-large size-large wp-image-4050\" alt=\"\" srcset=\"https:\/\/www.iel.hr\/wp-content\/uploads\/2024\/04\/EN-STAR-20-star-coupler-768x562-1.jpg 768w, https:\/\/www.iel.hr\/wp-content\/uploads\/2024\/04\/EN-STAR-20-star-coupler-768x562-1-600x439.jpg 600w, https:\/\/www.iel.hr\/wp-content\/uploads\/2024\/04\/EN-STAR-20-star-coupler-768x562-1-300x220.jpg 300w\" sizes=\"(max-width: 768px) 100vw, 768px\" \/>\t\t\t\t\t\t\t\t<\/a>\n\t\t\t\t\t\t\t\t\t\t\t\t\t<\/div>\n\t\t\t\t<\/div>\n\t\t\t\t<\/div>\n\t\t\t\t\t<\/div>\n\t\t\t\t<\/div>\n\t\t\t\t<\/div>\n\t\t","protected":false},"excerpt":{"rendered":"<p>Zvjezdasta spojka STAR-20 IEL Grupe proizvoda Komunikacije Zvjezdasta spojka STAR-20 Zvjezdasta spojka STAR-20 omogu\u0107uje zvjezdasto povezivanje distribuirane opreme opti\u010dkom komunikacijom na centralnu jedinicu. Ovisno o polo\u017eaju preklopke S2 zvjezdasta spojka STAR-20 mo\u017ee raditi u dva moda rada. Prvi mod preusmjerava podatke sa \u0161est opti\u010dkih ulaza na jednu RS485\/ RS232C komunikacijsku liniju. Drugi mod preusmjerava podatke [&hellip;]<\/p>\n","protected":false},"author":1,"featured_media":0,"parent":9757,"menu_order":0,"comment_status":"closed","ping_status":"closed","template":"","meta":{"site-sidebar-layout":"no-sidebar","site-content-layout":"page-builder","ast-site-content-layout":"full-width-container","site-content-style":"default","site-sidebar-style":"default","ast-global-header-display":"","ast-banner-title-visibility":"","ast-main-header-display":"","ast-hfb-above-header-display":"","ast-hfb-below-header-display":"","ast-hfb-mobile-header-display":"","site-post-title":"disabled","ast-breadcrumbs-content":"","ast-featured-img":"disabled","footer-sml-layout":"","theme-transparent-header-meta":"default","adv-header-id-meta":"","stick-header-meta":"","header-above-stick-meta":"","header-main-stick-meta":"","header-below-stick-meta":"","astra-migrate-meta-layouts":"set","ast-page-background-enabled":"default","ast-page-background-meta":{"desktop":{"background-color":"","background-image":"","background-repeat":"repeat","background-position":"center center","background-size":"auto","background-attachment":"scroll","background-type":"","background-media":"","overlay-type":"","overlay-color":"","overlay-gradient":""},"tablet":{"background-color":"","background-image":"","background-repeat":"repeat","background-position":"center center","background-size":"auto","background-attachment":"scroll","background-type":"","background-media":"","overlay-type":"","overlay-color":"","overlay-gradient":""},"mobile":{"background-color":"","background-image":"","background-repeat":"repeat","background-position":"center center","background-size":"auto","background-attachment":"scroll","background-type":"","background-media":"","overlay-type":"","overlay-color":"","overlay-gradient":""}},"ast-content-background-meta":{"desktop":{"background-color":"var(--ast-global-color-5)","background-image":"","background-repeat":"repeat","background-position":"center center","background-size":"auto","background-attachment":"scroll","background-type":"","background-media":"","overlay-type":"","overlay-color":"","overlay-gradient":""},"tablet":{"background-color":"var(--ast-global-color-5)","background-image":"","background-repeat":"repeat","background-position":"center center","background-size":"auto","background-attachment":"scroll","background-type":"","background-media":"","overlay-type":"","overlay-color":"","overlay-gradient":""},"mobile":{"background-color":"var(--ast-global-color-5)","background-image":"","background-repeat":"repeat","background-position":"center center","background-size":"auto","background-attachment":"scroll","background-type":"","background-media":"","overlay-type":"","overlay-color":"","overlay-gradient":""}},"footnotes":""},"class_list":["post-9989","page","type-page","status-publish","hentry"],"_links":{"self":[{"href":"https:\/\/www.iel.hr\/hr\/wp-json\/wp\/v2\/pages\/9989","targetHints":{"allow":["GET"]}}],"collection":[{"href":"https:\/\/www.iel.hr\/hr\/wp-json\/wp\/v2\/pages"}],"about":[{"href":"https:\/\/www.iel.hr\/hr\/wp-json\/wp\/v2\/types\/page"}],"author":[{"embeddable":true,"href":"https:\/\/www.iel.hr\/hr\/wp-json\/wp\/v2\/users\/1"}],"replies":[{"embeddable":true,"href":"https:\/\/www.iel.hr\/hr\/wp-json\/wp\/v2\/comments?post=9989"}],"version-history":[{"count":0,"href":"https:\/\/www.iel.hr\/hr\/wp-json\/wp\/v2\/pages\/9989\/revisions"}],"up":[{"embeddable":true,"href":"https:\/\/www.iel.hr\/hr\/wp-json\/wp\/v2\/pages\/9757"}],"wp:attachment":[{"href":"https:\/\/www.iel.hr\/hr\/wp-json\/wp\/v2\/media?parent=9989"}],"curies":[{"name":"wp","href":"https:\/\/api.w.org\/{rel}","templated":true}]}}