{"id":9651,"date":"2024-06-11T05:47:32","date_gmt":"2024-06-11T05:47:32","guid":{"rendered":"https:\/\/www.iel.hr\/?page_id=9651"},"modified":"2024-06-21T12:13:03","modified_gmt":"2024-06-21T12:13:03","slug":"mjerni-terminal-mt-30s","status":"publish","type":"page","link":"https:\/\/www.iel.hr\/hr\/grupe-proizvoda\/nadzor-kvalitete-energije\/sustav-nadzora-kvalitete-elektricne-energije\/mjerni-terminal-mt-30s\/","title":{"rendered":"Mjerni terminal MT-30S"},"content":{"rendered":"\t\t<div data-elementor-type=\"wp-page\" data-elementor-id=\"9651\" class=\"elementor elementor-9651\">\n\t\t\t\t\t\t<section class=\"elementor-section elementor-top-section elementor-element elementor-element-7775d2a elementor-section-boxed elementor-section-height-default elementor-section-height-default\" data-id=\"7775d2a\" data-element_type=\"section\" data-settings=\"{&quot;background_background&quot;:&quot;classic&quot;}\">\n\t\t\t\t\t\t\t<div class=\"elementor-background-overlay\"><\/div>\n\t\t\t\t\t\t\t<div class=\"elementor-container elementor-column-gap-default\">\n\t\t\t\t\t<div class=\"elementor-column elementor-col-100 elementor-top-column elementor-element elementor-element-57d2ee9\" data-id=\"57d2ee9\" data-element_type=\"column\">\n\t\t\t<div class=\"elementor-widget-wrap elementor-element-populated\">\n\t\t\t\t\t\t<div class=\"elementor-element elementor-element-c29c99c elementor-widget elementor-widget-heading\" data-id=\"c29c99c\" data-element_type=\"widget\" data-widget_type=\"heading.default\">\n\t\t\t\t<div class=\"elementor-widget-container\">\n\t\t\t<h2 class=\"elementor-heading-title elementor-size-default\">Mjerni terminal MT-30S\n<\/h2>\t\t<\/div>\n\t\t\t\t<\/div>\n\t\t\t\t<div class=\"elementor-element elementor-element-777ec3c elementor-icon-list--layout-inline elementor-list-item-link-full_width elementor-widget elementor-widget-icon-list\" data-id=\"777ec3c\" data-element_type=\"widget\" data-widget_type=\"icon-list.default\">\n\t\t\t\t<div class=\"elementor-widget-container\">\n\t\t\t\t\t<ul class=\"elementor-icon-list-items elementor-inline-items\">\n\t\t\t\t\t\t\t<li class=\"elementor-icon-list-item elementor-inline-item\">\n\t\t\t\t\t\t\t\t\t\t\t<a href=\"https:\/\/iel.hr\/iel\">\n\n\t\t\t\t\t\t\t\t\t\t\t<span class=\"elementor-icon-list-text\">IEL<\/span>\n\t\t\t\t\t\t\t\t\t\t\t<\/a>\n\t\t\t\t\t\t\t\t\t<\/li>\n\t\t\t\t\t\t\t\t<li class=\"elementor-icon-list-item elementor-inline-item\">\n\t\t\t\t\t\t\t\t\t\t\t<a href=\"https:\/\/iel.hr\/iel\/hr\/grupe-proizvoda\/\">\n\n\t\t\t\t\t\t\t\t\t\t\t<span class=\"elementor-icon-list-text\">Grupe proizvoda<\/span>\n\t\t\t\t\t\t\t\t\t\t\t<\/a>\n\t\t\t\t\t\t\t\t\t<\/li>\n\t\t\t\t\t\t\t\t<li class=\"elementor-icon-list-item elementor-inline-item\">\n\t\t\t\t\t\t\t\t\t\t\t<a href=\"https:\/\/iel.hr\/iel\/hr\/grupe-proizvoda\/nadzor-kvalitete-energije\/\">\n\n\t\t\t\t\t\t\t\t\t\t\t<span class=\"elementor-icon-list-text\">Nadzor kvalitete energije<\/span>\n\t\t\t\t\t\t\t\t\t\t\t<\/a>\n\t\t\t\t\t\t\t\t\t<\/li>\n\t\t\t\t\t\t\t\t<li class=\"elementor-icon-list-item elementor-inline-item\">\n\t\t\t\t\t\t\t\t\t\t\t<a href=\"https:\/\/iel.hr\/iel\/hr\/grupe-proizvoda\/nadzor-kvalitete-energije\/sustav-nadzora-kvalitete-elektricne-energije\/\">\n\n\t\t\t\t\t\t\t\t\t\t\t<span class=\"elementor-icon-list-text\">Sustav nadzora kvalitete elektri\u010dne energije<\/span>\n\t\t\t\t\t\t\t\t\t\t\t<\/a>\n\t\t\t\t\t\t\t\t\t<\/li>\n\t\t\t\t\t\t\t\t<li class=\"elementor-icon-list-item elementor-inline-item\">\n\t\t\t\t\t\t\t\t\t\t<span class=\"elementor-icon-list-text\">Mjerni terminal MT-30S<\/span>\n\t\t\t\t\t\t\t\t\t<\/li>\n\t\t\t\t\t\t<\/ul>\n\t\t\t\t<\/div>\n\t\t\t\t<\/div>\n\t\t\t\t\t<\/div>\n\t\t<\/div>\n\t\t\t\t\t<\/div>\n\t\t<\/section>\n\t\t<div class=\"elementor-element elementor-element-166b770 e-flex e-con-boxed e-con e-parent\" data-id=\"166b770\" data-element_type=\"container\">\n\t\t\t\t\t<div class=\"e-con-inner\">\n\t\t<div class=\"elementor-element elementor-element-1e5f748 e-con-full e-flex e-con e-child\" data-id=\"1e5f748\" data-element_type=\"container\">\n\t\t\t\t<div class=\"elementor-element elementor-element-df31b43 elementor-widget elementor-widget-sidebar\" data-id=\"df31b43\" data-element_type=\"widget\" data-widget_type=\"sidebar.default\">\n\t\t\t\t<div class=\"elementor-widget-container\">\n\t\t\t<div class=\"ywcca_container ywcca_widget_container_style_1\"><h3 class=\"ywcca_widget_title\">Nadzor kvalitete energije<\/h3><ul class=\"ywcca_category_accordion_widget category_menu_accordion\" data-highlight_curr_cat=\"on\" data-ywcca_style=\"style_1\" data-ywcca_orderby=\"\" data-ywcca_order=\"\"><ul id=\"menu-nadzor-kvalitete-energije\" class=\"ywcca-menu\"><li id=\"menu-item-15096\" class=\"menu-item menu-item-type-custom menu-item-object-custom menu-item-has-children menu-item-15096\"><a href=\"https:\/\/www.iel.hr\/hr\/grupe-proizvoda\/nadzor-kvalitete-energije\/sustav-nadzora-kvalitete-elektricne-energije\/\" class=\"menu-link\">Sustav nadzora kvalitete elektri\u010dne energije<span role=\"application\" class=\"dropdown-menu-toggle ast-header-navigation-arrow\" tabindex=\"0\" aria-expanded=\"false\" aria-label=\"Menu Toggle\" ><span class=\"ast-icon icon-arrow\"><svg class=\"ast-arrow-svg\" xmlns=\"http:\/\/www.w3.org\/2000\/svg\" xmlns:xlink=\"http:\/\/www.w3.org\/1999\/xlink\" version=\"1.1\" x=\"0px\" y=\"0px\" width=\"26px\" height=\"16.043px\" viewBox=\"57 35.171 26 16.043\" enable-background=\"new 57 35.171 26 16.043\" xml:space=\"preserve\">\n                <path d=\"M57.5,38.193l12.5,12.5l12.5-12.5l-2.5-2.5l-10,10l-10-10L57.5,38.193z\"\/>\n                <\/svg><\/span><\/span><\/a>\n<ul class=\"ywcca-sub-menu\">\n\t<li id=\"menu-item-15105\" class=\"menu-item menu-item-type-custom menu-item-object-custom menu-item-15105\"><a href=\"https:\/\/www.iel.hr\/hr\/grupe-proizvoda\/nadzor-kvalitete-energije\/sustav-nadzora-kvalitete-elektricne-energije\/integrirani-sustav-nadzora-kvalitete-elektricne-energije-ipqs\/\" class=\"menu-link\"><span class=\"ast-icon icon-arrow\"><svg class=\"ast-arrow-svg\" xmlns=\"http:\/\/www.w3.org\/2000\/svg\" xmlns:xlink=\"http:\/\/www.w3.org\/1999\/xlink\" version=\"1.1\" x=\"0px\" y=\"0px\" width=\"26px\" height=\"16.043px\" viewBox=\"57 35.171 26 16.043\" enable-background=\"new 57 35.171 26 16.043\" xml:space=\"preserve\">\n                <path d=\"M57.5,38.193l12.5,12.5l12.5-12.5l-2.5-2.5l-10,10l-10-10L57.5,38.193z\"\/>\n                <\/svg><\/span>Integrirani sustav nadzora kvalitete elektri\u010dne energije IPQS<\/a><\/li>\n\t<li id=\"menu-item-15106\" class=\"menu-item menu-item-type-custom menu-item-object-custom menu-item-15106\"><a href=\"https:\/\/www.iel.hr\/hr\/grupe-proizvoda\/nadzor-kvalitete-energije\/sustav-nadzora-kvalitete-elektricne-energije\/sustav-nadzora-kvalitete-elektricne-energije-mtpqs\/\" class=\"menu-link\"><span class=\"ast-icon icon-arrow\"><svg class=\"ast-arrow-svg\" xmlns=\"http:\/\/www.w3.org\/2000\/svg\" xmlns:xlink=\"http:\/\/www.w3.org\/1999\/xlink\" version=\"1.1\" x=\"0px\" y=\"0px\" width=\"26px\" height=\"16.043px\" viewBox=\"57 35.171 26 16.043\" enable-background=\"new 57 35.171 26 16.043\" xml:space=\"preserve\">\n                <path d=\"M57.5,38.193l12.5,12.5l12.5-12.5l-2.5-2.5l-10,10l-10-10L57.5,38.193z\"\/>\n                <\/svg><\/span>Sustav nadzora kvalitete elektri\u010dne energije MTPQS<\/a><\/li>\n\t<li id=\"menu-item-15107\" class=\"menu-item menu-item-type-custom menu-item-object-custom menu-item-15107\"><a href=\"https:\/\/www.iel.hr\/hr\/grupe-proizvoda\/nadzor-kvalitete-energije\/sustav-nadzora-kvalitete-elektricne-energije\/programski-paket-pq-vision\/\" class=\"menu-link\"><span class=\"ast-icon icon-arrow\"><svg class=\"ast-arrow-svg\" xmlns=\"http:\/\/www.w3.org\/2000\/svg\" xmlns:xlink=\"http:\/\/www.w3.org\/1999\/xlink\" version=\"1.1\" x=\"0px\" y=\"0px\" width=\"26px\" height=\"16.043px\" viewBox=\"57 35.171 26 16.043\" enable-background=\"new 57 35.171 26 16.043\" xml:space=\"preserve\">\n                <path d=\"M57.5,38.193l12.5,12.5l12.5-12.5l-2.5-2.5l-10,10l-10-10L57.5,38.193z\"\/>\n                <\/svg><\/span>Programski paket PQ VISION<\/a><\/li>\n\t<li id=\"menu-item-15108\" class=\"menu-item menu-item-type-custom menu-item-object-custom menu-item-15108\"><a href=\"https:\/\/www.iel.hr\/hr\/grupe-proizvoda\/nadzor-kvalitete-energije\/sustav-nadzora-kvalitete-elektricne-energije\/programski-paket-mt-quality\/\" class=\"menu-link\"><span class=\"ast-icon icon-arrow\"><svg class=\"ast-arrow-svg\" xmlns=\"http:\/\/www.w3.org\/2000\/svg\" xmlns:xlink=\"http:\/\/www.w3.org\/1999\/xlink\" version=\"1.1\" x=\"0px\" y=\"0px\" width=\"26px\" height=\"16.043px\" viewBox=\"57 35.171 26 16.043\" enable-background=\"new 57 35.171 26 16.043\" xml:space=\"preserve\">\n                <path d=\"M57.5,38.193l12.5,12.5l12.5-12.5l-2.5-2.5l-10,10l-10-10L57.5,38.193z\"\/>\n                <\/svg><\/span>Programski paket MT QUALITY<\/a><\/li>\n\t<li id=\"menu-item-15109\" class=\"menu-item menu-item-type-custom menu-item-object-custom menu-item-15109\"><a href=\"https:\/\/www.iel.hr\/hr\/grupe-proizvoda\/nadzor-kvalitete-energije\/sustav-nadzora-kvalitete-elektricne-energije\/programski-paket-mt-dialog-3\/\" class=\"menu-link\"><span class=\"ast-icon icon-arrow\"><svg class=\"ast-arrow-svg\" xmlns=\"http:\/\/www.w3.org\/2000\/svg\" xmlns:xlink=\"http:\/\/www.w3.org\/1999\/xlink\" version=\"1.1\" x=\"0px\" y=\"0px\" width=\"26px\" height=\"16.043px\" viewBox=\"57 35.171 26 16.043\" enable-background=\"new 57 35.171 26 16.043\" xml:space=\"preserve\">\n                <path d=\"M57.5,38.193l12.5,12.5l12.5-12.5l-2.5-2.5l-10,10l-10-10L57.5,38.193z\"\/>\n                <\/svg><\/span>Programski paket MT DIALOG 3<\/a><\/li>\n\t<li id=\"menu-item-15113\" class=\"menu-item menu-item-type-custom menu-item-object-custom menu-item-15113\"><a href=\"https:\/\/www.iel.hr\/hr\/grupe-proizvoda\/nadzor-kvalitete-energije\/sustav-nadzora-kvalitete-elektricne-energije\/mjerni-terminal-mt-50\/\" class=\"menu-link\"><span class=\"ast-icon icon-arrow\"><svg class=\"ast-arrow-svg\" xmlns=\"http:\/\/www.w3.org\/2000\/svg\" xmlns:xlink=\"http:\/\/www.w3.org\/1999\/xlink\" version=\"1.1\" x=\"0px\" y=\"0px\" width=\"26px\" height=\"16.043px\" viewBox=\"57 35.171 26 16.043\" enable-background=\"new 57 35.171 26 16.043\" xml:space=\"preserve\">\n                <path d=\"M57.5,38.193l12.5,12.5l12.5-12.5l-2.5-2.5l-10,10l-10-10L57.5,38.193z\"\/>\n                <\/svg><\/span>Mjerni terminal MT-50<\/a><\/li>\n\t<li id=\"menu-item-15114\" class=\"menu-item menu-item-type-custom menu-item-object-custom menu-item-15114\"><a href=\"https:\/\/www.iel.hr\/hr\/grupe-proizvoda\/nadzor-kvalitete-energije\/sustav-nadzora-kvalitete-elektricne-energije\/mjerni-terminal-mt-40s\/\" class=\"menu-link\"><span class=\"ast-icon icon-arrow\"><svg class=\"ast-arrow-svg\" xmlns=\"http:\/\/www.w3.org\/2000\/svg\" xmlns:xlink=\"http:\/\/www.w3.org\/1999\/xlink\" version=\"1.1\" x=\"0px\" y=\"0px\" width=\"26px\" height=\"16.043px\" viewBox=\"57 35.171 26 16.043\" enable-background=\"new 57 35.171 26 16.043\" xml:space=\"preserve\">\n                <path d=\"M57.5,38.193l12.5,12.5l12.5-12.5l-2.5-2.5l-10,10l-10-10L57.5,38.193z\"\/>\n                <\/svg><\/span>Mjerni terminal MT-40S<\/a><\/li>\n\t<li id=\"menu-item-15115\" class=\"menu-item menu-item-type-custom menu-item-object-custom menu-item-15115\"><a href=\"https:\/\/www.iel.hr\/hr\/grupe-proizvoda\/nadzor-kvalitete-energije\/sustav-nadzora-kvalitete-elektricne-energije\/mjerni-terminal-mt-40\/\" class=\"menu-link\"><span class=\"ast-icon icon-arrow\"><svg class=\"ast-arrow-svg\" xmlns=\"http:\/\/www.w3.org\/2000\/svg\" xmlns:xlink=\"http:\/\/www.w3.org\/1999\/xlink\" version=\"1.1\" x=\"0px\" y=\"0px\" width=\"26px\" height=\"16.043px\" viewBox=\"57 35.171 26 16.043\" enable-background=\"new 57 35.171 26 16.043\" xml:space=\"preserve\">\n                <path d=\"M57.5,38.193l12.5,12.5l12.5-12.5l-2.5-2.5l-10,10l-10-10L57.5,38.193z\"\/>\n                <\/svg><\/span>Mjerni terminal MT-40<\/a><\/li>\n\t<li id=\"menu-item-15116\" class=\"menu-item menu-item-type-custom menu-item-object-custom menu-item-15116\"><a href=\"https:\/\/www.iel.hr\/hr\/grupe-proizvoda\/nadzor-kvalitete-energije\/sustav-nadzora-kvalitete-elektricne-energije\/mjerni-terminal-mt-30s\/\" class=\"menu-link\"><span class=\"ast-icon icon-arrow\"><svg class=\"ast-arrow-svg\" xmlns=\"http:\/\/www.w3.org\/2000\/svg\" xmlns:xlink=\"http:\/\/www.w3.org\/1999\/xlink\" version=\"1.1\" x=\"0px\" y=\"0px\" width=\"26px\" height=\"16.043px\" viewBox=\"57 35.171 26 16.043\" enable-background=\"new 57 35.171 26 16.043\" xml:space=\"preserve\">\n                <path d=\"M57.5,38.193l12.5,12.5l12.5-12.5l-2.5-2.5l-10,10l-10-10L57.5,38.193z\"\/>\n                <\/svg><\/span>Mjerni terminal MT-30S<\/a><\/li>\n\t<li id=\"menu-item-15117\" class=\"menu-item menu-item-type-custom menu-item-object-custom menu-item-15117\"><a href=\"https:\/\/www.iel.hr\/hr\/grupe-proizvoda\/nadzor-kvalitete-energije\/sustav-nadzora-kvalitete-elektricne-energije\/mjerni-terminal-mt-20s\/\" class=\"menu-link\"><span class=\"ast-icon icon-arrow\"><svg class=\"ast-arrow-svg\" xmlns=\"http:\/\/www.w3.org\/2000\/svg\" xmlns:xlink=\"http:\/\/www.w3.org\/1999\/xlink\" version=\"1.1\" x=\"0px\" y=\"0px\" width=\"26px\" height=\"16.043px\" viewBox=\"57 35.171 26 16.043\" enable-background=\"new 57 35.171 26 16.043\" xml:space=\"preserve\">\n                <path d=\"M57.5,38.193l12.5,12.5l12.5-12.5l-2.5-2.5l-10,10l-10-10L57.5,38.193z\"\/>\n                <\/svg><\/span>Mjerni terminal MT-20S<\/a><\/li>\n\t<li id=\"menu-item-15118\" class=\"menu-item menu-item-type-custom menu-item-object-custom menu-item-15118\"><a href=\"https:\/\/www.iel.hr\/hr\/grupe-proizvoda\/nadzor-kvalitete-energije\/sustav-nadzora-kvalitete-elektricne-energije\/mjerni-terminal-mt-10sq\/\" class=\"menu-link\"><span class=\"ast-icon icon-arrow\"><svg class=\"ast-arrow-svg\" xmlns=\"http:\/\/www.w3.org\/2000\/svg\" xmlns:xlink=\"http:\/\/www.w3.org\/1999\/xlink\" version=\"1.1\" x=\"0px\" y=\"0px\" width=\"26px\" height=\"16.043px\" viewBox=\"57 35.171 26 16.043\" enable-background=\"new 57 35.171 26 16.043\" xml:space=\"preserve\">\n                <path d=\"M57.5,38.193l12.5,12.5l12.5-12.5l-2.5-2.5l-10,10l-10-10L57.5,38.193z\"\/>\n                <\/svg><\/span>Mjerni terminal MT-10SQ<\/a><\/li>\n<\/ul>\n<\/li>\n<\/ul><\/ul><\/div>\t\t<\/div>\n\t\t\t\t<\/div>\n\t\t\t\t<\/div>\n\t\t<div class=\"elementor-element elementor-element-e3bc90a e-con-full e-flex e-con e-child\" data-id=\"e3bc90a\" data-element_type=\"container\">\n\t\t\t\t<div class=\"elementor-element elementor-element-0a6e99d elementor-widget elementor-widget-text-editor\" data-id=\"0a6e99d\" data-element_type=\"widget\" data-widget_type=\"text-editor.default\">\n\t\t\t\t<div class=\"elementor-widget-container\">\n\t\t\t\t\t\t\tMjerni terminali serije MT-30 namijenjeni su za mjerenje, nadzor, registraciju i analizu kvalitete energetskih veli\u010dina u sustavima proizvodnje, distribucije i prijenosa energije. Brzim uzorkovanjem mjernih veli\u010dina struja i napona procesor izra\u010dunava prave efektivne vrijednosti (true RMS) struja, napona, snaga, energija, faktor snage i frekvencije. Osim mjerenja trenutnih vrijednosti elektri\u010dnih veli\u010dina procesor izra\u010dunava maksimalne, srednje i minimalne vrijednosti struja, napona, snaga u vremenskom intervalu (MD) te registrira navedene veli\u010dine.\n\n\t\t\t\t\t\t<\/div>\n\t\t\t\t<\/div>\n\t\t\t\t<div class=\"elementor-element elementor-element-24252a9 elementor-widget elementor-widget-text-editor\" data-id=\"24252a9\" data-element_type=\"widget\" data-widget_type=\"text-editor.default\">\n\t\t\t\t<div class=\"elementor-widget-container\">\n\t\t\t\t\t\t\tU skladu sa Euro normom EN 50160 i standardom IEC 61000-4-30 klasa A analizira kvalitetu elektri\u010dnih parametra mre\u017ee (harmonijska izobli\u010denja, sadr\u017eaj harmonika, nadvi\u0161enja i propade napona, treperenje napona, asimetri\u010dnost itd) zbog kontrole realizacije ugovornih odnosa prodaje odnosno kupnje elektri\u010dne energije . Pomo\u0107u grafi\u010dkog LCD pokaziva\u010da informacije o stanju pojedinog dijela mre\u017ee dostupne su lokalno. \u010cetiri komunikacijske linije i Sustavi za nadzor kvalitete energije MTPQS ili IPQS omogu\u0107uje kompletan daljinski nadzor kvalitete mre\u017ee.\n\n\t\t\t\t\t\t<\/div>\n\t\t\t\t<\/div>\n\t\t\t\t<div class=\"elementor-element elementor-element-feb3b6a elementor-widget elementor-widget-text-editor\" data-id=\"feb3b6a\" data-element_type=\"widget\" data-widget_type=\"text-editor.default\">\n\t\t\t\t<div class=\"elementor-widget-container\">\n\t\t\t\t\t\t\t<ul>\n<li>mjerenje trenutnih vrijednosti (true RMS) struja, napona, frekvencije, snage, faktora snage<\/li>\n<li>mjerenje i analiza energija (EP, EQ) po tarifama<\/li>\n<li>mjerenje harmonijskih komponenti struja i napona (do 50. harmonika) i harmonijskih izobli\u010denja <\/li>\n<li>mjerenje i analiza kvalitete energije u skladu sa Euro normom EN 50160, IEC 61000-4-30 klasa A, IEC 61000-4-7, IEC 61000-4-15<\/li>\n<li>registracija vr\u0161nih, srednjih i minimalnih vrijednosti struja, napona, snage, energije sa vremenskom oznakom<\/li>\n<li>registracija radne i jalove energije po tarifama i ukupno (do \u010detiri tarife)<\/li>\n<li>velika fleksibilnost za registraciju mjernih veli\u010dina u SD karticu kapaciteta do 8GB<\/li>\n<li>4 digitalna ulaza za nadzor statusa ili brojanje impulsa<\/li>\n<li>4 digitalna izlaza za upravljanje ili impulsni izlazi<\/li>\n<li>4 analogna izlaza<\/li>\n<li>MT-DIALOG 3 za parametrizaciju, analizu MT-30<\/li>\n<li>MT-QUALITY, IPQS programi za prikupljanje, analizu i razmjenu podataka sa ekspertnim sustavom<\/li>\n<li>dva konfigurabilna porta RS232\/RS485\/F.O. za: komunikaciju sa sustavima mjerenja, nadzora i upravljanja i is\u010ditavanje podataka <\/li>\n<li>10\/100 Base-Tx (Fx) Ethernet port za komunikaciju sa LAN\/WAN mre\u017eom i Info terminalom ITK-20<\/li>\n<li>is\u010ditavanje podataka sa prednje strane ure\u0111aja pomo\u0107u ru\u010dnog terminala RT-SQ<\/li>\n<\/ul>\t\t\t\t\t\t<\/div>\n\t\t\t\t<\/div>\n\t\t\t\t<\/div>\n\t\t<div class=\"elementor-element elementor-element-92ae4d3 e-con-full e-flex e-con e-child\" data-id=\"92ae4d3\" data-element_type=\"container\">\n\t\t\t\t<div class=\"elementor-element elementor-element-d7167f9 elementor-widget elementor-widget-image\" data-id=\"d7167f9\" data-element_type=\"widget\" data-widget_type=\"image.default\">\n\t\t\t\t<div class=\"elementor-widget-container\">\n\t\t\t\t\t\t\t\t\t\t\t\t\t\t<a href=\"https:\/\/iel.hr\/iel\/wp-content\/uploads\/2024\/06\/MT-30S-mjerni-terminal-650x303-3.jpg\" data-elementor-open-lightbox=\"yes\" data-elementor-lightbox-title=\"MT-30S-mjerni-terminal-650x303\" data-e-action-hash=\"#elementor-action%3Aaction%3Dlightbox%26settings%3DeyJpZCI6OTY1NywidXJsIjoiaHR0cHM6XC9cL3d3dy5pZWwuaHJcL3dwLWNvbnRlbnRcL3VwbG9hZHNcLzIwMjRcLzA2XC9NVC0zMFMtbWplcm5pLXRlcm1pbmFsLTY1MHgzMDMtMy5qcGcifQ%3D%3D\">\n\t\t\t\t\t\t\t<img fetchpriority=\"high\" decoding=\"async\" width=\"650\" height=\"303\" src=\"https:\/\/www.iel.hr\/wp-content\/uploads\/2024\/06\/MT-30S-mjerni-terminal-650x303-3.jpg\" class=\"attachment-large size-large wp-image-9657\" alt=\"\" srcset=\"https:\/\/www.iel.hr\/wp-content\/uploads\/2024\/06\/MT-30S-mjerni-terminal-650x303-3.jpg 650w, https:\/\/www.iel.hr\/wp-content\/uploads\/2024\/06\/MT-30S-mjerni-terminal-650x303-3-300x140.jpg 300w, https:\/\/www.iel.hr\/wp-content\/uploads\/2024\/06\/MT-30S-mjerni-terminal-650x303-3-600x280.jpg 600w\" sizes=\"(max-width: 650px) 100vw, 650px\" \/>\t\t\t\t\t\t\t\t<\/a>\n\t\t\t\t\t\t\t\t\t\t\t\t\t<\/div>\n\t\t\t\t<\/div>\n\t\t\t\t<\/div>\n\t\t\t\t\t<\/div>\n\t\t\t\t<\/div>\n\t\t\t\t<\/div>\n\t\t","protected":false},"excerpt":{"rendered":"<p>Mjerni terminal MT-30S IEL Grupe proizvoda Nadzor kvalitete energije Sustav nadzora kvalitete elektri\u010dne energije Mjerni terminal MT-30S Mjerni terminali serije MT-30 namijenjeni su za mjerenje, nadzor, registraciju i analizu kvalitete energetskih veli\u010dina u sustavima proizvodnje, distribucije i prijenosa energije. Brzim uzorkovanjem mjernih veli\u010dina struja i napona procesor izra\u010dunava prave efektivne vrijednosti (true RMS) struja, napona, [&hellip;]<\/p>\n","protected":false},"author":1,"featured_media":0,"parent":9534,"menu_order":0,"comment_status":"closed","ping_status":"closed","template":"","meta":{"site-sidebar-layout":"no-sidebar","site-content-layout":"page-builder","ast-site-content-layout":"full-width-container","site-content-style":"default","site-sidebar-style":"default","ast-global-header-display":"","ast-banner-title-visibility":"","ast-main-header-display":"","ast-hfb-above-header-display":"","ast-hfb-below-header-display":"","ast-hfb-mobile-header-display":"","site-post-title":"disabled","ast-breadcrumbs-content":"","ast-featured-img":"disabled","footer-sml-layout":"","theme-transparent-header-meta":"default","adv-header-id-meta":"","stick-header-meta":"","header-above-stick-meta":"","header-main-stick-meta":"","header-below-stick-meta":"","astra-migrate-meta-layouts":"set","ast-page-background-enabled":"default","ast-page-background-meta":{"desktop":{"background-color":"","background-image":"","background-repeat":"repeat","background-position":"center center","background-size":"auto","background-attachment":"scroll","background-type":"","background-media":"","overlay-type":"","overlay-color":"","overlay-gradient":""},"tablet":{"background-color":"","background-image":"","background-repeat":"repeat","background-position":"center center","background-size":"auto","background-attachment":"scroll","background-type":"","background-media":"","overlay-type":"","overlay-color":"","overlay-gradient":""},"mobile":{"background-color":"","background-image":"","background-repeat":"repeat","background-position":"center center","background-size":"auto","background-attachment":"scroll","background-type":"","background-media":"","overlay-type":"","overlay-color":"","overlay-gradient":""}},"ast-content-background-meta":{"desktop":{"background-color":"var(--ast-global-color-5)","background-image":"","background-repeat":"repeat","background-position":"center center","background-size":"auto","background-attachment":"scroll","background-type":"","background-media":"","overlay-type":"","overlay-color":"","overlay-gradient":""},"tablet":{"background-color":"var(--ast-global-color-5)","background-image":"","background-repeat":"repeat","background-position":"center center","background-size":"auto","background-attachment":"scroll","background-type":"","background-media":"","overlay-type":"","overlay-color":"","overlay-gradient":""},"mobile":{"background-color":"var(--ast-global-color-5)","background-image":"","background-repeat":"repeat","background-position":"center center","background-size":"auto","background-attachment":"scroll","background-type":"","background-media":"","overlay-type":"","overlay-color":"","overlay-gradient":""}},"footnotes":""},"class_list":["post-9651","page","type-page","status-publish","hentry"],"_links":{"self":[{"href":"https:\/\/www.iel.hr\/hr\/wp-json\/wp\/v2\/pages\/9651","targetHints":{"allow":["GET"]}}],"collection":[{"href":"https:\/\/www.iel.hr\/hr\/wp-json\/wp\/v2\/pages"}],"about":[{"href":"https:\/\/www.iel.hr\/hr\/wp-json\/wp\/v2\/types\/page"}],"author":[{"embeddable":true,"href":"https:\/\/www.iel.hr\/hr\/wp-json\/wp\/v2\/users\/1"}],"replies":[{"embeddable":true,"href":"https:\/\/www.iel.hr\/hr\/wp-json\/wp\/v2\/comments?post=9651"}],"version-history":[{"count":0,"href":"https:\/\/www.iel.hr\/hr\/wp-json\/wp\/v2\/pages\/9651\/revisions"}],"up":[{"embeddable":true,"href":"https:\/\/www.iel.hr\/hr\/wp-json\/wp\/v2\/pages\/9534"}],"wp:attachment":[{"href":"https:\/\/www.iel.hr\/hr\/wp-json\/wp\/v2\/media?parent=9651"}],"curies":[{"name":"wp","href":"https:\/\/api.w.org\/{rel}","templated":true}]}}