{"id":9548,"date":"2024-06-11T05:13:47","date_gmt":"2024-06-11T05:13:47","guid":{"rendered":"https:\/\/www.iel.hr\/?page_id=9548"},"modified":"2024-06-11T05:15:37","modified_gmt":"2024-06-11T05:15:37","slug":"mjerni-terminal-mt-10sq","status":"publish","type":"page","link":"https:\/\/www.iel.hr\/hr\/mjerni-terminal-mt-10sq\/","title":{"rendered":"Mjerni terminal MT-10SQ"},"content":{"rendered":"\t\t<div data-elementor-type=\"wp-page\" data-elementor-id=\"9548\" class=\"elementor elementor-9548\">\n\t\t\t\t<div class=\"elementor-element elementor-element-9f0c51c e-flex e-con-boxed e-con e-parent\" data-id=\"9f0c51c\" data-element_type=\"container\">\n\t\t\t\t\t<div class=\"e-con-inner\">\n\t\t<div class=\"elementor-element elementor-element-d44db49 e-con-full e-flex e-con e-child\" data-id=\"d44db49\" data-element_type=\"container\">\n\t\t\t\t<\/div>\n\t\t<div class=\"elementor-element elementor-element-1eb0208 e-con-full e-flex e-con e-child\" data-id=\"1eb0208\" data-element_type=\"container\">\n\t\t\t\t<div class=\"elementor-element elementor-element-d5b0185 elementor-widget elementor-widget-text-editor\" data-id=\"d5b0185\" data-element_type=\"widget\" data-widget_type=\"text-editor.default\">\n\t\t\t\t<div class=\"elementor-widget-container\">\n\t\t\t\t\t\t\t<p>\u00a0<\/p><p>Mjerni terminal MT-10SQ namijenjen je za mjerenje, nadzor, upravljanje i analizu energetskih veli\u010dina u NN i SN postrojenjima, distribucijskim i industrijskim trafostanicama. MT-10SQ zamjenjuje vi\u0161e od 50 konvecionalnih mjernih instrumenata i mjernih pretvara\u010da. Osim mjerenja energetskih veli\u010dina Mjerni terminal sa oznakom Q omogu\u0107uje i analizu izobli\u010denja napona i struja (mjerenje THD, mjerenje pojedinih harmonika struja i napona, mjerenje nesimetrije, mjerenje faznih kuteva izme\u0111u napona i struja). Zbog ugra\u0111ene velike memorije (2MB do 8GB) Mjerni terminal ima mogu\u0107nost registracije vr\u0161nih, srednjih i minimalnih vrijednosti struja i napona, kao i snage, energije i to dnevne, mjese\u010dne i godi\u0161nje registracije sa vremenskom oznakom.<\/p><p>Ukoliko se koriste tri digitalna ulaza za prikupljanje informacija o tarifama (npr. iz MTU prijemnika) MT-10SQ mo\u017ee registrirati ukupnu radnu i jalovu energiju po svakoj od tarifa kao i ukupan iznos energija Pri periodi\u010dkom pregledu postrojenja memorirani podaci se is\u010ditavaju pomo\u0107u ru\u010dnog terminala RT-SQ ili osobnog ra\u010dunala. Registracija i analiza mjernih veli\u010dina izvodi se pomo\u0107u programskog paketa MT-DIALOG 3. Priklju\u010dkom ure\u0111aja preko RS485, opti\u010dke ili Ethernet komunikacije na Info terminal ITE-2 svi mjerni i registrirani podaci mogu biti trenutno dostupni (on line).<\/p><p>[showhide type=\u201dopis\u201d more_text=\u201dPrika\u017ei vi\u0161e\u201d less_text=\u201dSakrij prika\u017ei vi\u0161e\u201d]<\/p><ul><li>mjerenje pravih efektivnih (true RMS) vrijednosti napona, struja to\u010dnosti 0,2%, te snage (P, Q, S) to\u010dnosti 0,4%<\/li><li>mjerenje faktora snage (cos \u03c6), frekvencije, radne i jalove energije u \u010detiri kvadranta<\/li><li>mjerenje srednjih vrijednosti struja, snaga (P, Q, S) u vremenskom intervalu (MD \u2013 maksimum demand)<\/li><li>mjerenje nesimetrije te faznih kuteva izme\u0111u napona i struja<\/li><li>mjerenje THD i harmonika (do 31.) struja i napona<\/li><li>registracija vr\u0161nih, srednjih i minimalnih vrijednosti struja i napona kao i snaga, energija (dnevne, mjese\u010dne, godi\u0161nje) sa vremenskom oznakom<\/li><li>registracija radne i jalove energije po tarifama (do tri tarife) i ukupno (opcija)<\/li><li>LCD grafi\u010dki pokaziva\u010d sa pozadinskim osvjetljenjem<\/li><li>is\u010ditavanje podataka sa prednje strane ure\u0111aja pomo\u0107u ru\u010dnog terminala RT-SQ<\/li><li>RS485\/RS232, opti\u010dka ili Ethernet komunikacija<\/li><li>protokoli MODBUS RTU(TCP), PROFIBUS DP, IEC 61850<\/li><li>mjerenje temperature<\/li><li>male dimenzije, prema standardu DIN 43700 za ugradbene instrumente<\/li><\/ul><p>\u00a0<br \/><img decoding=\"async\" class=\"alignnone size-full wp-image-402\" src=\"https:\/\/www.iel.hr\/wp-content\/uploads\/2018\/12\/ikona-info.png\" alt=\"\" width=\"32\" height=\"32\" \/><strong>Katalog<\/strong>\u00a0je dostupan samo registriranim korisnicima<\/p><p><a class=\"lrm-login\" href=\"https:\/\/www.iel.hr\/wp-login.php\">Registracija korisnika ili ulaz za registrirane korisnike<\/a><\/p><p><br \/><a href=\"https:\/\/www.iel.hr\/wp-content\/uploads\/2019\/01\/MT-10SQ-PM-11134.pdf\" target=\"_blank\" rel=\"noopener\"><img decoding=\"async\" class=\"alignnone size-full wp-image-402\" src=\"https:\/\/www.iel.hr\/wp-content\/uploads\/2018\/03\/pdf-katalozi.png\" sizes=\"(max-width: 64px) 100vw, 64px\" srcset=\"https:\/\/www.iel.hr\/wp-content\/uploads\/2018\/03\/pdf-katalozi.png 128w, https:\/\/www.iel.hr\/wp-content\/uploads\/2018\/03\/pdf-katalozi-100x100.png 100w, https:\/\/www.iel.hr\/wp-content\/uploads\/2018\/03\/pdf-katalozi-60x60.png 60w, https:\/\/www.iel.hr\/wp-content\/uploads\/2018\/03\/pdf-katalozi-80x80.png 80w\" alt=\"\" width=\"64\" height=\"64\" \/>katalo\u0161ki list<\/a><br \/><br \/>[\/showhide]<\/p>\t\t\t\t\t\t<\/div>\n\t\t\t\t<\/div>\n\t\t\t\t<\/div>\n\t\t<div class=\"elementor-element elementor-element-2b402ec e-con-full e-flex e-con e-child\" data-id=\"2b402ec\" data-element_type=\"container\">\n\t\t\t\t<div class=\"elementor-element elementor-element-4b8b4fb elementor-widget elementor-widget-image\" data-id=\"4b8b4fb\" data-element_type=\"widget\" data-widget_type=\"image.default\">\n\t\t\t\t<div class=\"elementor-widget-container\">\n\t\t\t\t\t\t\t\t\t\t\t\t\t<img fetchpriority=\"high\" decoding=\"async\" width=\"650\" height=\"617\" src=\"https:\/\/www.iel.hr\/wp-content\/uploads\/2024\/06\/MT-10SQ-mjerni-terminal-650x617-2.jpg\" class=\"attachment-large size-large wp-image-9553\" alt=\"\" srcset=\"https:\/\/www.iel.hr\/wp-content\/uploads\/2024\/06\/MT-10SQ-mjerni-terminal-650x617-2.jpg 650w, https:\/\/www.iel.hr\/wp-content\/uploads\/2024\/06\/MT-10SQ-mjerni-terminal-650x617-2-300x285.jpg 300w, https:\/\/www.iel.hr\/wp-content\/uploads\/2024\/06\/MT-10SQ-mjerni-terminal-650x617-2-600x570.jpg 600w\" sizes=\"(max-width: 650px) 100vw, 650px\" \/>\t\t\t\t\t\t\t\t\t\t\t\t\t<\/div>\n\t\t\t\t<\/div>\n\t\t\t\t<\/div>\n\t\t\t\t\t<\/div>\n\t\t\t\t<\/div>\n\t\t\t\t<\/div>\n\t\t","protected":false},"excerpt":{"rendered":"<p>\u00a0 Mjerni terminal MT-10SQ namijenjen je za mjerenje, nadzor, upravljanje i analizu energetskih veli\u010dina u NN i SN postrojenjima, distribucijskim i industrijskim trafostanicama. MT-10SQ zamjenjuje vi\u0161e od 50 konvecionalnih mjernih instrumenata i mjernih pretvara\u010da. Osim mjerenja energetskih veli\u010dina Mjerni terminal sa oznakom Q omogu\u0107uje i analizu izobli\u010denja napona i struja (mjerenje THD, mjerenje pojedinih harmonika [&hellip;]<\/p>\n","protected":false},"author":1,"featured_media":0,"parent":10762,"menu_order":0,"comment_status":"closed","ping_status":"closed","template":"","meta":{"site-sidebar-layout":"no-sidebar","site-content-layout":"page-builder","ast-site-content-layout":"full-width-container","site-content-style":"default","site-sidebar-style":"default","ast-global-header-display":"","ast-banner-title-visibility":"","ast-main-header-display":"","ast-hfb-above-header-display":"","ast-hfb-below-header-display":"","ast-hfb-mobile-header-display":"","site-post-title":"disabled","ast-breadcrumbs-content":"","ast-featured-img":"disabled","footer-sml-layout":"","theme-transparent-header-meta":"default","adv-header-id-meta":"","stick-header-meta":"","header-above-stick-meta":"","header-main-stick-meta":"","header-below-stick-meta":"","astra-migrate-meta-layouts":"set","ast-page-background-enabled":"default","ast-page-background-meta":{"desktop":{"background-color":"","background-image":"","background-repeat":"repeat","background-position":"center center","background-size":"auto","background-attachment":"scroll","background-type":"","background-media":"","overlay-type":"","overlay-color":"","overlay-gradient":""},"tablet":{"background-color":"","background-image":"","background-repeat":"repeat","background-position":"center center","background-size":"auto","background-attachment":"scroll","background-type":"","background-media":"","overlay-type":"","overlay-color":"","overlay-gradient":""},"mobile":{"background-color":"","background-image":"","background-repeat":"repeat","background-position":"center center","background-size":"auto","background-attachment":"scroll","background-type":"","background-media":"","overlay-type":"","overlay-color":"","overlay-gradient":""}},"ast-content-background-meta":{"desktop":{"background-color":"var(--ast-global-color-5)","background-image":"","background-repeat":"repeat","background-position":"center center","background-size":"auto","background-attachment":"scroll","background-type":"","background-media":"","overlay-type":"","overlay-color":"","overlay-gradient":""},"tablet":{"background-color":"var(--ast-global-color-5)","background-image":"","background-repeat":"repeat","background-position":"center center","background-size":"auto","background-attachment":"scroll","background-type":"","background-media":"","overlay-type":"","overlay-color":"","overlay-gradient":""},"mobile":{"background-color":"var(--ast-global-color-5)","background-image":"","background-repeat":"repeat","background-position":"center center","background-size":"auto","background-attachment":"scroll","background-type":"","background-media":"","overlay-type":"","overlay-color":"","overlay-gradient":""}},"footnotes":""},"class_list":["post-9548","page","type-page","status-publish","hentry"],"_links":{"self":[{"href":"https:\/\/www.iel.hr\/hr\/wp-json\/wp\/v2\/pages\/9548","targetHints":{"allow":["GET"]}}],"collection":[{"href":"https:\/\/www.iel.hr\/hr\/wp-json\/wp\/v2\/pages"}],"about":[{"href":"https:\/\/www.iel.hr\/hr\/wp-json\/wp\/v2\/types\/page"}],"author":[{"embeddable":true,"href":"https:\/\/www.iel.hr\/hr\/wp-json\/wp\/v2\/users\/1"}],"replies":[{"embeddable":true,"href":"https:\/\/www.iel.hr\/hr\/wp-json\/wp\/v2\/comments?post=9548"}],"version-history":[{"count":0,"href":"https:\/\/www.iel.hr\/hr\/wp-json\/wp\/v2\/pages\/9548\/revisions"}],"up":[{"embeddable":true,"href":"https:\/\/www.iel.hr\/hr\/wp-json\/wp\/v2\/pages\/10762"}],"wp:attachment":[{"href":"https:\/\/www.iel.hr\/hr\/wp-json\/wp\/v2\/media?parent=9548"}],"curies":[{"name":"wp","href":"https:\/\/api.w.org\/{rel}","templated":true}]}}