{"id":9528,"date":"2024-06-10T13:30:13","date_gmt":"2024-06-10T13:30:13","guid":{"rendered":"https:\/\/www.iel.hr\/?page_id=9528"},"modified":"2024-06-20T12:11:46","modified_gmt":"2024-06-20T12:11:46","slug":"zastita-sabirnica","status":"publish","type":"page","link":"https:\/\/www.iel.hr\/hr\/grupe-proizvoda\/zastita\/zastita-sabirnica\/","title":{"rendered":"Za\u0161tita sabirnica"},"content":{"rendered":"\t\t<div data-elementor-type=\"wp-page\" data-elementor-id=\"9528\" class=\"elementor elementor-9528\">\n\t\t\t\t\t\t<section class=\"elementor-section elementor-top-section elementor-element elementor-element-2641597 elementor-section-boxed elementor-section-height-default elementor-section-height-default\" data-id=\"2641597\" data-element_type=\"section\" data-settings=\"{&quot;background_background&quot;:&quot;classic&quot;}\">\n\t\t\t\t\t\t\t<div class=\"elementor-background-overlay\"><\/div>\n\t\t\t\t\t\t\t<div class=\"elementor-container elementor-column-gap-default\">\n\t\t\t\t\t<div class=\"elementor-column elementor-col-100 elementor-top-column elementor-element elementor-element-0bb4700\" data-id=\"0bb4700\" data-element_type=\"column\">\n\t\t\t<div class=\"elementor-widget-wrap elementor-element-populated\">\n\t\t\t\t\t\t<div class=\"elementor-element elementor-element-1567a87 elementor-widget elementor-widget-heading\" data-id=\"1567a87\" data-element_type=\"widget\" data-widget_type=\"heading.default\">\n\t\t\t\t<div class=\"elementor-widget-container\">\n\t\t\t<h2 class=\"elementor-heading-title elementor-size-default\">Za\u0161tita sabirnica<\/h2>\t\t<\/div>\n\t\t\t\t<\/div>\n\t\t\t\t<div class=\"elementor-element elementor-element-e0bfe3f elementor-icon-list--layout-inline elementor-list-item-link-full_width elementor-widget elementor-widget-icon-list\" data-id=\"e0bfe3f\" data-element_type=\"widget\" data-widget_type=\"icon-list.default\">\n\t\t\t\t<div class=\"elementor-widget-container\">\n\t\t\t\t\t<ul class=\"elementor-icon-list-items elementor-inline-items\">\n\t\t\t\t\t\t\t<li class=\"elementor-icon-list-item elementor-inline-item\">\n\t\t\t\t\t\t\t\t\t\t\t<a href=\"https:\/\/iel.hr\/iel\">\n\n\t\t\t\t\t\t\t\t\t\t\t<span class=\"elementor-icon-list-text\">IEL<\/span>\n\t\t\t\t\t\t\t\t\t\t\t<\/a>\n\t\t\t\t\t\t\t\t\t<\/li>\n\t\t\t\t\t\t\t\t<li class=\"elementor-icon-list-item elementor-inline-item\">\n\t\t\t\t\t\t\t\t\t\t\t<a href=\"https:\/\/iel.hr\/iel\/hr\/grupe-proizvoda\/\">\n\n\t\t\t\t\t\t\t\t\t\t\t<span class=\"elementor-icon-list-text\">Grupe proizvoda<\/span>\n\t\t\t\t\t\t\t\t\t\t\t<\/a>\n\t\t\t\t\t\t\t\t\t<\/li>\n\t\t\t\t\t\t\t\t<li class=\"elementor-icon-list-item elementor-inline-item\">\n\t\t\t\t\t\t\t\t\t\t\t<a href=\"https:\/\/iel.hr\/iel\/hr\/grupe-proizvoda\/zastita\/\">\n\n\t\t\t\t\t\t\t\t\t\t\t<span class=\"elementor-icon-list-text\">Za\u0161tita<\/span>\n\t\t\t\t\t\t\t\t\t\t\t<\/a>\n\t\t\t\t\t\t\t\t\t<\/li>\n\t\t\t\t\t\t\t\t<li class=\"elementor-icon-list-item elementor-inline-item\">\n\t\t\t\t\t\t\t\t\t\t<span class=\"elementor-icon-list-text\">Za\u0161tita sabirnica<\/span>\n\t\t\t\t\t\t\t\t\t<\/li>\n\t\t\t\t\t\t<\/ul>\n\t\t\t\t<\/div>\n\t\t\t\t<\/div>\n\t\t\t\t\t<\/div>\n\t\t<\/div>\n\t\t\t\t\t<\/div>\n\t\t<\/section>\n\t\t<div class=\"elementor-element elementor-element-e991981 e-flex e-con-boxed e-con e-parent\" data-id=\"e991981\" data-element_type=\"container\">\n\t\t\t\t\t<div class=\"e-con-inner\">\n\t\t<div class=\"elementor-element elementor-element-793158e e-con-full e-flex e-con e-child\" data-id=\"793158e\" data-element_type=\"container\">\n\t\t\t\t<div class=\"elementor-element elementor-element-db085a4 elementor-widget elementor-widget-sidebar\" data-id=\"db085a4\" data-element_type=\"widget\" data-widget_type=\"sidebar.default\">\n\t\t\t\t<div class=\"elementor-widget-container\">\n\t\t\t<div class=\"ywcca_container ywcca_widget_container_style_1\"><h3 class=\"ywcca_widget_title\">Za\u0161tita<\/h3><ul class=\"ywcca_category_accordion_widget category_menu_accordion\" data-highlight_curr_cat=\"on\" data-ywcca_style=\"style_1\" data-ywcca_orderby=\"\" data-ywcca_order=\"\"><ul id=\"menu-zastita\" class=\"ywcca-menu\"><li id=\"menu-item-14235\" class=\"menu-item menu-item-type-post_type menu-item-object-page menu-item-has-children menu-item-14235\"><a href=\"https:\/\/www.iel.hr\/hr\/grupe-proizvoda\/zastita\/sustav-zastite-od-elektricnog-luka\/\" class=\"menu-link\">Sustav za\u0161tite od elektri\u010dnog luka<span role=\"application\" class=\"dropdown-menu-toggle ast-header-navigation-arrow\" tabindex=\"0\" aria-expanded=\"false\" aria-label=\"Menu Toggle\" ><span class=\"ast-icon icon-arrow\"><svg class=\"ast-arrow-svg\" xmlns=\"http:\/\/www.w3.org\/2000\/svg\" xmlns:xlink=\"http:\/\/www.w3.org\/1999\/xlink\" version=\"1.1\" x=\"0px\" y=\"0px\" width=\"26px\" height=\"16.043px\" viewBox=\"57 35.171 26 16.043\" enable-background=\"new 57 35.171 26 16.043\" xml:space=\"preserve\">\n                <path d=\"M57.5,38.193l12.5,12.5l12.5-12.5l-2.5-2.5l-10,10l-10-10L57.5,38.193z\"\/>\n                <\/svg><\/span><\/span><\/a>\n<ul class=\"ywcca-sub-menu\">\n\t<li id=\"menu-item-14382\" class=\"menu-item menu-item-type-custom menu-item-object-custom menu-item-14382\"><a href=\"https:\/\/www.iel.hr\/hr\/grupe-proizvoda\/zastita\/sustav-zastite-od-elektricnog-luka\/zastita-od-elektricnog-luka-zelk-2\/\" class=\"menu-link\"><span class=\"ast-icon icon-arrow\"><svg class=\"ast-arrow-svg\" xmlns=\"http:\/\/www.w3.org\/2000\/svg\" xmlns:xlink=\"http:\/\/www.w3.org\/1999\/xlink\" version=\"1.1\" x=\"0px\" y=\"0px\" width=\"26px\" height=\"16.043px\" viewBox=\"57 35.171 26 16.043\" enable-background=\"new 57 35.171 26 16.043\" xml:space=\"preserve\">\n                <path d=\"M57.5,38.193l12.5,12.5l12.5-12.5l-2.5-2.5l-10,10l-10-10L57.5,38.193z\"\/>\n                <\/svg><\/span>Za\u0161tita od elektri\u010dnog luka ZELK-2<\/a><\/li>\n\t<li id=\"menu-item-14384\" class=\"menu-item menu-item-type-custom menu-item-object-custom menu-item-14384\"><a href=\"https:\/\/www.iel.hr\/hr\/grupe-proizvoda\/zastita\/sustav-zastite-od-elektricnog-luka\/zastita-od-elektricnog-luka-zelk-3\/\" class=\"menu-link\"><span class=\"ast-icon icon-arrow\"><svg class=\"ast-arrow-svg\" xmlns=\"http:\/\/www.w3.org\/2000\/svg\" xmlns:xlink=\"http:\/\/www.w3.org\/1999\/xlink\" version=\"1.1\" x=\"0px\" y=\"0px\" width=\"26px\" height=\"16.043px\" viewBox=\"57 35.171 26 16.043\" enable-background=\"new 57 35.171 26 16.043\" xml:space=\"preserve\">\n                <path d=\"M57.5,38.193l12.5,12.5l12.5-12.5l-2.5-2.5l-10,10l-10-10L57.5,38.193z\"\/>\n                <\/svg><\/span>Za\u0161tita od elektri\u010dnog luka ZELK-3<\/a><\/li>\n\t<li id=\"menu-item-14385\" class=\"menu-item menu-item-type-custom menu-item-object-custom menu-item-14385\"><a href=\"https:\/\/www.iel.hr\/hr\/grupe-proizvoda\/zastita\/sustav-zastite-od-elektricnog-luka\/strujni-modul-sm\/\" class=\"menu-link\"><span class=\"ast-icon icon-arrow\"><svg class=\"ast-arrow-svg\" xmlns=\"http:\/\/www.w3.org\/2000\/svg\" xmlns:xlink=\"http:\/\/www.w3.org\/1999\/xlink\" version=\"1.1\" x=\"0px\" y=\"0px\" width=\"26px\" height=\"16.043px\" viewBox=\"57 35.171 26 16.043\" enable-background=\"new 57 35.171 26 16.043\" xml:space=\"preserve\">\n                <path d=\"M57.5,38.193l12.5,12.5l12.5-12.5l-2.5-2.5l-10,10l-10-10L57.5,38.193z\"\/>\n                <\/svg><\/span>Strujni modul SM<\/a><\/li>\n\t<li id=\"menu-item-14386\" class=\"menu-item menu-item-type-custom menu-item-object-custom menu-item-14386\"><a href=\"https:\/\/www.iel.hr\/hr\/grupe-proizvoda\/zastita\/sustav-zastite-od-elektricnog-luka\/isklopni-modul-im\/\" class=\"menu-link\"><span class=\"ast-icon icon-arrow\"><svg class=\"ast-arrow-svg\" xmlns=\"http:\/\/www.w3.org\/2000\/svg\" xmlns:xlink=\"http:\/\/www.w3.org\/1999\/xlink\" version=\"1.1\" x=\"0px\" y=\"0px\" width=\"26px\" height=\"16.043px\" viewBox=\"57 35.171 26 16.043\" enable-background=\"new 57 35.171 26 16.043\" xml:space=\"preserve\">\n                <path d=\"M57.5,38.193l12.5,12.5l12.5-12.5l-2.5-2.5l-10,10l-10-10L57.5,38.193z\"\/>\n                <\/svg><\/span>Isklopni modul IM<\/a><\/li>\n\t<li id=\"menu-item-14387\" class=\"menu-item menu-item-type-custom menu-item-object-custom menu-item-14387\"><a href=\"https:\/\/www.iel.hr\/hr\/grupe-proizvoda\/zastita\/sustav-zastite-od-elektricnog-luka\/dc-dc-pretvornik-p15\/\" class=\"menu-link\"><span class=\"ast-icon icon-arrow\"><svg class=\"ast-arrow-svg\" xmlns=\"http:\/\/www.w3.org\/2000\/svg\" xmlns:xlink=\"http:\/\/www.w3.org\/1999\/xlink\" version=\"1.1\" x=\"0px\" y=\"0px\" width=\"26px\" height=\"16.043px\" viewBox=\"57 35.171 26 16.043\" enable-background=\"new 57 35.171 26 16.043\" xml:space=\"preserve\">\n                <path d=\"M57.5,38.193l12.5,12.5l12.5-12.5l-2.5-2.5l-10,10l-10-10L57.5,38.193z\"\/>\n                <\/svg><\/span>DC\/DC Pretvornik P15<\/a><\/li>\n\t<li id=\"menu-item-14388\" class=\"menu-item menu-item-type-custom menu-item-object-custom menu-item-14388\"><a href=\"https:\/\/www.iel.hr\/hr\/grupe-proizvoda\/zastita\/sustav-zastite-od-elektricnog-luka\/opticka-sonda-os\/\" class=\"menu-link\"><span class=\"ast-icon icon-arrow\"><svg class=\"ast-arrow-svg\" xmlns=\"http:\/\/www.w3.org\/2000\/svg\" xmlns:xlink=\"http:\/\/www.w3.org\/1999\/xlink\" version=\"1.1\" x=\"0px\" y=\"0px\" width=\"26px\" height=\"16.043px\" viewBox=\"57 35.171 26 16.043\" enable-background=\"new 57 35.171 26 16.043\" xml:space=\"preserve\">\n                <path d=\"M57.5,38.193l12.5,12.5l12.5-12.5l-2.5-2.5l-10,10l-10-10L57.5,38.193z\"\/>\n                <\/svg><\/span>Skretnica sonde SS<\/a><\/li>\n\t<li id=\"menu-item-14389\" class=\"menu-item menu-item-type-custom menu-item-object-custom menu-item-14389\"><a href=\"https:\/\/www.iel.hr\/hr\/grupe-proizvoda\/zastita\/sustav-zastite-od-elektricnog-luka\/opticka-sonda-os\/\" class=\"menu-link\"><span class=\"ast-icon icon-arrow\"><svg class=\"ast-arrow-svg\" xmlns=\"http:\/\/www.w3.org\/2000\/svg\" xmlns:xlink=\"http:\/\/www.w3.org\/1999\/xlink\" version=\"1.1\" x=\"0px\" y=\"0px\" width=\"26px\" height=\"16.043px\" viewBox=\"57 35.171 26 16.043\" enable-background=\"new 57 35.171 26 16.043\" xml:space=\"preserve\">\n                <path d=\"M57.5,38.193l12.5,12.5l12.5-12.5l-2.5-2.5l-10,10l-10-10L57.5,38.193z\"\/>\n                <\/svg><\/span>Opti\u010dka sonda OS<\/a><\/li>\n<\/ul>\n<\/li>\n<li id=\"menu-item-14252\" class=\"menu-item menu-item-type-post_type menu-item-object-page menu-item-has-children menu-item-14252\"><a href=\"https:\/\/www.iel.hr\/hr\/grupe-proizvoda\/zastita\/zastita-voda\/\" class=\"menu-link\">Za\u0161tita voda<span role=\"application\" class=\"dropdown-menu-toggle ast-header-navigation-arrow\" tabindex=\"0\" aria-expanded=\"false\" aria-label=\"Menu Toggle\" ><span class=\"ast-icon icon-arrow\"><svg class=\"ast-arrow-svg\" xmlns=\"http:\/\/www.w3.org\/2000\/svg\" xmlns:xlink=\"http:\/\/www.w3.org\/1999\/xlink\" version=\"1.1\" x=\"0px\" y=\"0px\" width=\"26px\" height=\"16.043px\" viewBox=\"57 35.171 26 16.043\" enable-background=\"new 57 35.171 26 16.043\" xml:space=\"preserve\">\n                <path d=\"M57.5,38.193l12.5,12.5l12.5-12.5l-2.5-2.5l-10,10l-10-10L57.5,38.193z\"\/>\n                <\/svg><\/span><\/span><\/a>\n<ul class=\"ywcca-sub-menu\">\n\t<li id=\"menu-item-14390\" class=\"menu-item menu-item-type-custom menu-item-object-custom menu-item-14390\"><a href=\"#\" class=\"menu-link\"><span class=\"ast-icon icon-arrow\"><svg class=\"ast-arrow-svg\" xmlns=\"http:\/\/www.w3.org\/2000\/svg\" xmlns:xlink=\"http:\/\/www.w3.org\/1999\/xlink\" version=\"1.1\" x=\"0px\" y=\"0px\" width=\"26px\" height=\"16.043px\" viewBox=\"57 35.171 26 16.043\" enable-background=\"new 57 35.171 26 16.043\" xml:space=\"preserve\">\n                <path d=\"M57.5,38.193l12.5,12.5l12.5-12.5l-2.5-2.5l-10,10l-10-10L57.5,38.193z\"\/>\n                <\/svg><\/span>Terminal polja TP-10<\/a><\/li>\n\t<li id=\"menu-item-14391\" class=\"menu-item menu-item-type-custom menu-item-object-custom menu-item-14391\"><a href=\"https:\/\/www.iel.hr\/hr\/grupe-proizvoda\/zastita\/zastita-voda\/nadstrujni-relej-nr-200\/\" class=\"menu-link\"><span class=\"ast-icon icon-arrow\"><svg class=\"ast-arrow-svg\" xmlns=\"http:\/\/www.w3.org\/2000\/svg\" xmlns:xlink=\"http:\/\/www.w3.org\/1999\/xlink\" version=\"1.1\" x=\"0px\" y=\"0px\" width=\"26px\" height=\"16.043px\" viewBox=\"57 35.171 26 16.043\" enable-background=\"new 57 35.171 26 16.043\" xml:space=\"preserve\">\n                <path d=\"M57.5,38.193l12.5,12.5l12.5-12.5l-2.5-2.5l-10,10l-10-10L57.5,38.193z\"\/>\n                <\/svg><\/span>Nadstrujni relej NR-200<\/a><\/li>\n<\/ul>\n<\/li>\n<li id=\"menu-item-14253\" class=\"menu-item menu-item-type-post_type menu-item-object-page menu-item-has-children menu-item-14253\"><a href=\"https:\/\/www.iel.hr\/hr\/grupe-proizvoda\/zastita\/zastita-transformatora\/\" class=\"menu-link\">Za\u0161tita transformatora<span role=\"application\" class=\"dropdown-menu-toggle ast-header-navigation-arrow\" tabindex=\"0\" aria-expanded=\"false\" aria-label=\"Menu Toggle\" ><span class=\"ast-icon icon-arrow\"><svg class=\"ast-arrow-svg\" xmlns=\"http:\/\/www.w3.org\/2000\/svg\" xmlns:xlink=\"http:\/\/www.w3.org\/1999\/xlink\" version=\"1.1\" x=\"0px\" y=\"0px\" width=\"26px\" height=\"16.043px\" viewBox=\"57 35.171 26 16.043\" enable-background=\"new 57 35.171 26 16.043\" xml:space=\"preserve\">\n                <path d=\"M57.5,38.193l12.5,12.5l12.5-12.5l-2.5-2.5l-10,10l-10-10L57.5,38.193z\"\/>\n                <\/svg><\/span><\/span><\/a>\n<ul class=\"ywcca-sub-menu\">\n\t<li id=\"menu-item-14392\" class=\"menu-item menu-item-type-custom menu-item-object-custom menu-item-14392\"><a href=\"https:\/\/www.iel.hr\/hr\/grupe-proizvoda\/zastita\/zastita-transformatora\/nadstrujni-relej-nr-100\/\" class=\"menu-link\"><span class=\"ast-icon icon-arrow\"><svg class=\"ast-arrow-svg\" xmlns=\"http:\/\/www.w3.org\/2000\/svg\" xmlns:xlink=\"http:\/\/www.w3.org\/1999\/xlink\" version=\"1.1\" x=\"0px\" y=\"0px\" width=\"26px\" height=\"16.043px\" viewBox=\"57 35.171 26 16.043\" enable-background=\"new 57 35.171 26 16.043\" xml:space=\"preserve\">\n                <path d=\"M57.5,38.193l12.5,12.5l12.5-12.5l-2.5-2.5l-10,10l-10-10L57.5,38.193z\"\/>\n                <\/svg><\/span>Nadstrujni relej NR-100<\/a><\/li>\n\t<li id=\"menu-item-14393\" class=\"menu-item menu-item-type-custom menu-item-object-custom menu-item-14393\"><a href=\"#\" class=\"menu-link\"><span class=\"ast-icon icon-arrow\"><svg class=\"ast-arrow-svg\" xmlns=\"http:\/\/www.w3.org\/2000\/svg\" xmlns:xlink=\"http:\/\/www.w3.org\/1999\/xlink\" version=\"1.1\" x=\"0px\" y=\"0px\" width=\"26px\" height=\"16.043px\" viewBox=\"57 35.171 26 16.043\" enable-background=\"new 57 35.171 26 16.043\" xml:space=\"preserve\">\n                <path d=\"M57.5,38.193l12.5,12.5l12.5-12.5l-2.5-2.5l-10,10l-10-10L57.5,38.193z\"\/>\n                <\/svg><\/span>Nadstrujni relej NR-300<\/a><\/li>\n<\/ul>\n<\/li>\n<li id=\"menu-item-14254\" class=\"menu-item menu-item-type-post_type menu-item-object-page menu-item-has-children menu-item-14254\"><a href=\"https:\/\/www.iel.hr\/hr\/grupe-proizvoda\/zastita\/zastita-sabirnica\/\" class=\"menu-link\">Za\u0161tita sabirnica<span role=\"application\" class=\"dropdown-menu-toggle ast-header-navigation-arrow\" tabindex=\"0\" aria-expanded=\"false\" aria-label=\"Menu Toggle\" ><span class=\"ast-icon icon-arrow\"><svg class=\"ast-arrow-svg\" xmlns=\"http:\/\/www.w3.org\/2000\/svg\" xmlns:xlink=\"http:\/\/www.w3.org\/1999\/xlink\" version=\"1.1\" x=\"0px\" y=\"0px\" width=\"26px\" height=\"16.043px\" viewBox=\"57 35.171 26 16.043\" enable-background=\"new 57 35.171 26 16.043\" xml:space=\"preserve\">\n                <path d=\"M57.5,38.193l12.5,12.5l12.5-12.5l-2.5-2.5l-10,10l-10-10L57.5,38.193z\"\/>\n                <\/svg><\/span><\/span><\/a>\n<ul class=\"ywcca-sub-menu\">\n\t<li id=\"menu-item-14394\" class=\"menu-item menu-item-type-custom menu-item-object-custom menu-item-14394\"><a href=\"https:\/\/www.iel.hr\/hr\/grupe-proizvoda\/zastita\/zastita-sabirnica\/naponski-relej-vr-100\/\" class=\"menu-link\"><span class=\"ast-icon icon-arrow\"><svg class=\"ast-arrow-svg\" xmlns=\"http:\/\/www.w3.org\/2000\/svg\" xmlns:xlink=\"http:\/\/www.w3.org\/1999\/xlink\" version=\"1.1\" x=\"0px\" y=\"0px\" width=\"26px\" height=\"16.043px\" viewBox=\"57 35.171 26 16.043\" enable-background=\"new 57 35.171 26 16.043\" xml:space=\"preserve\">\n                <path d=\"M57.5,38.193l12.5,12.5l12.5-12.5l-2.5-2.5l-10,10l-10-10L57.5,38.193z\"\/>\n                <\/svg><\/span>Naponski relej VR-100<\/a><\/li>\n\t<li id=\"menu-item-14395\" class=\"menu-item menu-item-type-custom menu-item-object-custom menu-item-14395\"><a href=\"https:\/\/www.iel.hr\/hr\/grupe-proizvoda\/zastita\/zastita-sabirnica\/naponski-relej-vr-50\/\" class=\"menu-link\"><span class=\"ast-icon icon-arrow\"><svg class=\"ast-arrow-svg\" xmlns=\"http:\/\/www.w3.org\/2000\/svg\" xmlns:xlink=\"http:\/\/www.w3.org\/1999\/xlink\" version=\"1.1\" x=\"0px\" y=\"0px\" width=\"26px\" height=\"16.043px\" viewBox=\"57 35.171 26 16.043\" enable-background=\"new 57 35.171 26 16.043\" xml:space=\"preserve\">\n                <path d=\"M57.5,38.193l12.5,12.5l12.5-12.5l-2.5-2.5l-10,10l-10-10L57.5,38.193z\"\/>\n                <\/svg><\/span>Naponski relej VR-50<\/a><\/li>\n<\/ul>\n<\/li>\n<\/ul><\/ul><\/div>\t\t<\/div>\n\t\t\t\t<\/div>\n\t\t\t\t<\/div>\n\t\t<div class=\"elementor-element elementor-element-a7a2a0a e-con-full e-flex e-con e-child\" data-id=\"a7a2a0a\" data-element_type=\"container\">\n\t\t\t\t<div class=\"elementor-element elementor-element-17449a0 elementor-widget elementor-widget-text-editor\" data-id=\"17449a0\" data-element_type=\"widget\" data-widget_type=\"text-editor.default\">\n\t\t\t\t<div class=\"elementor-widget-container\">\n\t\t\t\t\t\t\t<h3>Naponski relej VR-100<\/h3><ul><li>numeri\u010dki multifunkcionalni relej za nadzor sabirnica u NN i SN mre\u017ei<\/li><li>koristiti se za za\u0161titu i nadzor generatora i transformatora od nedozvoljenih naponskih i frekventnih promjena<\/li><li>nadnaponska i\/ili podnaponska za\u0161tita, nadfrekventna i\/ili podfrekventna za\u0161tita<\/li><li>mjerenje faznih i linijskih napona, prikaz na LCD pokaziva\u010du<\/li><li>mjerenje preostalog napona Uo<\/li><li>velika to\u010dnost mjerenja (true RMS)<\/li><li>vremenska registracija doga\u0111aja<\/li><li>RS485, FO ili Ethernet komunikacija. Protokoli MODBUS RTU(TCP), PROFIBUS<\/li><li>samotestiranje, lokalna i daljinska signalizacija raspolo\u017eivosti<\/li><li>signalizacija prorade za\u0161tita na multi LED elementima<\/li><\/ul><h3>Naponski relej VR-50<\/h3><ul><li>numeri\u010dki multifunkcionalni relej za nadzor sabirnica u NN ili SN mre\u017ei<\/li><li>koristiti se za za\u0161titu priklju\u010dka obnovljivih izvora energije na mre\u017eu<\/li><li>podnaponska i\/ili nadnaponska za\u0161tita, podfrekventna i\/ili nadfrekventna za\u0161tita<\/li><li>omogu\u0107uje izbor dodatne funkcije detekcije vektora pomaka radi spre\u010davanja oto\u010dnog rada elektrane<\/li><li>velika to\u010dnost mjerenja (true RMS)<\/li><li>vremenska registracija doga\u0111aja<\/li><li>RS485 ili FO komunikacija sa nadre\u0111enim sustavom<\/li><li>LCD pokaziva\u010d 2\u00d78 znamenki sa osvjetljenjem za prikaz mjerenih i registriranih veli\u010dina i parametara<\/li><li>samotestiranje, lokalna i daljinska signalizacija raspolo\u017eivosti<\/li><li>signalizacija prorade za\u0161tite sa multi LED elementima<\/li><li>male dimenzije, ugradnja na tra\u010dnicu 35 mm<\/li><\/ul>\t\t\t\t\t\t<\/div>\n\t\t\t\t<\/div>\n\t\t\t\t<\/div>\n\t\t<div class=\"elementor-element elementor-element-d00c948 e-con-full e-flex e-con e-child\" data-id=\"d00c948\" data-element_type=\"container\">\n\t\t\t\t<div class=\"elementor-element elementor-element-c9a7a74 elementor-widget elementor-widget-image\" data-id=\"c9a7a74\" data-element_type=\"widget\" data-widget_type=\"image.default\">\n\t\t\t\t<div class=\"elementor-widget-container\">\n\t\t\t\t\t\t\t\t\t\t\t\t\t\t<a href=\"https:\/\/iel.hr\/iel\/wp-content\/uploads\/2024\/04\/EN-busbar-protection-768x339-1.jpg\" data-elementor-open-lightbox=\"yes\" data-elementor-lightbox-title=\"EN-busbar-protection-768x339\" data-e-action-hash=\"#elementor-action%3Aaction%3Dlightbox%26settings%3DeyJpZCI6MzQ3MCwidXJsIjoiaHR0cHM6XC9cL3d3dy5pZWwuaHJcL3dwLWNvbnRlbnRcL3VwbG9hZHNcLzIwMjRcLzA0XC9FTi1idXNiYXItcHJvdGVjdGlvbi03Njh4MzM5LTEuanBnIn0%3D\">\n\t\t\t\t\t\t\t<img fetchpriority=\"high\" decoding=\"async\" width=\"768\" height=\"339\" src=\"https:\/\/www.iel.hr\/wp-content\/uploads\/2024\/04\/EN-busbar-protection-768x339-1.jpg\" class=\"attachment-large size-large wp-image-3470\" alt=\"\" srcset=\"https:\/\/www.iel.hr\/wp-content\/uploads\/2024\/04\/EN-busbar-protection-768x339-1.jpg 768w, https:\/\/www.iel.hr\/wp-content\/uploads\/2024\/04\/EN-busbar-protection-768x339-1-600x265.jpg 600w, https:\/\/www.iel.hr\/wp-content\/uploads\/2024\/04\/EN-busbar-protection-768x339-1-300x132.jpg 300w\" sizes=\"(max-width: 768px) 100vw, 768px\" \/>\t\t\t\t\t\t\t\t<\/a>\n\t\t\t\t\t\t\t\t\t\t\t\t\t<\/div>\n\t\t\t\t<\/div>\n\t\t\t\t<\/div>\n\t\t\t\t\t<\/div>\n\t\t\t\t<\/div>\n\t\t\t\t<\/div>\n\t\t","protected":false},"excerpt":{"rendered":"<p>Za\u0161tita sabirnica IEL Grupe proizvoda Za\u0161tita Za\u0161tita sabirnica Naponski relej VR-100 numeri\u010dki multifunkcionalni relej za nadzor sabirnica u NN i SN mre\u017ei koristiti se za za\u0161titu i nadzor generatora i transformatora od nedozvoljenih naponskih i frekventnih promjena nadnaponska i\/ili podnaponska za\u0161tita, nadfrekventna i\/ili podfrekventna za\u0161tita mjerenje faznih i linijskih napona, prikaz na LCD pokaziva\u010du mjerenje [&hellip;]<\/p>\n","protected":false},"author":1,"featured_media":0,"parent":11736,"menu_order":0,"comment_status":"closed","ping_status":"closed","template":"","meta":{"site-sidebar-layout":"no-sidebar","site-content-layout":"page-builder","ast-site-content-layout":"full-width-container","site-content-style":"default","site-sidebar-style":"default","ast-global-header-display":"","ast-banner-title-visibility":"","ast-main-header-display":"","ast-hfb-above-header-display":"","ast-hfb-below-header-display":"","ast-hfb-mobile-header-display":"","site-post-title":"disabled","ast-breadcrumbs-content":"","ast-featured-img":"disabled","footer-sml-layout":"","theme-transparent-header-meta":"default","adv-header-id-meta":"","stick-header-meta":"","header-above-stick-meta":"","header-main-stick-meta":"","header-below-stick-meta":"","astra-migrate-meta-layouts":"set","ast-page-background-enabled":"default","ast-page-background-meta":{"desktop":{"background-color":"","background-image":"","background-repeat":"repeat","background-position":"center center","background-size":"auto","background-attachment":"scroll","background-type":"","background-media":"","overlay-type":"","overlay-color":"","overlay-gradient":""},"tablet":{"background-color":"","background-image":"","background-repeat":"repeat","background-position":"center center","background-size":"auto","background-attachment":"scroll","background-type":"","background-media":"","overlay-type":"","overlay-color":"","overlay-gradient":""},"mobile":{"background-color":"","background-image":"","background-repeat":"repeat","background-position":"center center","background-size":"auto","background-attachment":"scroll","background-type":"","background-media":"","overlay-type":"","overlay-color":"","overlay-gradient":""}},"ast-content-background-meta":{"desktop":{"background-color":"var(--ast-global-color-5)","background-image":"","background-repeat":"repeat","background-position":"center center","background-size":"auto","background-attachment":"scroll","background-type":"","background-media":"","overlay-type":"","overlay-color":"","overlay-gradient":""},"tablet":{"background-color":"var(--ast-global-color-5)","background-image":"","background-repeat":"repeat","background-position":"center center","background-size":"auto","background-attachment":"scroll","background-type":"","background-media":"","overlay-type":"","overlay-color":"","overlay-gradient":""},"mobile":{"background-color":"var(--ast-global-color-5)","background-image":"","background-repeat":"repeat","background-position":"center center","background-size":"auto","background-attachment":"scroll","background-type":"","background-media":"","overlay-type":"","overlay-color":"","overlay-gradient":""}},"footnotes":""},"class_list":["post-9528","page","type-page","status-publish","hentry"],"_links":{"self":[{"href":"https:\/\/www.iel.hr\/hr\/wp-json\/wp\/v2\/pages\/9528","targetHints":{"allow":["GET"]}}],"collection":[{"href":"https:\/\/www.iel.hr\/hr\/wp-json\/wp\/v2\/pages"}],"about":[{"href":"https:\/\/www.iel.hr\/hr\/wp-json\/wp\/v2\/types\/page"}],"author":[{"embeddable":true,"href":"https:\/\/www.iel.hr\/hr\/wp-json\/wp\/v2\/users\/1"}],"replies":[{"embeddable":true,"href":"https:\/\/www.iel.hr\/hr\/wp-json\/wp\/v2\/comments?post=9528"}],"version-history":[{"count":0,"href":"https:\/\/www.iel.hr\/hr\/wp-json\/wp\/v2\/pages\/9528\/revisions"}],"up":[{"embeddable":true,"href":"https:\/\/www.iel.hr\/hr\/wp-json\/wp\/v2\/pages\/11736"}],"wp:attachment":[{"href":"https:\/\/www.iel.hr\/hr\/wp-json\/wp\/v2\/media?parent=9528"}],"curies":[{"name":"wp","href":"https:\/\/api.w.org\/{rel}","templated":true}]}}