{"id":9441,"date":"2024-06-10T11:48:53","date_gmt":"2024-06-10T11:48:53","guid":{"rendered":"https:\/\/www.iel.hr\/?page_id=9441"},"modified":"2024-06-26T06:01:03","modified_gmt":"2024-06-26T06:01:03","slug":"isklopni-modul-im","status":"publish","type":"page","link":"https:\/\/www.iel.hr\/hr\/grupe-proizvoda\/zastita\/sustav-zastite-od-elektricnog-luka\/isklopni-modul-im\/","title":{"rendered":"Isklopni modul IM"},"content":{"rendered":"\t\t<div data-elementor-type=\"wp-page\" data-elementor-id=\"9441\" class=\"elementor elementor-9441\">\n\t\t\t\t\t\t<section class=\"elementor-section elementor-top-section elementor-element elementor-element-2c2f336 elementor-section-boxed elementor-section-height-default elementor-section-height-default\" data-id=\"2c2f336\" data-element_type=\"section\" data-settings=\"{&quot;background_background&quot;:&quot;classic&quot;}\">\n\t\t\t\t\t\t\t<div class=\"elementor-background-overlay\"><\/div>\n\t\t\t\t\t\t\t<div class=\"elementor-container elementor-column-gap-default\">\n\t\t\t\t\t<div class=\"elementor-column elementor-col-100 elementor-top-column elementor-element elementor-element-15a4a54\" data-id=\"15a4a54\" data-element_type=\"column\">\n\t\t\t<div class=\"elementor-widget-wrap elementor-element-populated\">\n\t\t\t\t\t\t<div class=\"elementor-element elementor-element-fda35f8 elementor-widget elementor-widget-heading\" data-id=\"fda35f8\" data-element_type=\"widget\" data-widget_type=\"heading.default\">\n\t\t\t\t<div class=\"elementor-widget-container\">\n\t\t\t<h2 class=\"elementor-heading-title elementor-size-default\">Isklopni modul IM<\/h2>\t\t<\/div>\n\t\t\t\t<\/div>\n\t\t\t\t<div class=\"elementor-element elementor-element-e624ce1 elementor-icon-list--layout-inline elementor-list-item-link-full_width elementor-widget elementor-widget-icon-list\" data-id=\"e624ce1\" data-element_type=\"widget\" data-widget_type=\"icon-list.default\">\n\t\t\t\t<div class=\"elementor-widget-container\">\n\t\t\t\t\t<ul class=\"elementor-icon-list-items elementor-inline-items\">\n\t\t\t\t\t\t\t<li class=\"elementor-icon-list-item elementor-inline-item\">\n\t\t\t\t\t\t\t\t\t\t\t<a href=\"https:\/\/iel.hr\/iel\">\n\n\t\t\t\t\t\t\t\t\t\t\t<span class=\"elementor-icon-list-text\">IEL<\/span>\n\t\t\t\t\t\t\t\t\t\t\t<\/a>\n\t\t\t\t\t\t\t\t\t<\/li>\n\t\t\t\t\t\t\t\t<li class=\"elementor-icon-list-item elementor-inline-item\">\n\t\t\t\t\t\t\t\t\t\t\t<a href=\"https:\/\/iel.hr\/iel\/hr\/grupe-proizvoda\/\">\n\n\t\t\t\t\t\t\t\t\t\t\t<span class=\"elementor-icon-list-text\">Grupe proizvoda<\/span>\n\t\t\t\t\t\t\t\t\t\t\t<\/a>\n\t\t\t\t\t\t\t\t\t<\/li>\n\t\t\t\t\t\t\t\t<li class=\"elementor-icon-list-item elementor-inline-item\">\n\t\t\t\t\t\t\t\t\t\t\t<a href=\"https:\/\/iel.hr\/iel\/hr\/grupe-proizvoda\/zastita\/\">\n\n\t\t\t\t\t\t\t\t\t\t\t<span class=\"elementor-icon-list-text\">Za\u0161tita<\/span>\n\t\t\t\t\t\t\t\t\t\t\t<\/a>\n\t\t\t\t\t\t\t\t\t<\/li>\n\t\t\t\t\t\t\t\t<li class=\"elementor-icon-list-item elementor-inline-item\">\n\t\t\t\t\t\t\t\t\t\t\t<a href=\"https:\/\/iel.hr\/iel\/hr\/grupe-proizvoda\/zastita\/sustav-zastite-od-elektricnog-luka\/\">\n\n\t\t\t\t\t\t\t\t\t\t\t<span class=\"elementor-icon-list-text\">Sustav za\u0161tite od elektri\u010dnog luka<\/span>\n\t\t\t\t\t\t\t\t\t\t\t<\/a>\n\t\t\t\t\t\t\t\t\t<\/li>\n\t\t\t\t\t\t\t\t<li class=\"elementor-icon-list-item elementor-inline-item\">\n\t\t\t\t\t\t\t\t\t\t<span class=\"elementor-icon-list-text\">Isklopni modul IM<\/span>\n\t\t\t\t\t\t\t\t\t<\/li>\n\t\t\t\t\t\t<\/ul>\n\t\t\t\t<\/div>\n\t\t\t\t<\/div>\n\t\t\t\t\t<\/div>\n\t\t<\/div>\n\t\t\t\t\t<\/div>\n\t\t<\/section>\n\t\t<div class=\"elementor-element elementor-element-867def3 e-flex e-con-boxed e-con e-parent\" data-id=\"867def3\" data-element_type=\"container\">\n\t\t\t\t\t<div class=\"e-con-inner\">\n\t\t<div class=\"elementor-element elementor-element-c6d3af7 e-con-full e-flex e-con e-child\" data-id=\"c6d3af7\" data-element_type=\"container\">\n\t\t\t\t<div class=\"elementor-element elementor-element-b4a1d4b elementor-widget elementor-widget-sidebar\" data-id=\"b4a1d4b\" data-element_type=\"widget\" data-widget_type=\"sidebar.default\">\n\t\t\t\t<div class=\"elementor-widget-container\">\n\t\t\t<div class=\"ywcca_container ywcca_widget_container_style_1\"><h3 class=\"ywcca_widget_title\">Za\u0161tita<\/h3><ul class=\"ywcca_category_accordion_widget category_menu_accordion\" data-highlight_curr_cat=\"on\" data-ywcca_style=\"style_1\" data-ywcca_orderby=\"\" data-ywcca_order=\"\"><ul id=\"menu-zastita\" class=\"ywcca-menu\"><li id=\"menu-item-14235\" class=\"menu-item menu-item-type-post_type menu-item-object-page menu-item-has-children menu-item-14235\"><a href=\"https:\/\/www.iel.hr\/hr\/grupe-proizvoda\/zastita\/sustav-zastite-od-elektricnog-luka\/\" class=\"menu-link\">Sustav za\u0161tite od elektri\u010dnog luka<span role=\"application\" class=\"dropdown-menu-toggle ast-header-navigation-arrow\" tabindex=\"0\" aria-expanded=\"false\" aria-label=\"Menu Toggle\" ><span class=\"ast-icon icon-arrow\"><svg class=\"ast-arrow-svg\" xmlns=\"http:\/\/www.w3.org\/2000\/svg\" xmlns:xlink=\"http:\/\/www.w3.org\/1999\/xlink\" version=\"1.1\" x=\"0px\" y=\"0px\" width=\"26px\" height=\"16.043px\" viewBox=\"57 35.171 26 16.043\" enable-background=\"new 57 35.171 26 16.043\" xml:space=\"preserve\">\n                <path d=\"M57.5,38.193l12.5,12.5l12.5-12.5l-2.5-2.5l-10,10l-10-10L57.5,38.193z\"\/>\n                <\/svg><\/span><\/span><\/a>\n<ul class=\"ywcca-sub-menu\">\n\t<li id=\"menu-item-14382\" class=\"menu-item menu-item-type-custom menu-item-object-custom menu-item-14382\"><a href=\"https:\/\/www.iel.hr\/hr\/grupe-proizvoda\/zastita\/sustav-zastite-od-elektricnog-luka\/zastita-od-elektricnog-luka-zelk-2\/\" class=\"menu-link\"><span class=\"ast-icon icon-arrow\"><svg class=\"ast-arrow-svg\" xmlns=\"http:\/\/www.w3.org\/2000\/svg\" xmlns:xlink=\"http:\/\/www.w3.org\/1999\/xlink\" version=\"1.1\" x=\"0px\" y=\"0px\" width=\"26px\" height=\"16.043px\" viewBox=\"57 35.171 26 16.043\" enable-background=\"new 57 35.171 26 16.043\" xml:space=\"preserve\">\n                <path d=\"M57.5,38.193l12.5,12.5l12.5-12.5l-2.5-2.5l-10,10l-10-10L57.5,38.193z\"\/>\n                <\/svg><\/span>Za\u0161tita od elektri\u010dnog luka ZELK-2<\/a><\/li>\n\t<li id=\"menu-item-14384\" class=\"menu-item menu-item-type-custom menu-item-object-custom menu-item-14384\"><a href=\"https:\/\/www.iel.hr\/hr\/grupe-proizvoda\/zastita\/sustav-zastite-od-elektricnog-luka\/zastita-od-elektricnog-luka-zelk-3\/\" class=\"menu-link\"><span class=\"ast-icon icon-arrow\"><svg class=\"ast-arrow-svg\" xmlns=\"http:\/\/www.w3.org\/2000\/svg\" xmlns:xlink=\"http:\/\/www.w3.org\/1999\/xlink\" version=\"1.1\" x=\"0px\" y=\"0px\" width=\"26px\" height=\"16.043px\" viewBox=\"57 35.171 26 16.043\" enable-background=\"new 57 35.171 26 16.043\" xml:space=\"preserve\">\n                <path d=\"M57.5,38.193l12.5,12.5l12.5-12.5l-2.5-2.5l-10,10l-10-10L57.5,38.193z\"\/>\n                <\/svg><\/span>Za\u0161tita od elektri\u010dnog luka ZELK-3<\/a><\/li>\n\t<li id=\"menu-item-14385\" class=\"menu-item menu-item-type-custom menu-item-object-custom menu-item-14385\"><a href=\"https:\/\/www.iel.hr\/hr\/grupe-proizvoda\/zastita\/sustav-zastite-od-elektricnog-luka\/strujni-modul-sm\/\" class=\"menu-link\"><span class=\"ast-icon icon-arrow\"><svg class=\"ast-arrow-svg\" xmlns=\"http:\/\/www.w3.org\/2000\/svg\" xmlns:xlink=\"http:\/\/www.w3.org\/1999\/xlink\" version=\"1.1\" x=\"0px\" y=\"0px\" width=\"26px\" height=\"16.043px\" viewBox=\"57 35.171 26 16.043\" enable-background=\"new 57 35.171 26 16.043\" xml:space=\"preserve\">\n                <path d=\"M57.5,38.193l12.5,12.5l12.5-12.5l-2.5-2.5l-10,10l-10-10L57.5,38.193z\"\/>\n                <\/svg><\/span>Strujni modul SM<\/a><\/li>\n\t<li id=\"menu-item-14386\" class=\"menu-item menu-item-type-custom menu-item-object-custom menu-item-14386\"><a href=\"https:\/\/www.iel.hr\/hr\/grupe-proizvoda\/zastita\/sustav-zastite-od-elektricnog-luka\/isklopni-modul-im\/\" class=\"menu-link\"><span class=\"ast-icon icon-arrow\"><svg class=\"ast-arrow-svg\" xmlns=\"http:\/\/www.w3.org\/2000\/svg\" xmlns:xlink=\"http:\/\/www.w3.org\/1999\/xlink\" version=\"1.1\" x=\"0px\" y=\"0px\" width=\"26px\" height=\"16.043px\" viewBox=\"57 35.171 26 16.043\" enable-background=\"new 57 35.171 26 16.043\" xml:space=\"preserve\">\n                <path d=\"M57.5,38.193l12.5,12.5l12.5-12.5l-2.5-2.5l-10,10l-10-10L57.5,38.193z\"\/>\n                <\/svg><\/span>Isklopni modul IM<\/a><\/li>\n\t<li id=\"menu-item-14387\" class=\"menu-item menu-item-type-custom menu-item-object-custom menu-item-14387\"><a href=\"https:\/\/www.iel.hr\/hr\/grupe-proizvoda\/zastita\/sustav-zastite-od-elektricnog-luka\/dc-dc-pretvornik-p15\/\" class=\"menu-link\"><span class=\"ast-icon icon-arrow\"><svg class=\"ast-arrow-svg\" xmlns=\"http:\/\/www.w3.org\/2000\/svg\" xmlns:xlink=\"http:\/\/www.w3.org\/1999\/xlink\" version=\"1.1\" x=\"0px\" y=\"0px\" width=\"26px\" height=\"16.043px\" viewBox=\"57 35.171 26 16.043\" enable-background=\"new 57 35.171 26 16.043\" xml:space=\"preserve\">\n                <path d=\"M57.5,38.193l12.5,12.5l12.5-12.5l-2.5-2.5l-10,10l-10-10L57.5,38.193z\"\/>\n                <\/svg><\/span>DC\/DC Pretvornik P15<\/a><\/li>\n\t<li id=\"menu-item-14388\" class=\"menu-item menu-item-type-custom menu-item-object-custom menu-item-14388\"><a href=\"https:\/\/www.iel.hr\/hr\/grupe-proizvoda\/zastita\/sustav-zastite-od-elektricnog-luka\/opticka-sonda-os\/\" class=\"menu-link\"><span class=\"ast-icon icon-arrow\"><svg class=\"ast-arrow-svg\" xmlns=\"http:\/\/www.w3.org\/2000\/svg\" xmlns:xlink=\"http:\/\/www.w3.org\/1999\/xlink\" version=\"1.1\" x=\"0px\" y=\"0px\" width=\"26px\" height=\"16.043px\" viewBox=\"57 35.171 26 16.043\" enable-background=\"new 57 35.171 26 16.043\" xml:space=\"preserve\">\n                <path d=\"M57.5,38.193l12.5,12.5l12.5-12.5l-2.5-2.5l-10,10l-10-10L57.5,38.193z\"\/>\n                <\/svg><\/span>Skretnica sonde SS<\/a><\/li>\n\t<li id=\"menu-item-14389\" class=\"menu-item menu-item-type-custom menu-item-object-custom menu-item-14389\"><a href=\"https:\/\/www.iel.hr\/hr\/grupe-proizvoda\/zastita\/sustav-zastite-od-elektricnog-luka\/opticka-sonda-os\/\" class=\"menu-link\"><span class=\"ast-icon icon-arrow\"><svg class=\"ast-arrow-svg\" xmlns=\"http:\/\/www.w3.org\/2000\/svg\" xmlns:xlink=\"http:\/\/www.w3.org\/1999\/xlink\" version=\"1.1\" x=\"0px\" y=\"0px\" width=\"26px\" height=\"16.043px\" viewBox=\"57 35.171 26 16.043\" enable-background=\"new 57 35.171 26 16.043\" xml:space=\"preserve\">\n                <path d=\"M57.5,38.193l12.5,12.5l12.5-12.5l-2.5-2.5l-10,10l-10-10L57.5,38.193z\"\/>\n                <\/svg><\/span>Opti\u010dka sonda OS<\/a><\/li>\n<\/ul>\n<\/li>\n<li id=\"menu-item-14252\" class=\"menu-item menu-item-type-post_type menu-item-object-page menu-item-has-children menu-item-14252\"><a href=\"https:\/\/www.iel.hr\/hr\/grupe-proizvoda\/zastita\/zastita-voda\/\" class=\"menu-link\">Za\u0161tita voda<span role=\"application\" class=\"dropdown-menu-toggle ast-header-navigation-arrow\" tabindex=\"0\" aria-expanded=\"false\" aria-label=\"Menu Toggle\" ><span class=\"ast-icon icon-arrow\"><svg class=\"ast-arrow-svg\" xmlns=\"http:\/\/www.w3.org\/2000\/svg\" xmlns:xlink=\"http:\/\/www.w3.org\/1999\/xlink\" version=\"1.1\" x=\"0px\" y=\"0px\" width=\"26px\" height=\"16.043px\" viewBox=\"57 35.171 26 16.043\" enable-background=\"new 57 35.171 26 16.043\" xml:space=\"preserve\">\n                <path d=\"M57.5,38.193l12.5,12.5l12.5-12.5l-2.5-2.5l-10,10l-10-10L57.5,38.193z\"\/>\n                <\/svg><\/span><\/span><\/a>\n<ul class=\"ywcca-sub-menu\">\n\t<li id=\"menu-item-14390\" class=\"menu-item menu-item-type-custom menu-item-object-custom menu-item-14390\"><a href=\"#\" class=\"menu-link\"><span class=\"ast-icon icon-arrow\"><svg class=\"ast-arrow-svg\" xmlns=\"http:\/\/www.w3.org\/2000\/svg\" xmlns:xlink=\"http:\/\/www.w3.org\/1999\/xlink\" version=\"1.1\" x=\"0px\" y=\"0px\" width=\"26px\" height=\"16.043px\" viewBox=\"57 35.171 26 16.043\" enable-background=\"new 57 35.171 26 16.043\" xml:space=\"preserve\">\n                <path d=\"M57.5,38.193l12.5,12.5l12.5-12.5l-2.5-2.5l-10,10l-10-10L57.5,38.193z\"\/>\n                <\/svg><\/span>Terminal polja TP-10<\/a><\/li>\n\t<li id=\"menu-item-14391\" class=\"menu-item menu-item-type-custom menu-item-object-custom menu-item-14391\"><a href=\"https:\/\/www.iel.hr\/hr\/grupe-proizvoda\/zastita\/zastita-voda\/nadstrujni-relej-nr-200\/\" class=\"menu-link\"><span class=\"ast-icon icon-arrow\"><svg class=\"ast-arrow-svg\" xmlns=\"http:\/\/www.w3.org\/2000\/svg\" xmlns:xlink=\"http:\/\/www.w3.org\/1999\/xlink\" version=\"1.1\" x=\"0px\" y=\"0px\" width=\"26px\" height=\"16.043px\" viewBox=\"57 35.171 26 16.043\" enable-background=\"new 57 35.171 26 16.043\" xml:space=\"preserve\">\n                <path d=\"M57.5,38.193l12.5,12.5l12.5-12.5l-2.5-2.5l-10,10l-10-10L57.5,38.193z\"\/>\n                <\/svg><\/span>Nadstrujni relej NR-200<\/a><\/li>\n<\/ul>\n<\/li>\n<li id=\"menu-item-14253\" class=\"menu-item menu-item-type-post_type menu-item-object-page menu-item-has-children menu-item-14253\"><a href=\"https:\/\/www.iel.hr\/hr\/grupe-proizvoda\/zastita\/zastita-transformatora\/\" class=\"menu-link\">Za\u0161tita transformatora<span role=\"application\" class=\"dropdown-menu-toggle ast-header-navigation-arrow\" tabindex=\"0\" aria-expanded=\"false\" aria-label=\"Menu Toggle\" ><span class=\"ast-icon icon-arrow\"><svg class=\"ast-arrow-svg\" xmlns=\"http:\/\/www.w3.org\/2000\/svg\" xmlns:xlink=\"http:\/\/www.w3.org\/1999\/xlink\" version=\"1.1\" x=\"0px\" y=\"0px\" width=\"26px\" height=\"16.043px\" viewBox=\"57 35.171 26 16.043\" enable-background=\"new 57 35.171 26 16.043\" xml:space=\"preserve\">\n                <path d=\"M57.5,38.193l12.5,12.5l12.5-12.5l-2.5-2.5l-10,10l-10-10L57.5,38.193z\"\/>\n                <\/svg><\/span><\/span><\/a>\n<ul class=\"ywcca-sub-menu\">\n\t<li id=\"menu-item-14392\" class=\"menu-item menu-item-type-custom menu-item-object-custom menu-item-14392\"><a href=\"https:\/\/www.iel.hr\/hr\/grupe-proizvoda\/zastita\/zastita-transformatora\/nadstrujni-relej-nr-100\/\" class=\"menu-link\"><span class=\"ast-icon icon-arrow\"><svg class=\"ast-arrow-svg\" xmlns=\"http:\/\/www.w3.org\/2000\/svg\" xmlns:xlink=\"http:\/\/www.w3.org\/1999\/xlink\" version=\"1.1\" x=\"0px\" y=\"0px\" width=\"26px\" height=\"16.043px\" viewBox=\"57 35.171 26 16.043\" enable-background=\"new 57 35.171 26 16.043\" xml:space=\"preserve\">\n                <path d=\"M57.5,38.193l12.5,12.5l12.5-12.5l-2.5-2.5l-10,10l-10-10L57.5,38.193z\"\/>\n                <\/svg><\/span>Nadstrujni relej NR-100<\/a><\/li>\n\t<li id=\"menu-item-14393\" class=\"menu-item menu-item-type-custom menu-item-object-custom menu-item-14393\"><a href=\"#\" class=\"menu-link\"><span class=\"ast-icon icon-arrow\"><svg class=\"ast-arrow-svg\" xmlns=\"http:\/\/www.w3.org\/2000\/svg\" xmlns:xlink=\"http:\/\/www.w3.org\/1999\/xlink\" version=\"1.1\" x=\"0px\" y=\"0px\" width=\"26px\" height=\"16.043px\" viewBox=\"57 35.171 26 16.043\" enable-background=\"new 57 35.171 26 16.043\" xml:space=\"preserve\">\n                <path d=\"M57.5,38.193l12.5,12.5l12.5-12.5l-2.5-2.5l-10,10l-10-10L57.5,38.193z\"\/>\n                <\/svg><\/span>Nadstrujni relej NR-300<\/a><\/li>\n<\/ul>\n<\/li>\n<li id=\"menu-item-14254\" class=\"menu-item menu-item-type-post_type menu-item-object-page menu-item-has-children menu-item-14254\"><a href=\"https:\/\/www.iel.hr\/hr\/grupe-proizvoda\/zastita\/zastita-sabirnica\/\" class=\"menu-link\">Za\u0161tita sabirnica<span role=\"application\" class=\"dropdown-menu-toggle ast-header-navigation-arrow\" tabindex=\"0\" aria-expanded=\"false\" aria-label=\"Menu Toggle\" ><span class=\"ast-icon icon-arrow\"><svg class=\"ast-arrow-svg\" xmlns=\"http:\/\/www.w3.org\/2000\/svg\" xmlns:xlink=\"http:\/\/www.w3.org\/1999\/xlink\" version=\"1.1\" x=\"0px\" y=\"0px\" width=\"26px\" height=\"16.043px\" viewBox=\"57 35.171 26 16.043\" enable-background=\"new 57 35.171 26 16.043\" xml:space=\"preserve\">\n                <path d=\"M57.5,38.193l12.5,12.5l12.5-12.5l-2.5-2.5l-10,10l-10-10L57.5,38.193z\"\/>\n                <\/svg><\/span><\/span><\/a>\n<ul class=\"ywcca-sub-menu\">\n\t<li id=\"menu-item-14394\" class=\"menu-item menu-item-type-custom menu-item-object-custom menu-item-14394\"><a href=\"https:\/\/www.iel.hr\/hr\/grupe-proizvoda\/zastita\/zastita-sabirnica\/naponski-relej-vr-100\/\" class=\"menu-link\"><span class=\"ast-icon icon-arrow\"><svg class=\"ast-arrow-svg\" xmlns=\"http:\/\/www.w3.org\/2000\/svg\" xmlns:xlink=\"http:\/\/www.w3.org\/1999\/xlink\" version=\"1.1\" x=\"0px\" y=\"0px\" width=\"26px\" height=\"16.043px\" viewBox=\"57 35.171 26 16.043\" enable-background=\"new 57 35.171 26 16.043\" xml:space=\"preserve\">\n                <path d=\"M57.5,38.193l12.5,12.5l12.5-12.5l-2.5-2.5l-10,10l-10-10L57.5,38.193z\"\/>\n                <\/svg><\/span>Naponski relej VR-100<\/a><\/li>\n\t<li id=\"menu-item-14395\" class=\"menu-item menu-item-type-custom menu-item-object-custom menu-item-14395\"><a href=\"https:\/\/www.iel.hr\/hr\/grupe-proizvoda\/zastita\/zastita-sabirnica\/naponski-relej-vr-50\/\" class=\"menu-link\"><span class=\"ast-icon icon-arrow\"><svg class=\"ast-arrow-svg\" xmlns=\"http:\/\/www.w3.org\/2000\/svg\" xmlns:xlink=\"http:\/\/www.w3.org\/1999\/xlink\" version=\"1.1\" x=\"0px\" y=\"0px\" width=\"26px\" height=\"16.043px\" viewBox=\"57 35.171 26 16.043\" enable-background=\"new 57 35.171 26 16.043\" xml:space=\"preserve\">\n                <path d=\"M57.5,38.193l12.5,12.5l12.5-12.5l-2.5-2.5l-10,10l-10-10L57.5,38.193z\"\/>\n                <\/svg><\/span>Naponski relej VR-50<\/a><\/li>\n<\/ul>\n<\/li>\n<\/ul><\/ul><\/div>\t\t<\/div>\n\t\t\t\t<\/div>\n\t\t\t\t<\/div>\n\t\t<div class=\"elementor-element elementor-element-246eb1e e-con-full e-flex e-con e-child\" data-id=\"246eb1e\" data-element_type=\"container\">\n\t\t\t\t<div class=\"elementor-element elementor-element-262f60c elementor-widget elementor-widget-text-editor\" data-id=\"262f60c\" data-element_type=\"widget\" data-widget_type=\"text-editor.default\">\n\t\t\t\t<div class=\"elementor-widget-container\">\n\t\t\t\t\t\t\t<p>Isklopni modul IM koristi se u sklopu za\u0161tite od elektri\u010dnog luka, a slu\u017ei kao umno\u017eiva\u010d brzih kontakata. U postrojenjima gdje se energija na SN sabirnice dovodi sa vi\u0161e strana (poput tipske TS 110\/X kV), izlazni krug za\u0161titnog ure\u0111aja treba djelovati na sva mjesta odakle je mogu\u0107 dovod energije. Ure\u0111aj za za\u0161titu od elektri\u010dnog luka ZELK-2 ili ZELK-3 povezan sa isklopnim modulom IM (max. 5 stati\u010dkih brzih isklopnih \u010dlanova) u potpunosti ostvaruje tu funkciju.<\/p><ul><li>pet brzih stati\u010dkih isklopnih \u010dlanova<\/li><li>nije potrebno posebno napajanje<\/li><li>izolaciona \u010dvrsto}a 2,5 kV izme\u0111u svih galvanski odvojenih krugova<\/li><li>vrlo male dimenzije, jednostavna monta\u017ea na tra\u010dnicu po DIN EN 50022-35<\/li><\/ul>\t\t\t\t\t\t<\/div>\n\t\t\t\t<\/div>\n\t\t\t\t<div class=\"elementor-element elementor-element-27f2f54 elementor-widget elementor-widget-text-editor\" data-id=\"27f2f54\" data-element_type=\"widget\" data-widget_type=\"text-editor.default\">\n\t\t\t\t<div class=\"elementor-widget-container\">\n\t\t\t\t\t\t\t<p><img decoding=\"async\" class=\"alignnone size-full wp-image-402\" src=\"https:\/\/iel.hr\/iel\/wp-content\/uploads\/2024\/06\/ikona-info.png\" alt=\"\" width=\"32\" height=\"32\"><strong>Katalog <\/strong>je dostupan samo registriranim korisnicima<\/p>\n\n<p>Registracija korisnika ili ulaz za registrirane korisnike<\/p>\n\n<p><a style=\"color: #000;\" href=\"https:\/\/iel.hr\/iel\/isklopni-modul-im\/\" target=\"_blank\" rel=\"noopener\"><img decoding=\"async\" src=\"https:\/\/iel.hr\/iel\/wp-content\/uploads\/2024\/06\/pdf-katalozi-80x80-1.png\" alt=\"\" width=\"64\" height=\"64\">katalo\u0161ki list<\/a><\/p>\t\t\t\t\t\t<\/div>\n\t\t\t\t<\/div>\n\t\t\t\t<\/div>\n\t\t<div class=\"elementor-element elementor-element-94fc3da e-con-full e-flex e-con e-child\" data-id=\"94fc3da\" data-element_type=\"container\">\n\t\t\t\t<div class=\"elementor-element elementor-element-89f2e8e elementor-widget elementor-widget-image\" data-id=\"89f2e8e\" data-element_type=\"widget\" data-widget_type=\"image.default\">\n\t\t\t\t<div class=\"elementor-widget-container\">\n\t\t\t\t\t\t\t\t\t\t\t\t\t\t<a href=\"https:\/\/iel.hr\/iel\/wp-content\/uploads\/2024\/04\/EN-IM-tripping-unit-min-768x667t4.jpg\" data-elementor-open-lightbox=\"yes\" data-elementor-lightbox-title=\"EN-IM-tripping-unit-min-768x667t4\" data-e-action-hash=\"#elementor-action%3Aaction%3Dlightbox%26settings%3DeyJpZCI6MzAwMSwidXJsIjoiaHR0cHM6XC9cL3d3dy5pZWwuaHJcL3dwLWNvbnRlbnRcL3VwbG9hZHNcLzIwMjRcLzA0XC9FTi1JTS10cmlwcGluZy11bml0LW1pbi03Njh4NjY3dDQuanBnIn0%3D\">\n\t\t\t\t\t\t\t<img fetchpriority=\"high\" decoding=\"async\" width=\"768\" height=\"667\" src=\"https:\/\/www.iel.hr\/wp-content\/uploads\/2024\/04\/EN-IM-tripping-unit-min-768x667t4.jpg\" class=\"attachment-large size-large wp-image-3001\" alt=\"\" srcset=\"https:\/\/www.iel.hr\/wp-content\/uploads\/2024\/04\/EN-IM-tripping-unit-min-768x667t4.jpg 768w, https:\/\/www.iel.hr\/wp-content\/uploads\/2024\/04\/EN-IM-tripping-unit-min-768x667t4-600x521.jpg 600w, https:\/\/www.iel.hr\/wp-content\/uploads\/2024\/04\/EN-IM-tripping-unit-min-768x667t4-300x261.jpg 300w\" sizes=\"(max-width: 768px) 100vw, 768px\" \/>\t\t\t\t\t\t\t\t<\/a>\n\t\t\t\t\t\t\t\t\t\t\t\t\t<\/div>\n\t\t\t\t<\/div>\n\t\t\t\t<\/div>\n\t\t\t\t\t<\/div>\n\t\t\t\t<\/div>\n\t\t\t\t<\/div>\n\t\t","protected":false},"excerpt":{"rendered":"<p>Isklopni modul IM IEL Grupe proizvoda Za\u0161tita Sustav za\u0161tite od elektri\u010dnog luka Isklopni modul IM Isklopni modul IM koristi se u sklopu za\u0161tite od elektri\u010dnog luka, a slu\u017ei kao umno\u017eiva\u010d brzih kontakata. U postrojenjima gdje se energija na SN sabirnice dovodi sa vi\u0161e strana (poput tipske TS 110\/X kV), izlazni krug za\u0161titnog ure\u0111aja treba djelovati [&hellip;]<\/p>\n","protected":false},"author":1,"featured_media":0,"parent":9353,"menu_order":0,"comment_status":"closed","ping_status":"closed","template":"","meta":{"site-sidebar-layout":"no-sidebar","site-content-layout":"page-builder","ast-site-content-layout":"full-width-container","site-content-style":"default","site-sidebar-style":"default","ast-global-header-display":"","ast-banner-title-visibility":"","ast-main-header-display":"","ast-hfb-above-header-display":"","ast-hfb-below-header-display":"","ast-hfb-mobile-header-display":"","site-post-title":"disabled","ast-breadcrumbs-content":"","ast-featured-img":"disabled","footer-sml-layout":"","theme-transparent-header-meta":"default","adv-header-id-meta":"","stick-header-meta":"","header-above-stick-meta":"","header-main-stick-meta":"","header-below-stick-meta":"","astra-migrate-meta-layouts":"set","ast-page-background-enabled":"default","ast-page-background-meta":{"desktop":{"background-color":"","background-image":"","background-repeat":"repeat","background-position":"center center","background-size":"auto","background-attachment":"scroll","background-type":"","background-media":"","overlay-type":"","overlay-color":"","overlay-gradient":""},"tablet":{"background-color":"","background-image":"","background-repeat":"repeat","background-position":"center center","background-size":"auto","background-attachment":"scroll","background-type":"","background-media":"","overlay-type":"","overlay-color":"","overlay-gradient":""},"mobile":{"background-color":"","background-image":"","background-repeat":"repeat","background-position":"center center","background-size":"auto","background-attachment":"scroll","background-type":"","background-media":"","overlay-type":"","overlay-color":"","overlay-gradient":""}},"ast-content-background-meta":{"desktop":{"background-color":"var(--ast-global-color-5)","background-image":"","background-repeat":"repeat","background-position":"center center","background-size":"auto","background-attachment":"scroll","background-type":"","background-media":"","overlay-type":"","overlay-color":"","overlay-gradient":""},"tablet":{"background-color":"var(--ast-global-color-5)","background-image":"","background-repeat":"repeat","background-position":"center center","background-size":"auto","background-attachment":"scroll","background-type":"","background-media":"","overlay-type":"","overlay-color":"","overlay-gradient":""},"mobile":{"background-color":"var(--ast-global-color-5)","background-image":"","background-repeat":"repeat","background-position":"center center","background-size":"auto","background-attachment":"scroll","background-type":"","background-media":"","overlay-type":"","overlay-color":"","overlay-gradient":""}},"footnotes":""},"class_list":["post-9441","page","type-page","status-publish","hentry"],"_links":{"self":[{"href":"https:\/\/www.iel.hr\/hr\/wp-json\/wp\/v2\/pages\/9441","targetHints":{"allow":["GET"]}}],"collection":[{"href":"https:\/\/www.iel.hr\/hr\/wp-json\/wp\/v2\/pages"}],"about":[{"href":"https:\/\/www.iel.hr\/hr\/wp-json\/wp\/v2\/types\/page"}],"author":[{"embeddable":true,"href":"https:\/\/www.iel.hr\/hr\/wp-json\/wp\/v2\/users\/1"}],"replies":[{"embeddable":true,"href":"https:\/\/www.iel.hr\/hr\/wp-json\/wp\/v2\/comments?post=9441"}],"version-history":[{"count":0,"href":"https:\/\/www.iel.hr\/hr\/wp-json\/wp\/v2\/pages\/9441\/revisions"}],"up":[{"embeddable":true,"href":"https:\/\/www.iel.hr\/hr\/wp-json\/wp\/v2\/pages\/9353"}],"wp:attachment":[{"href":"https:\/\/www.iel.hr\/hr\/wp-json\/wp\/v2\/media?parent=9441"}],"curies":[{"name":"wp","href":"https:\/\/api.w.org\/{rel}","templated":true}]}}