{"id":7995,"date":"2024-06-05T09:49:45","date_gmt":"2024-06-05T09:49:45","guid":{"rendered":"https:\/\/www.iel.hr\/?page_id=7995"},"modified":"2025-02-13T13:56:48","modified_gmt":"2025-02-13T12:56:48","slug":"alarm-monitor-am-32","status":"publish","type":"page","link":"https:\/\/www.iel.hr\/hr\/grupe-proizvoda\/alarmna-signalizacija\/alarm-monitori-i-analogni-monitori\/alarm-monitor-am-32\/","title":{"rendered":"Alarm monitor AM-32"},"content":{"rendered":"\t\t<div data-elementor-type=\"wp-page\" data-elementor-id=\"7995\" class=\"elementor elementor-7995\">\n\t\t\t\t\t\t<section class=\"elementor-section elementor-top-section elementor-element elementor-element-aff34cd elementor-section-boxed elementor-section-height-default elementor-section-height-default\" data-id=\"aff34cd\" data-element_type=\"section\" data-settings=\"{&quot;background_background&quot;:&quot;classic&quot;}\">\n\t\t\t\t\t\t\t<div class=\"elementor-background-overlay\"><\/div>\n\t\t\t\t\t\t\t<div class=\"elementor-container elementor-column-gap-default\">\n\t\t\t\t\t<div class=\"elementor-column elementor-col-100 elementor-top-column elementor-element elementor-element-d7c6287\" data-id=\"d7c6287\" data-element_type=\"column\">\n\t\t\t<div class=\"elementor-widget-wrap elementor-element-populated\">\n\t\t\t\t\t\t<div class=\"elementor-element elementor-element-c2678f7 elementor-widget elementor-widget-heading\" data-id=\"c2678f7\" data-element_type=\"widget\" data-widget_type=\"heading.default\">\n\t\t\t\t<div class=\"elementor-widget-container\">\n\t\t\t<h2 class=\"elementor-heading-title elementor-size-default\">Alarm monitor AM-32<\/h2>\t\t<\/div>\n\t\t\t\t<\/div>\n\t\t\t\t<div class=\"elementor-element elementor-element-c3c929a elementor-icon-list--layout-inline elementor-list-item-link-full_width elementor-widget elementor-widget-icon-list\" data-id=\"c3c929a\" data-element_type=\"widget\" data-widget_type=\"icon-list.default\">\n\t\t\t\t<div class=\"elementor-widget-container\">\n\t\t\t\t\t<ul class=\"elementor-icon-list-items elementor-inline-items\">\n\t\t\t\t\t\t\t<li class=\"elementor-icon-list-item elementor-inline-item\">\n\t\t\t\t\t\t\t\t\t\t\t<a href=\"https:\/\/iel.hr\/iel\">\n\n\t\t\t\t\t\t\t\t\t\t\t<span class=\"elementor-icon-list-text\">IEL<\/span>\n\t\t\t\t\t\t\t\t\t\t\t<\/a>\n\t\t\t\t\t\t\t\t\t<\/li>\n\t\t\t\t\t\t\t\t<li class=\"elementor-icon-list-item elementor-inline-item\">\n\t\t\t\t\t\t\t\t\t\t\t<a href=\"https:\/\/iel.hr\/iel\/hr\/grupe-proizvoda\/\">\n\n\t\t\t\t\t\t\t\t\t\t\t<span class=\"elementor-icon-list-text\">Grupe proizvoda<\/span>\n\t\t\t\t\t\t\t\t\t\t\t<\/a>\n\t\t\t\t\t\t\t\t\t<\/li>\n\t\t\t\t\t\t\t\t<li class=\"elementor-icon-list-item elementor-inline-item\">\n\t\t\t\t\t\t\t\t\t\t\t<a href=\"https:\/\/iel.hr\/iel\/hr\/grupe-proizvoda\/alarmna-signalizacija\/\">\n\n\t\t\t\t\t\t\t\t\t\t\t<span class=\"elementor-icon-list-text\">Alarmna signalizacija<\/span>\n\t\t\t\t\t\t\t\t\t\t\t<\/a>\n\t\t\t\t\t\t\t\t\t<\/li>\n\t\t\t\t\t\t\t\t<li class=\"elementor-icon-list-item elementor-inline-item\">\n\t\t\t\t\t\t\t\t\t\t\t<a href=\"https:\/\/iel.hr\/iel\/hr\/grupe-proizvoda\/alarmna-signalizacija\/alarm-monitori-i-analogni-monitori\/\">\n\n\t\t\t\t\t\t\t\t\t\t\t<span class=\"elementor-icon-list-text\">Alarm monitori i Analogni monitori<\/span>\n\t\t\t\t\t\t\t\t\t\t\t<\/a>\n\t\t\t\t\t\t\t\t\t<\/li>\n\t\t\t\t\t\t\t\t<li class=\"elementor-icon-list-item elementor-inline-item\">\n\t\t\t\t\t\t\t\t\t\t<span class=\"elementor-icon-list-text\">Alarm monitor AM-32<\/span>\n\t\t\t\t\t\t\t\t\t<\/li>\n\t\t\t\t\t\t<\/ul>\n\t\t\t\t<\/div>\n\t\t\t\t<\/div>\n\t\t\t\t\t<\/div>\n\t\t<\/div>\n\t\t\t\t\t<\/div>\n\t\t<\/section>\n\t\t<div class=\"elementor-element elementor-element-8fd9188 e-flex e-con-boxed e-con e-parent\" data-id=\"8fd9188\" data-element_type=\"container\">\n\t\t\t\t\t<div class=\"e-con-inner\">\n\t\t<div class=\"elementor-element elementor-element-21c7a54 e-con-full e-flex e-con e-child\" data-id=\"21c7a54\" data-element_type=\"container\">\n\t\t\t\t<div class=\"elementor-element elementor-element-cbf376c elementor-widget elementor-widget-sidebar\" data-id=\"cbf376c\" data-element_type=\"widget\" data-widget_type=\"sidebar.default\">\n\t\t\t\t<div class=\"elementor-widget-container\">\n\t\t\t<div class=\"ywcca_container ywcca_widget_container_style_1\"><h3 class=\"ywcca_widget_title\">Alarmna signalizacija<\/h3><ul class=\"ywcca_category_accordion_widget category_menu_accordion\" data-highlight_curr_cat=\"on\" data-ywcca_style=\"style_1\" data-ywcca_orderby=\"\" data-ywcca_order=\"\"><ul id=\"menu-alarmna-signalizacija\" class=\"ywcca-menu\"><li id=\"menu-item-14537\" class=\"menu-item menu-item-type-post_type menu-item-object-page menu-item-has-children menu-item-14537\"><a href=\"https:\/\/www.iel.hr\/hr\/grupe-proizvoda\/alarmna-signalizacija\/alarm-monitori-i-analogni-monitori\/\" class=\"menu-link\">Alarm monitori i Analogni monitori<span role=\"application\" class=\"dropdown-menu-toggle ast-header-navigation-arrow\" tabindex=\"0\" aria-expanded=\"false\" aria-label=\"Menu Toggle\" ><span class=\"ast-icon icon-arrow\"><svg class=\"ast-arrow-svg\" xmlns=\"http:\/\/www.w3.org\/2000\/svg\" xmlns:xlink=\"http:\/\/www.w3.org\/1999\/xlink\" version=\"1.1\" x=\"0px\" y=\"0px\" width=\"26px\" height=\"16.043px\" viewBox=\"57 35.171 26 16.043\" enable-background=\"new 57 35.171 26 16.043\" xml:space=\"preserve\">\n                <path d=\"M57.5,38.193l12.5,12.5l12.5-12.5l-2.5-2.5l-10,10l-10-10L57.5,38.193z\"\/>\n                <\/svg><\/span><\/span><\/a>\n<ul class=\"ywcca-sub-menu\">\n\t<li id=\"menu-item-14541\" class=\"menu-item menu-item-type-custom menu-item-object-custom menu-item-14541\"><a href=\"https:\/\/www.iel.hr\/hr\/grupe-proizvoda\/alarmna-signalizacija\/alarm-monitori-i-analogni-monitori\/alarm-monitor-am-xx\/\" class=\"menu-link\"><span class=\"ast-icon icon-arrow\"><svg class=\"ast-arrow-svg\" xmlns=\"http:\/\/www.w3.org\/2000\/svg\" xmlns:xlink=\"http:\/\/www.w3.org\/1999\/xlink\" version=\"1.1\" x=\"0px\" y=\"0px\" width=\"26px\" height=\"16.043px\" viewBox=\"57 35.171 26 16.043\" enable-background=\"new 57 35.171 26 16.043\" xml:space=\"preserve\">\n                <path d=\"M57.5,38.193l12.5,12.5l12.5-12.5l-2.5-2.5l-10,10l-10-10L57.5,38.193z\"\/>\n                <\/svg><\/span>Alarm monitor AM-xx<\/a><\/li>\n\t<li id=\"menu-item-14542\" class=\"menu-item menu-item-type-custom menu-item-object-custom menu-item-14542\"><a href=\"https:\/\/www.iel.hr\/hr\/grupe-proizvoda\/alarmna-signalizacija\/alarm-monitori-i-analogni-monitori\/alarm-monitor-am-xxe\/\" class=\"menu-link\"><span class=\"ast-icon icon-arrow\"><svg class=\"ast-arrow-svg\" xmlns=\"http:\/\/www.w3.org\/2000\/svg\" xmlns:xlink=\"http:\/\/www.w3.org\/1999\/xlink\" version=\"1.1\" x=\"0px\" y=\"0px\" width=\"26px\" height=\"16.043px\" viewBox=\"57 35.171 26 16.043\" enable-background=\"new 57 35.171 26 16.043\" xml:space=\"preserve\">\n                <path d=\"M57.5,38.193l12.5,12.5l12.5-12.5l-2.5-2.5l-10,10l-10-10L57.5,38.193z\"\/>\n                <\/svg><\/span>Alarm monitor AM-xxE<\/a><\/li>\n\t<li id=\"menu-item-14543\" class=\"menu-item menu-item-type-custom menu-item-object-custom menu-item-14543\"><a href=\"https:\/\/www.iel.hr\/hr\/grupe-proizvoda\/alarmna-signalizacija\/alarm-monitori-i-analogni-monitori\/alarm-monitor-am-32\/\" class=\"menu-link\"><span class=\"ast-icon icon-arrow\"><svg class=\"ast-arrow-svg\" xmlns=\"http:\/\/www.w3.org\/2000\/svg\" xmlns:xlink=\"http:\/\/www.w3.org\/1999\/xlink\" version=\"1.1\" x=\"0px\" y=\"0px\" width=\"26px\" height=\"16.043px\" viewBox=\"57 35.171 26 16.043\" enable-background=\"new 57 35.171 26 16.043\" xml:space=\"preserve\">\n                <path d=\"M57.5,38.193l12.5,12.5l12.5-12.5l-2.5-2.5l-10,10l-10-10L57.5,38.193z\"\/>\n                <\/svg><\/span>Alarm monitor AM-32<\/a><\/li>\n\t<li id=\"menu-item-14544\" class=\"menu-item menu-item-type-custom menu-item-object-custom menu-item-14544\"><a href=\"https:\/\/www.iel.hr\/hr\/grupe-proizvoda\/alarmna-signalizacija\/alarm-monitori-i-analogni-monitori\/alarm-monitor-am-64\/\" class=\"menu-link\"><span class=\"ast-icon icon-arrow\"><svg class=\"ast-arrow-svg\" xmlns=\"http:\/\/www.w3.org\/2000\/svg\" xmlns:xlink=\"http:\/\/www.w3.org\/1999\/xlink\" version=\"1.1\" x=\"0px\" y=\"0px\" width=\"26px\" height=\"16.043px\" viewBox=\"57 35.171 26 16.043\" enable-background=\"new 57 35.171 26 16.043\" xml:space=\"preserve\">\n                <path d=\"M57.5,38.193l12.5,12.5l12.5-12.5l-2.5-2.5l-10,10l-10-10L57.5,38.193z\"\/>\n                <\/svg><\/span>Alarm monitor AM-64<\/a><\/li>\n\t<li id=\"menu-item-14545\" class=\"menu-item menu-item-type-custom menu-item-object-custom menu-item-14545\"><a href=\"https:\/\/www.iel.hr\/hr\/grupe-proizvoda\/alarmna-signalizacija\/alarm-monitori-i-analogni-monitori\/analogni-monitor-ana-3\/\" class=\"menu-link\"><span class=\"ast-icon icon-arrow\"><svg class=\"ast-arrow-svg\" xmlns=\"http:\/\/www.w3.org\/2000\/svg\" xmlns:xlink=\"http:\/\/www.w3.org\/1999\/xlink\" version=\"1.1\" x=\"0px\" y=\"0px\" width=\"26px\" height=\"16.043px\" viewBox=\"57 35.171 26 16.043\" enable-background=\"new 57 35.171 26 16.043\" xml:space=\"preserve\">\n                <path d=\"M57.5,38.193l12.5,12.5l12.5-12.5l-2.5-2.5l-10,10l-10-10L57.5,38.193z\"\/>\n                <\/svg><\/span>Analogni monitor ANA-3<\/a><\/li>\n\t<li id=\"menu-item-14546\" class=\"menu-item menu-item-type-custom menu-item-object-custom menu-item-14546\"><a href=\"https:\/\/www.iel.hr\/hr\/grupe-proizvoda\/alarmna-signalizacija\/alarm-monitori-i-analogni-monitori\/analogni-monitor-ana-6\/\" class=\"menu-link\"><span class=\"ast-icon icon-arrow\"><svg class=\"ast-arrow-svg\" xmlns=\"http:\/\/www.w3.org\/2000\/svg\" xmlns:xlink=\"http:\/\/www.w3.org\/1999\/xlink\" version=\"1.1\" x=\"0px\" y=\"0px\" width=\"26px\" height=\"16.043px\" viewBox=\"57 35.171 26 16.043\" enable-background=\"new 57 35.171 26 16.043\" xml:space=\"preserve\">\n                <path d=\"M57.5,38.193l12.5,12.5l12.5-12.5l-2.5-2.5l-10,10l-10-10L57.5,38.193z\"\/>\n                <\/svg><\/span>Analogni monitor ANA-6<\/a><\/li>\n<\/ul>\n<\/li>\n<\/ul><\/ul><\/div>\t\t<\/div>\n\t\t\t\t<\/div>\n\t\t\t\t<\/div>\n\t\t<div class=\"elementor-element elementor-element-bc2be2a e-con-full e-flex e-con e-child\" data-id=\"bc2be2a\" data-element_type=\"container\">\n\t\t\t\t<div class=\"elementor-element elementor-element-1b5622d elementor-widget elementor-widget-text-editor\" data-id=\"1b5622d\" data-element_type=\"widget\" data-widget_type=\"text-editor.default\">\n\t\t\t\t<div class=\"elementor-widget-container\">\n\t\t\t\t\t\t\t<p>Alarm monitor AM-32 koristi se u postrojenjima gdje se \u017eeli kontinuirano nadzirati veliki broj alarmnih kontakata. Monitor prepoznaje alarmno stanje postrojenja preko beznaponskog kontakta, a zatim svjetlosno, zvu\u010dno, relejno i komunikacijski signalizira alarm u postrojenju. Budu\u0107i da alarm monitor ispunjava najstro\u017ee zahtjeve u pogledu pouzdanosti i raspolo\u017eivosti namijenjen je za primjenu u energetskim, industrijskim i procesnim postrojenjima.<\/p><ul><li>mikroprocesorska obrada 32 alarmna signala<\/li><li>obrada alarma u skladu sa DIN 19235 ili ISA alarmnim sekvencama<\/li><li>samotestiranje, lokalna i daljinska signalizacija raspolo\u017eivosti ure\u0111aja<\/li><li>vlastito napajanje ulaznih kontakata galvanski odvojeno od napajanja monitora<\/li><li>velika otpornost na tranzijente<\/li><li>mogu\u0107nost ograni\u010denja trajanja zvu\u010dnog signala<\/li><li>svjetlosno signaliziranje prvog alarma dvostrukom frekvencijom<\/li><li>sinkronizacija treptanja svjetlosne signalizacije vi\u0161e jedinica<\/li><li>jednostavno programiranje monitora na terenu<\/li><li>jednostavno upisivanje teksta pojedinog kanala u relativno veliki obrazac (50 karaktera)<\/li><li>ugradnja u 19\u2033 monta\u017eni okvir<\/li><li>jednostavan priklju\u010dak upotrebom uti\u010dne stezaljke<\/li><li>mogu\u0107nost komunikacije RS485, F.O., ETHERNET sa nadre\u0111enim SCADA sustavom<\/li><li>protokoli komunikacije: MODBUS RTU (TCP), PROFIBUS DP, IEC 60870-5-101(104), IEC 61850<\/li><\/ul>\t\t\t\t\t\t<\/div>\n\t\t\t\t<\/div>\n\t\t\t\t<div class=\"elementor-element elementor-element-00ce278 elementor-widget elementor-widget-text-editor\" data-id=\"00ce278\" data-element_type=\"widget\" data-widget_type=\"text-editor.default\">\n\t\t\t\t<div class=\"elementor-widget-container\">\n\t\t\t\t\t\t\t<img decoding=\"async\" class=\"alignnone size-full wp-image-402\" src=\"https:\/\/iel.hr\/wp-content\/uploads\/2024\/06\/ikona-info.png\" alt=\"\" width=\"32\" height=\"32\" \/><strong>Katalog <\/strong>je dostupan samo registriranim korisnicima\n\nRegistracija korisnika ili ulaz za registrirane korisnike\n\n<a style=\"color: #000;\" href=\"https:\/\/iel.hr\/alarm-monitor-am-32\/\" target=\"_blank\" rel=\"noopener\"><img decoding=\"async\" src=\"https:\/\/iel.hr\/wp-content\/uploads\/2024\/06\/pdf-katalozi-80x80-1.png\" alt=\"\" width=\"64\" height=\"64\" \/>katalo\u0161ki list<\/a>\t\t\t\t\t\t<\/div>\n\t\t\t\t<\/div>\n\t\t\t\t<\/div>\n\t\t<div class=\"elementor-element elementor-element-7536eda e-con-full e-flex e-con e-child\" data-id=\"7536eda\" data-element_type=\"container\">\n\t\t\t\t<div class=\"elementor-element elementor-element-013c42d elementor-widget elementor-widget-image\" data-id=\"013c42d\" data-element_type=\"widget\" data-widget_type=\"image.default\">\n\t\t\t\t<div class=\"elementor-widget-container\">\n\t\t\t\t\t\t\t\t\t\t\t\t\t\t<a href=\"https:\/\/iel.hr\/iel\/wp-content\/uploads\/2024\/06\/AM-32-alarm-monitor-650x201-2.jpg\" data-elementor-open-lightbox=\"yes\" data-elementor-lightbox-title=\"AM-32-alarm-monitor-650x201\" data-e-action-hash=\"#elementor-action%3Aaction%3Dlightbox%26settings%3DeyJpZCI6Nzk5OCwidXJsIjoiaHR0cHM6XC9cL3d3dy5pZWwuaHJcL3dwLWNvbnRlbnRcL3VwbG9hZHNcLzIwMjRcLzA2XC9BTS0zMi1hbGFybS1tb25pdG9yLTY1MHgyMDEtMi5qcGcifQ%3D%3D\">\n\t\t\t\t\t\t\t<img fetchpriority=\"high\" decoding=\"async\" width=\"650\" height=\"201\" src=\"https:\/\/www.iel.hr\/wp-content\/uploads\/2024\/06\/AM-32-alarm-monitor-650x201-2.jpg\" class=\"attachment-large size-large wp-image-7998\" alt=\"\" srcset=\"https:\/\/www.iel.hr\/wp-content\/uploads\/2024\/06\/AM-32-alarm-monitor-650x201-2.jpg 650w, https:\/\/www.iel.hr\/wp-content\/uploads\/2024\/06\/AM-32-alarm-monitor-650x201-2-300x93.jpg 300w, https:\/\/www.iel.hr\/wp-content\/uploads\/2024\/06\/AM-32-alarm-monitor-650x201-2-600x186.jpg 600w\" sizes=\"(max-width: 650px) 100vw, 650px\" \/>\t\t\t\t\t\t\t\t<\/a>\n\t\t\t\t\t\t\t\t\t\t\t\t\t<\/div>\n\t\t\t\t<\/div>\n\t\t\t\t<\/div>\n\t\t\t\t\t<\/div>\n\t\t\t\t<\/div>\n\t\t\t\t<\/div>\n\t\t","protected":false},"excerpt":{"rendered":"<p>Alarm monitor AM-32 IEL Grupe proizvoda Alarmna signalizacija Alarm monitori i Analogni monitori Alarm monitor AM-32 Alarm monitor AM-32 koristi se u postrojenjima gdje se \u017eeli kontinuirano nadzirati veliki broj alarmnih kontakata. Monitor prepoznaje alarmno stanje postrojenja preko beznaponskog kontakta, a zatim svjetlosno, zvu\u010dno, relejno i komunikacijski signalizira alarm u postrojenju. Budu\u0107i da alarm monitor [&hellip;]<\/p>\n","protected":false},"author":1,"featured_media":0,"parent":7971,"menu_order":0,"comment_status":"closed","ping_status":"closed","template":"","meta":{"site-sidebar-layout":"no-sidebar","site-content-layout":"page-builder","ast-site-content-layout":"full-width-container","site-content-style":"default","site-sidebar-style":"default","ast-global-header-display":"","ast-banner-title-visibility":"","ast-main-header-display":"","ast-hfb-above-header-display":"","ast-hfb-below-header-display":"","ast-hfb-mobile-header-display":"","site-post-title":"disabled","ast-breadcrumbs-content":"","ast-featured-img":"disabled","footer-sml-layout":"","theme-transparent-header-meta":"default","adv-header-id-meta":"","stick-header-meta":"","header-above-stick-meta":"","header-main-stick-meta":"","header-below-stick-meta":"","astra-migrate-meta-layouts":"set","ast-page-background-enabled":"default","ast-page-background-meta":{"desktop":{"background-color":"","background-image":"","background-repeat":"repeat","background-position":"center center","background-size":"auto","background-attachment":"scroll","background-type":"","background-media":"","overlay-type":"","overlay-color":"","overlay-gradient":""},"tablet":{"background-color":"","background-image":"","background-repeat":"repeat","background-position":"center center","background-size":"auto","background-attachment":"scroll","background-type":"","background-media":"","overlay-type":"","overlay-color":"","overlay-gradient":""},"mobile":{"background-color":"","background-image":"","background-repeat":"repeat","background-position":"center center","background-size":"auto","background-attachment":"scroll","background-type":"","background-media":"","overlay-type":"","overlay-color":"","overlay-gradient":""}},"ast-content-background-meta":{"desktop":{"background-color":"var(--ast-global-color-5)","background-image":"","background-repeat":"repeat","background-position":"center center","background-size":"auto","background-attachment":"scroll","background-type":"","background-media":"","overlay-type":"","overlay-color":"","overlay-gradient":""},"tablet":{"background-color":"var(--ast-global-color-5)","background-image":"","background-repeat":"repeat","background-position":"center center","background-size":"auto","background-attachment":"scroll","background-type":"","background-media":"","overlay-type":"","overlay-color":"","overlay-gradient":""},"mobile":{"background-color":"var(--ast-global-color-5)","background-image":"","background-repeat":"repeat","background-position":"center center","background-size":"auto","background-attachment":"scroll","background-type":"","background-media":"","overlay-type":"","overlay-color":"","overlay-gradient":""}},"footnotes":""},"class_list":["post-7995","page","type-page","status-publish","hentry"],"_links":{"self":[{"href":"https:\/\/www.iel.hr\/hr\/wp-json\/wp\/v2\/pages\/7995","targetHints":{"allow":["GET"]}}],"collection":[{"href":"https:\/\/www.iel.hr\/hr\/wp-json\/wp\/v2\/pages"}],"about":[{"href":"https:\/\/www.iel.hr\/hr\/wp-json\/wp\/v2\/types\/page"}],"author":[{"embeddable":true,"href":"https:\/\/www.iel.hr\/hr\/wp-json\/wp\/v2\/users\/1"}],"replies":[{"embeddable":true,"href":"https:\/\/www.iel.hr\/hr\/wp-json\/wp\/v2\/comments?post=7995"}],"version-history":[{"count":0,"href":"https:\/\/www.iel.hr\/hr\/wp-json\/wp\/v2\/pages\/7995\/revisions"}],"up":[{"embeddable":true,"href":"https:\/\/www.iel.hr\/hr\/wp-json\/wp\/v2\/pages\/7971"}],"wp:attachment":[{"href":"https:\/\/www.iel.hr\/hr\/wp-json\/wp\/v2\/media?parent=7995"}],"curies":[{"name":"wp","href":"https:\/\/api.w.org\/{rel}","templated":true}]}}