{"id":11197,"date":"2024-06-12T06:22:17","date_gmt":"2024-06-12T06:22:17","guid":{"rendered":"https:\/\/www.iel.hr\/?page_id=11197"},"modified":"2025-02-13T14:01:18","modified_gmt":"2025-02-13T13:01:18","slug":"analogni-monitor-ana-3","status":"publish","type":"page","link":"https:\/\/www.iel.hr\/hr\/grupe-proizvoda\/alarmna-signalizacija\/alarm-monitori-i-analogni-monitori\/analogni-monitor-ana-3\/","title":{"rendered":"Analogni monitor ANA-3"},"content":{"rendered":"\t\t<div data-elementor-type=\"wp-page\" data-elementor-id=\"11197\" class=\"elementor elementor-11197\">\n\t\t\t\t\t\t<section class=\"elementor-section elementor-top-section elementor-element elementor-element-fb7ca2f elementor-section-boxed elementor-section-height-default elementor-section-height-default\" data-id=\"fb7ca2f\" data-element_type=\"section\" data-settings=\"{&quot;background_background&quot;:&quot;classic&quot;}\">\n\t\t\t\t\t\t\t<div class=\"elementor-background-overlay\"><\/div>\n\t\t\t\t\t\t\t<div class=\"elementor-container elementor-column-gap-default\">\n\t\t\t\t\t<div class=\"elementor-column elementor-col-100 elementor-top-column elementor-element elementor-element-a4425f2\" data-id=\"a4425f2\" data-element_type=\"column\">\n\t\t\t<div class=\"elementor-widget-wrap elementor-element-populated\">\n\t\t\t\t\t\t<div class=\"elementor-element elementor-element-cdc9052 elementor-widget elementor-widget-heading\" data-id=\"cdc9052\" data-element_type=\"widget\" data-widget_type=\"heading.default\">\n\t\t\t\t<div class=\"elementor-widget-container\">\n\t\t\t<h2 class=\"elementor-heading-title elementor-size-default\">Analogni monitor ANA-3<\/h2>\t\t<\/div>\n\t\t\t\t<\/div>\n\t\t\t\t<div class=\"elementor-element elementor-element-69a3360 elementor-icon-list--layout-inline elementor-list-item-link-full_width elementor-widget elementor-widget-icon-list\" data-id=\"69a3360\" data-element_type=\"widget\" data-widget_type=\"icon-list.default\">\n\t\t\t\t<div class=\"elementor-widget-container\">\n\t\t\t\t\t<ul class=\"elementor-icon-list-items elementor-inline-items\">\n\t\t\t\t\t\t\t<li class=\"elementor-icon-list-item elementor-inline-item\">\n\t\t\t\t\t\t\t\t\t\t\t<a href=\"https:\/\/iel.hr\/iel\">\n\n\t\t\t\t\t\t\t\t\t\t\t<span class=\"elementor-icon-list-text\">IEL<\/span>\n\t\t\t\t\t\t\t\t\t\t\t<\/a>\n\t\t\t\t\t\t\t\t\t<\/li>\n\t\t\t\t\t\t\t\t<li class=\"elementor-icon-list-item elementor-inline-item\">\n\t\t\t\t\t\t\t\t\t\t\t<a href=\"https:\/\/iel.hr\/iel\/hr\/grupe-proizvoda\/\">\n\n\t\t\t\t\t\t\t\t\t\t\t<span class=\"elementor-icon-list-text\">Grupe proizvoda<\/span>\n\t\t\t\t\t\t\t\t\t\t\t<\/a>\n\t\t\t\t\t\t\t\t\t<\/li>\n\t\t\t\t\t\t\t\t<li class=\"elementor-icon-list-item elementor-inline-item\">\n\t\t\t\t\t\t\t\t\t\t\t<a href=\"https:\/\/iel.hr\/iel\/hr\/grupe-proizvoda\/alarmna-signalizacija\/\">\n\n\t\t\t\t\t\t\t\t\t\t\t<span class=\"elementor-icon-list-text\">Alarmna signalizacija<\/span>\n\t\t\t\t\t\t\t\t\t\t\t<\/a>\n\t\t\t\t\t\t\t\t\t<\/li>\n\t\t\t\t\t\t\t\t<li class=\"elementor-icon-list-item elementor-inline-item\">\n\t\t\t\t\t\t\t\t\t\t\t<a href=\"https:\/\/iel.hr\/iel\/hr\/grupe-proizvoda\/alarmna-signalizacija\/alarm-monitori-i-analogni-monitori\/\">\n\n\t\t\t\t\t\t\t\t\t\t\t<span class=\"elementor-icon-list-text\">Alarm monitori i Analogni monitori<\/span>\n\t\t\t\t\t\t\t\t\t\t\t<\/a>\n\t\t\t\t\t\t\t\t\t<\/li>\n\t\t\t\t\t\t\t\t<li class=\"elementor-icon-list-item elementor-inline-item\">\n\t\t\t\t\t\t\t\t\t\t<span class=\"elementor-icon-list-text\">Analogni monitor ANA-3<\/span>\n\t\t\t\t\t\t\t\t\t<\/li>\n\t\t\t\t\t\t<\/ul>\n\t\t\t\t<\/div>\n\t\t\t\t<\/div>\n\t\t\t\t\t<\/div>\n\t\t<\/div>\n\t\t\t\t\t<\/div>\n\t\t<\/section>\n\t\t<div class=\"elementor-element elementor-element-db561ca e-flex e-con-boxed e-con e-parent\" data-id=\"db561ca\" data-element_type=\"container\">\n\t\t\t\t\t<div class=\"e-con-inner\">\n\t\t<div class=\"elementor-element elementor-element-6a12f72 e-con-full e-flex e-con e-child\" data-id=\"6a12f72\" data-element_type=\"container\">\n\t\t\t\t<div class=\"elementor-element elementor-element-e55f6de elementor-widget elementor-widget-sidebar\" data-id=\"e55f6de\" data-element_type=\"widget\" data-widget_type=\"sidebar.default\">\n\t\t\t\t<div class=\"elementor-widget-container\">\n\t\t\t<div class=\"ywcca_container ywcca_widget_container_style_1\"><h3 class=\"ywcca_widget_title\">Alarm Signalization<\/h3><ul class=\"ywcca_category_accordion_widget category_menu_accordion\" data-highlight_curr_cat=\"on\" data-ywcca_style=\"style_1\" data-ywcca_orderby=\"\" data-ywcca_order=\"\"><ul id=\"menu-alarm-signalization\" class=\"ywcca-menu\"><li id=\"menu-item-18157\" class=\"menu-item menu-item-type-post_type menu-item-object-page menu-item-has-children menu-item-18157\"><a href=\"https:\/\/www.iel.hr\/product-groups\/alarm-signalization\/alarm-monitors-and-analog-monitors\/\" class=\"menu-link\">Alarm monitori i Analogni monitori<span role=\"application\" class=\"dropdown-menu-toggle ast-header-navigation-arrow\" tabindex=\"0\" aria-expanded=\"false\" aria-label=\"Menu Toggle\" ><span class=\"ast-icon icon-arrow\"><svg class=\"ast-arrow-svg\" xmlns=\"http:\/\/www.w3.org\/2000\/svg\" xmlns:xlink=\"http:\/\/www.w3.org\/1999\/xlink\" version=\"1.1\" x=\"0px\" y=\"0px\" width=\"26px\" height=\"16.043px\" viewBox=\"57 35.171 26 16.043\" enable-background=\"new 57 35.171 26 16.043\" xml:space=\"preserve\">\n                <path d=\"M57.5,38.193l12.5,12.5l12.5-12.5l-2.5-2.5l-10,10l-10-10L57.5,38.193z\"\/>\n                <\/svg><\/span><\/span><\/a>\n<ul class=\"ywcca-sub-menu\">\n\t<li id=\"menu-item-18159\" class=\"menu-item menu-item-type-post_type menu-item-object-page menu-item-18159\"><a href=\"https:\/\/www.iel.hr\/product-group\/alarm-signalization\/alarm-monitors-and-analog-monitors\/alarm-monitor-am-xx\/\" class=\"menu-link\"><span class=\"ast-icon icon-arrow\"><svg class=\"ast-arrow-svg\" xmlns=\"http:\/\/www.w3.org\/2000\/svg\" xmlns:xlink=\"http:\/\/www.w3.org\/1999\/xlink\" version=\"1.1\" x=\"0px\" y=\"0px\" width=\"26px\" height=\"16.043px\" viewBox=\"57 35.171 26 16.043\" enable-background=\"new 57 35.171 26 16.043\" xml:space=\"preserve\">\n                <path d=\"M57.5,38.193l12.5,12.5l12.5-12.5l-2.5-2.5l-10,10l-10-10L57.5,38.193z\"\/>\n                <\/svg><\/span>Alarm monitor AM-xx<\/a><\/li>\n\t<li id=\"menu-item-18158\" class=\"menu-item menu-item-type-post_type menu-item-object-page menu-item-18158\"><a href=\"https:\/\/www.iel.hr\/product-group\/alarm-signalization\/alarm-monitors-and-analog-monitors\/alarm-monitor-am-xxe\/\" class=\"menu-link\"><span class=\"ast-icon icon-arrow\"><svg class=\"ast-arrow-svg\" xmlns=\"http:\/\/www.w3.org\/2000\/svg\" xmlns:xlink=\"http:\/\/www.w3.org\/1999\/xlink\" version=\"1.1\" x=\"0px\" y=\"0px\" width=\"26px\" height=\"16.043px\" viewBox=\"57 35.171 26 16.043\" enable-background=\"new 57 35.171 26 16.043\" xml:space=\"preserve\">\n                <path d=\"M57.5,38.193l12.5,12.5l12.5-12.5l-2.5-2.5l-10,10l-10-10L57.5,38.193z\"\/>\n                <\/svg><\/span>Alarm monitor AM-xxE<\/a><\/li>\n\t<li id=\"menu-item-18160\" class=\"menu-item menu-item-type-post_type menu-item-object-page menu-item-18160\"><a href=\"https:\/\/www.iel.hr\/product-group\/alarm-signalization\/alarm-monitors-and-analog-monitors\/alarm-monitor-am-32\/\" class=\"menu-link\"><span class=\"ast-icon icon-arrow\"><svg class=\"ast-arrow-svg\" xmlns=\"http:\/\/www.w3.org\/2000\/svg\" xmlns:xlink=\"http:\/\/www.w3.org\/1999\/xlink\" version=\"1.1\" x=\"0px\" y=\"0px\" width=\"26px\" height=\"16.043px\" viewBox=\"57 35.171 26 16.043\" enable-background=\"new 57 35.171 26 16.043\" xml:space=\"preserve\">\n                <path d=\"M57.5,38.193l12.5,12.5l12.5-12.5l-2.5-2.5l-10,10l-10-10L57.5,38.193z\"\/>\n                <\/svg><\/span>Alarm monitor AM-32<\/a><\/li>\n\t<li id=\"menu-item-3310\" class=\"menu-item menu-item-type-post_type menu-item-object-page menu-item-3310\"><a href=\"https:\/\/www.iel.hr\/alarm-monitor-am-64\/\" class=\"menu-link\"><span class=\"ast-icon icon-arrow\"><svg class=\"ast-arrow-svg\" xmlns=\"http:\/\/www.w3.org\/2000\/svg\" xmlns:xlink=\"http:\/\/www.w3.org\/1999\/xlink\" version=\"1.1\" x=\"0px\" y=\"0px\" width=\"26px\" height=\"16.043px\" viewBox=\"57 35.171 26 16.043\" enable-background=\"new 57 35.171 26 16.043\" xml:space=\"preserve\">\n                <path d=\"M57.5,38.193l12.5,12.5l12.5-12.5l-2.5-2.5l-10,10l-10-10L57.5,38.193z\"\/>\n                <\/svg><\/span>Alarm Monitor AM-64<\/a><\/li>\n\t<li id=\"menu-item-3313\" class=\"menu-item menu-item-type-post_type menu-item-object-page menu-item-3313\"><a href=\"https:\/\/www.iel.hr\/product-group\/alarm-signalization\/alarm-monitors-and-analog-monitors\/analog-monitor-ana-3\/\" class=\"menu-link\"><span class=\"ast-icon icon-arrow\"><svg class=\"ast-arrow-svg\" xmlns=\"http:\/\/www.w3.org\/2000\/svg\" xmlns:xlink=\"http:\/\/www.w3.org\/1999\/xlink\" version=\"1.1\" x=\"0px\" y=\"0px\" width=\"26px\" height=\"16.043px\" viewBox=\"57 35.171 26 16.043\" enable-background=\"new 57 35.171 26 16.043\" xml:space=\"preserve\">\n                <path d=\"M57.5,38.193l12.5,12.5l12.5-12.5l-2.5-2.5l-10,10l-10-10L57.5,38.193z\"\/>\n                <\/svg><\/span>Analogni monitor ANA-3<\/a><\/li>\n\t<li id=\"menu-item-3317\" class=\"menu-item menu-item-type-post_type menu-item-object-page menu-item-3317\"><a href=\"https:\/\/www.iel.hr\/product-group\/alarm-signalization\/alarm-monitors-and-analog-monitors\/analog-monitor-ana-6\/\" class=\"menu-link\"><span class=\"ast-icon icon-arrow\"><svg class=\"ast-arrow-svg\" xmlns=\"http:\/\/www.w3.org\/2000\/svg\" xmlns:xlink=\"http:\/\/www.w3.org\/1999\/xlink\" version=\"1.1\" x=\"0px\" y=\"0px\" width=\"26px\" height=\"16.043px\" viewBox=\"57 35.171 26 16.043\" enable-background=\"new 57 35.171 26 16.043\" xml:space=\"preserve\">\n                <path d=\"M57.5,38.193l12.5,12.5l12.5-12.5l-2.5-2.5l-10,10l-10-10L57.5,38.193z\"\/>\n                <\/svg><\/span>Analogni monitor ANA-6<\/a><\/li>\n<\/ul>\n<\/li>\n<\/ul><\/ul><\/div>\t\t<\/div>\n\t\t\t\t<\/div>\n\t\t\t\t<\/div>\n\t\t<div class=\"elementor-element elementor-element-cd797d7 e-con-full e-flex e-con e-child\" data-id=\"cd797d7\" data-element_type=\"container\">\n\t\t\t\t<div class=\"elementor-element elementor-element-b212650 elementor-widget elementor-widget-text-editor\" data-id=\"b212650\" data-element_type=\"widget\" data-widget_type=\"text-editor.default\">\n\t\t\t\t<div class=\"elementor-widget-container\">\n\t\t\t\t\t\t\t<p>Analogni monitor se koristi u svim postrojenjima gdje se \u017eele kontinuirano mjeriti i nadzirati alarmna stanja mjerenih veli\u010dina. Osim analognih veli\u010dina mogu\u0107e je nadzirati i alarmna stanja digitalnih veli\u010dina. Na monitor se mogu direktno priklju\u010diti mjerni dava\u010di sa strujnim izlazom 0(4)-20mA ili naponskim izlazom 0-10V kao i dava\u010di otporni\u010dkog tipa npr. Pt-100 za koje nisu potrebni dodatni mjerni pretvornici te senzori vlage i temperature STH-3. Analogni monitor mo\u017ee se ugraditi u panel.<\/p><p>Primjena mikroprocesorske tehnologije osigurava ispunjenje najstro\u017eih zahtjeva u pogledu to\u010dnosti, pouzdanosti i raspolo\u017eivosti pri upotrebi analognih monitora u procesnim ili energetskim postrojenjima.<\/p><ul><li>mikroprocesorska obrada do osam mjerenih signala<\/li><li>mjereni signali mogu biti analogni i\/ili digitalni<\/li><li>\u010detiri alarmne granice po mjerenom kanalu<\/li><li>visoka to\u010dnost mjerenja<\/li><li>direktan priklju\u010dak dava\u010da bez mjernih pretvornika (za dava\u010de otpora, npr Pt-100)<\/li><li>direktni priklju\u010dak senzora vlage i temperature STH<\/li><li>alfanumeri\u010dki LCD pokaziva\u010d (2\u00d716 karaktera) za komunikaciju korisnik-proces (prikaz mjerene vrijednosti, alarmiranje, parametrizaciju, itd)<\/li><li>automatski ili ru\u010dni izbor mjernog mjesta koje se prikazuje<\/li><li>jednostavno postavljanje parametara i alarmnih granica sa prednje plo\u010de pomo\u0107u LCD pokaziva\u010da i tipkovnice<\/li><li>obrada alarma u skladu sa DIN 19235 ili ISA alarmnim sekvencama<\/li><li>memoriranje zadnjih dvadeset alarma sa vremenskom oznakom nastajanja (opcija)<\/li><li>osim osnovnih funkcija mjerenja i alarmiranja monitor mo\u017ee pratiti srednje vrijednosti vi\u0161e mjerenih mjesta,<\/li><li>odstupanje pojedinih mjesta od srednje vrijednosti kao i gradijent (opcija)<\/li><li>sat realnog vremena (opcija)<\/li><li>samotestiranje, lokalna i daljinska signalizacija raspolo\u017eivosti monitora<\/li><li>ugradnja na panel prema standardu DIN43700 za ugradbene instrumente ili ugradnja na zid<\/li><li>jednostavan priklju\u010dak upotrebom uti\u010dne stezaljke<\/li><li>mogu\u0107nost komunikacije RS485, opti\u010dke ili ETHERNET sa nadre\u0111enim sustavom<\/li><\/ul>\t\t\t\t\t\t<\/div>\n\t\t\t\t<\/div>\n\t\t\t\t<div class=\"elementor-element elementor-element-62dd3df elementor-widget elementor-widget-text-editor\" data-id=\"62dd3df\" data-element_type=\"widget\" data-widget_type=\"text-editor.default\">\n\t\t\t\t<div class=\"elementor-widget-container\">\n\t\t\t\t\t\t\t<img decoding=\"async\" class=\"alignnone size-full wp-image-402\" src=\"https:\/\/iel.hr\/wp-content\/uploads\/2024\/06\/ikona-info.png\" alt=\"\" width=\"32\" height=\"32\" \/><strong>Katalog <\/strong>je dostupan samo registriranim korisnicima.\n\n<a href=\"https:\/\/iel.hr\/analogni-monitor-ana-3\/\" target=\"_blank\" rel=\"noopener\"><img decoding=\"async\" class=\"alignnone\" src=\"https:\/\/iel.hr\/wp-content\/uploads\/2024\/06\/pdf-katalozi-80x80-1.png\" alt=\"\" width=\"64\" height=\"64\" \/><\/a>\t\t\t\t\t\t<\/div>\n\t\t\t\t<\/div>\n\t\t\t\t<\/div>\n\t\t<div class=\"elementor-element elementor-element-2fac4b3 e-con-full e-flex e-con e-child\" data-id=\"2fac4b3\" data-element_type=\"container\">\n\t\t\t\t<div class=\"elementor-element elementor-element-91eac93 elementor-widget elementor-widget-image\" data-id=\"91eac93\" data-element_type=\"widget\" data-widget_type=\"image.default\">\n\t\t\t\t<div class=\"elementor-widget-container\">\n\t\t\t\t\t\t\t\t\t\t\t\t\t\t<a href=\"https:\/\/iel.hr\/iel\/wp-content\/uploads\/2024\/06\/ANA-3-analogni-monitor-650x612-1-2.jpg\" data-elementor-open-lightbox=\"yes\" data-elementor-lightbox-title=\"ANA-3-analogni-monitor-650x612 (1)\" data-e-action-hash=\"#elementor-action%3Aaction%3Dlightbox%26settings%3DeyJpZCI6MTExOTksInVybCI6Imh0dHBzOlwvXC93d3cuaWVsLmhyXC93cC1jb250ZW50XC91cGxvYWRzXC8yMDI0XC8wNlwvQU5BLTMtYW5hbG9nbmktbW9uaXRvci02NTB4NjEyLTEtMi5qcGcifQ%3D%3D\">\n\t\t\t\t\t\t\t<img fetchpriority=\"high\" decoding=\"async\" width=\"650\" height=\"612\" src=\"https:\/\/www.iel.hr\/wp-content\/uploads\/2024\/06\/ANA-3-analogni-monitor-650x612-1-2.jpg\" class=\"attachment-large size-large wp-image-11199\" alt=\"\" srcset=\"https:\/\/www.iel.hr\/wp-content\/uploads\/2024\/06\/ANA-3-analogni-monitor-650x612-1-2.jpg 650w, https:\/\/www.iel.hr\/wp-content\/uploads\/2024\/06\/ANA-3-analogni-monitor-650x612-1-2-300x282.jpg 300w, https:\/\/www.iel.hr\/wp-content\/uploads\/2024\/06\/ANA-3-analogni-monitor-650x612-1-2-600x565.jpg 600w\" sizes=\"(max-width: 650px) 100vw, 650px\" \/>\t\t\t\t\t\t\t\t<\/a>\n\t\t\t\t\t\t\t\t\t\t\t\t\t<\/div>\n\t\t\t\t<\/div>\n\t\t\t\t<\/div>\n\t\t\t\t\t<\/div>\n\t\t\t\t<\/div>\n\t\t\t\t<\/div>\n\t\t","protected":false},"excerpt":{"rendered":"<p>Analogni monitor ANA-3 IEL Grupe proizvoda Alarmna signalizacija Alarm monitori i Analogni monitori Analogni monitor ANA-3 Analogni monitor se koristi u svim postrojenjima gdje se \u017eele kontinuirano mjeriti i nadzirati alarmna stanja mjerenih veli\u010dina. Osim analognih veli\u010dina mogu\u0107e je nadzirati i alarmna stanja digitalnih veli\u010dina. Na monitor se mogu direktno priklju\u010diti mjerni dava\u010di sa strujnim [&hellip;]<\/p>\n","protected":false},"author":1,"featured_media":0,"parent":7971,"menu_order":0,"comment_status":"closed","ping_status":"closed","template":"","meta":{"site-sidebar-layout":"no-sidebar","site-content-layout":"page-builder","ast-site-content-layout":"full-width-container","site-content-style":"default","site-sidebar-style":"default","ast-global-header-display":"","ast-banner-title-visibility":"","ast-main-header-display":"","ast-hfb-above-header-display":"","ast-hfb-below-header-display":"","ast-hfb-mobile-header-display":"","site-post-title":"disabled","ast-breadcrumbs-content":"","ast-featured-img":"disabled","footer-sml-layout":"","theme-transparent-header-meta":"default","adv-header-id-meta":"","stick-header-meta":"","header-above-stick-meta":"","header-main-stick-meta":"","header-below-stick-meta":"","astra-migrate-meta-layouts":"set","ast-page-background-enabled":"default","ast-page-background-meta":{"desktop":{"background-color":"","background-image":"","background-repeat":"repeat","background-position":"center center","background-size":"auto","background-attachment":"scroll","background-type":"","background-media":"","overlay-type":"","overlay-color":"","overlay-gradient":""},"tablet":{"background-color":"","background-image":"","background-repeat":"repeat","background-position":"center center","background-size":"auto","background-attachment":"scroll","background-type":"","background-media":"","overlay-type":"","overlay-color":"","overlay-gradient":""},"mobile":{"background-color":"","background-image":"","background-repeat":"repeat","background-position":"center center","background-size":"auto","background-attachment":"scroll","background-type":"","background-media":"","overlay-type":"","overlay-color":"","overlay-gradient":""}},"ast-content-background-meta":{"desktop":{"background-color":"var(--ast-global-color-5)","background-image":"","background-repeat":"repeat","background-position":"center center","background-size":"auto","background-attachment":"scroll","background-type":"","background-media":"","overlay-type":"","overlay-color":"","overlay-gradient":""},"tablet":{"background-color":"var(--ast-global-color-5)","background-image":"","background-repeat":"repeat","background-position":"center center","background-size":"auto","background-attachment":"scroll","background-type":"","background-media":"","overlay-type":"","overlay-color":"","overlay-gradient":""},"mobile":{"background-color":"var(--ast-global-color-5)","background-image":"","background-repeat":"repeat","background-position":"center center","background-size":"auto","background-attachment":"scroll","background-type":"","background-media":"","overlay-type":"","overlay-color":"","overlay-gradient":""}},"footnotes":""},"class_list":["post-11197","page","type-page","status-publish","hentry"],"_links":{"self":[{"href":"https:\/\/www.iel.hr\/hr\/wp-json\/wp\/v2\/pages\/11197","targetHints":{"allow":["GET"]}}],"collection":[{"href":"https:\/\/www.iel.hr\/hr\/wp-json\/wp\/v2\/pages"}],"about":[{"href":"https:\/\/www.iel.hr\/hr\/wp-json\/wp\/v2\/types\/page"}],"author":[{"embeddable":true,"href":"https:\/\/www.iel.hr\/hr\/wp-json\/wp\/v2\/users\/1"}],"replies":[{"embeddable":true,"href":"https:\/\/www.iel.hr\/hr\/wp-json\/wp\/v2\/comments?post=11197"}],"version-history":[{"count":0,"href":"https:\/\/www.iel.hr\/hr\/wp-json\/wp\/v2\/pages\/11197\/revisions"}],"up":[{"embeddable":true,"href":"https:\/\/www.iel.hr\/hr\/wp-json\/wp\/v2\/pages\/7971"}],"wp:attachment":[{"href":"https:\/\/www.iel.hr\/hr\/wp-json\/wp\/v2\/media?parent=11197"}],"curies":[{"name":"wp","href":"https:\/\/api.w.org\/{rel}","templated":true}]}}