{"id":11005,"date":"2024-06-11T13:19:36","date_gmt":"2024-06-11T13:19:36","guid":{"rendered":"https:\/\/www.iel.hr\/?page_id=11005"},"modified":"2024-06-26T06:28:15","modified_gmt":"2024-06-26T06:28:15","slug":"nadstrujni-relej-nr-100","status":"publish","type":"page","link":"https:\/\/www.iel.hr\/hr\/grupe-proizvoda\/zastita\/zastita-transformatora\/nadstrujni-relej-nr-100\/","title":{"rendered":"Nadstrujni relej NR-100"},"content":{"rendered":"\t\t<div data-elementor-type=\"wp-page\" data-elementor-id=\"11005\" class=\"elementor elementor-11005\">\n\t\t\t\t\t\t<section class=\"elementor-section elementor-top-section elementor-element elementor-element-228b3ff elementor-section-boxed elementor-section-height-default elementor-section-height-default\" data-id=\"228b3ff\" data-element_type=\"section\" data-settings=\"{&quot;background_background&quot;:&quot;classic&quot;}\">\n\t\t\t\t\t\t\t<div class=\"elementor-background-overlay\"><\/div>\n\t\t\t\t\t\t\t<div class=\"elementor-container elementor-column-gap-default\">\n\t\t\t\t\t<div class=\"elementor-column elementor-col-100 elementor-top-column elementor-element elementor-element-34f72f9\" data-id=\"34f72f9\" data-element_type=\"column\">\n\t\t\t<div class=\"elementor-widget-wrap elementor-element-populated\">\n\t\t\t\t\t\t<div class=\"elementor-element elementor-element-6602cae elementor-widget elementor-widget-heading\" data-id=\"6602cae\" data-element_type=\"widget\" data-widget_type=\"heading.default\">\n\t\t\t\t<div class=\"elementor-widget-container\">\n\t\t\t<h2 class=\"elementor-heading-title elementor-size-default\">Nadstrujni relej NR-100<\/h2>\t\t<\/div>\n\t\t\t\t<\/div>\n\t\t\t\t<div class=\"elementor-element elementor-element-fa3a955 elementor-icon-list--layout-inline elementor-list-item-link-full_width elementor-widget elementor-widget-icon-list\" data-id=\"fa3a955\" data-element_type=\"widget\" data-widget_type=\"icon-list.default\">\n\t\t\t\t<div class=\"elementor-widget-container\">\n\t\t\t\t\t<ul class=\"elementor-icon-list-items elementor-inline-items\">\n\t\t\t\t\t\t\t<li class=\"elementor-icon-list-item elementor-inline-item\">\n\t\t\t\t\t\t\t\t\t\t\t<a href=\"https:\/\/iel.hr\/iel\">\n\n\t\t\t\t\t\t\t\t\t\t\t<span class=\"elementor-icon-list-text\">IEL<\/span>\n\t\t\t\t\t\t\t\t\t\t\t<\/a>\n\t\t\t\t\t\t\t\t\t<\/li>\n\t\t\t\t\t\t\t\t<li class=\"elementor-icon-list-item elementor-inline-item\">\n\t\t\t\t\t\t\t\t\t\t\t<a href=\"https:\/\/iel.hr\/iel\/hr\/grupe-proizvoda\/\">\n\n\t\t\t\t\t\t\t\t\t\t\t<span class=\"elementor-icon-list-text\">Grupe proizvoda<\/span>\n\t\t\t\t\t\t\t\t\t\t\t<\/a>\n\t\t\t\t\t\t\t\t\t<\/li>\n\t\t\t\t\t\t\t\t<li class=\"elementor-icon-list-item elementor-inline-item\">\n\t\t\t\t\t\t\t\t\t\t\t<a href=\"https:\/\/iel.hr\/iel\/hr\/grupe-proizvoda\/zastita\/\">\n\n\t\t\t\t\t\t\t\t\t\t\t<span class=\"elementor-icon-list-text\">Za\u0161tita<\/span>\n\t\t\t\t\t\t\t\t\t\t\t<\/a>\n\t\t\t\t\t\t\t\t\t<\/li>\n\t\t\t\t\t\t\t\t<li class=\"elementor-icon-list-item elementor-inline-item\">\n\t\t\t\t\t\t\t\t\t\t\t<a href=\"https:\/\/iel.hr\/iel\/hr\/grupe-proizvoda\/zastita\/zastita-transformatora\/\">\n\n\t\t\t\t\t\t\t\t\t\t\t<span class=\"elementor-icon-list-text\">Za\u0161tita transformatora<\/span>\n\t\t\t\t\t\t\t\t\t\t\t<\/a>\n\t\t\t\t\t\t\t\t\t<\/li>\n\t\t\t\t\t\t\t\t<li class=\"elementor-icon-list-item elementor-inline-item\">\n\t\t\t\t\t\t\t\t\t\t<span class=\"elementor-icon-list-text\">Nadstrujni relej NR-100<\/span>\n\t\t\t\t\t\t\t\t\t<\/li>\n\t\t\t\t\t\t<\/ul>\n\t\t\t\t<\/div>\n\t\t\t\t<\/div>\n\t\t\t\t\t<\/div>\n\t\t<\/div>\n\t\t\t\t\t<\/div>\n\t\t<\/section>\n\t\t<div class=\"elementor-element elementor-element-7e7782e e-flex e-con-boxed e-con e-parent\" data-id=\"7e7782e\" data-element_type=\"container\">\n\t\t\t\t\t<div class=\"e-con-inner\">\n\t\t<div class=\"elementor-element elementor-element-a6c0eee e-con-full e-flex e-con e-child\" data-id=\"a6c0eee\" data-element_type=\"container\">\n\t\t\t\t<div class=\"elementor-element elementor-element-67d4bcc elementor-widget elementor-widget-sidebar\" data-id=\"67d4bcc\" data-element_type=\"widget\" data-widget_type=\"sidebar.default\">\n\t\t\t\t<div class=\"elementor-widget-container\">\n\t\t\t<div class=\"ywcca_container ywcca_widget_container_style_1\"><h3 class=\"ywcca_widget_title\">Za\u0161tita<\/h3><ul class=\"ywcca_category_accordion_widget category_menu_accordion\" data-highlight_curr_cat=\"on\" data-ywcca_style=\"style_1\" data-ywcca_orderby=\"\" data-ywcca_order=\"\"><ul id=\"menu-zastita\" class=\"ywcca-menu\"><li id=\"menu-item-14235\" class=\"menu-item menu-item-type-post_type menu-item-object-page menu-item-has-children menu-item-14235\"><a href=\"https:\/\/www.iel.hr\/hr\/grupe-proizvoda\/zastita\/sustav-zastite-od-elektricnog-luka\/\" class=\"menu-link\">Sustav za\u0161tite od elektri\u010dnog luka<span role=\"application\" class=\"dropdown-menu-toggle ast-header-navigation-arrow\" tabindex=\"0\" aria-expanded=\"false\" aria-label=\"Menu Toggle\" ><span class=\"ast-icon icon-arrow\"><svg class=\"ast-arrow-svg\" xmlns=\"http:\/\/www.w3.org\/2000\/svg\" xmlns:xlink=\"http:\/\/www.w3.org\/1999\/xlink\" version=\"1.1\" x=\"0px\" y=\"0px\" width=\"26px\" height=\"16.043px\" viewBox=\"57 35.171 26 16.043\" enable-background=\"new 57 35.171 26 16.043\" xml:space=\"preserve\">\n                <path d=\"M57.5,38.193l12.5,12.5l12.5-12.5l-2.5-2.5l-10,10l-10-10L57.5,38.193z\"\/>\n                <\/svg><\/span><\/span><\/a>\n<ul class=\"ywcca-sub-menu\">\n\t<li id=\"menu-item-14382\" class=\"menu-item menu-item-type-custom menu-item-object-custom menu-item-14382\"><a href=\"https:\/\/www.iel.hr\/hr\/grupe-proizvoda\/zastita\/sustav-zastite-od-elektricnog-luka\/zastita-od-elektricnog-luka-zelk-2\/\" class=\"menu-link\"><span class=\"ast-icon icon-arrow\"><svg class=\"ast-arrow-svg\" xmlns=\"http:\/\/www.w3.org\/2000\/svg\" xmlns:xlink=\"http:\/\/www.w3.org\/1999\/xlink\" version=\"1.1\" x=\"0px\" y=\"0px\" width=\"26px\" height=\"16.043px\" viewBox=\"57 35.171 26 16.043\" enable-background=\"new 57 35.171 26 16.043\" xml:space=\"preserve\">\n                <path d=\"M57.5,38.193l12.5,12.5l12.5-12.5l-2.5-2.5l-10,10l-10-10L57.5,38.193z\"\/>\n                <\/svg><\/span>Za\u0161tita od elektri\u010dnog luka ZELK-2<\/a><\/li>\n\t<li id=\"menu-item-14384\" class=\"menu-item menu-item-type-custom menu-item-object-custom menu-item-14384\"><a href=\"https:\/\/www.iel.hr\/hr\/grupe-proizvoda\/zastita\/sustav-zastite-od-elektricnog-luka\/zastita-od-elektricnog-luka-zelk-3\/\" class=\"menu-link\"><span class=\"ast-icon icon-arrow\"><svg class=\"ast-arrow-svg\" xmlns=\"http:\/\/www.w3.org\/2000\/svg\" xmlns:xlink=\"http:\/\/www.w3.org\/1999\/xlink\" version=\"1.1\" x=\"0px\" y=\"0px\" width=\"26px\" height=\"16.043px\" viewBox=\"57 35.171 26 16.043\" enable-background=\"new 57 35.171 26 16.043\" xml:space=\"preserve\">\n                <path d=\"M57.5,38.193l12.5,12.5l12.5-12.5l-2.5-2.5l-10,10l-10-10L57.5,38.193z\"\/>\n                <\/svg><\/span>Za\u0161tita od elektri\u010dnog luka ZELK-3<\/a><\/li>\n\t<li id=\"menu-item-14385\" class=\"menu-item menu-item-type-custom menu-item-object-custom menu-item-14385\"><a href=\"https:\/\/www.iel.hr\/hr\/grupe-proizvoda\/zastita\/sustav-zastite-od-elektricnog-luka\/strujni-modul-sm\/\" class=\"menu-link\"><span class=\"ast-icon icon-arrow\"><svg class=\"ast-arrow-svg\" xmlns=\"http:\/\/www.w3.org\/2000\/svg\" xmlns:xlink=\"http:\/\/www.w3.org\/1999\/xlink\" version=\"1.1\" x=\"0px\" y=\"0px\" width=\"26px\" height=\"16.043px\" viewBox=\"57 35.171 26 16.043\" enable-background=\"new 57 35.171 26 16.043\" xml:space=\"preserve\">\n                <path d=\"M57.5,38.193l12.5,12.5l12.5-12.5l-2.5-2.5l-10,10l-10-10L57.5,38.193z\"\/>\n                <\/svg><\/span>Strujni modul SM<\/a><\/li>\n\t<li id=\"menu-item-14386\" class=\"menu-item menu-item-type-custom menu-item-object-custom menu-item-14386\"><a href=\"https:\/\/www.iel.hr\/hr\/grupe-proizvoda\/zastita\/sustav-zastite-od-elektricnog-luka\/isklopni-modul-im\/\" class=\"menu-link\"><span class=\"ast-icon icon-arrow\"><svg class=\"ast-arrow-svg\" xmlns=\"http:\/\/www.w3.org\/2000\/svg\" xmlns:xlink=\"http:\/\/www.w3.org\/1999\/xlink\" version=\"1.1\" x=\"0px\" y=\"0px\" width=\"26px\" height=\"16.043px\" viewBox=\"57 35.171 26 16.043\" enable-background=\"new 57 35.171 26 16.043\" xml:space=\"preserve\">\n                <path d=\"M57.5,38.193l12.5,12.5l12.5-12.5l-2.5-2.5l-10,10l-10-10L57.5,38.193z\"\/>\n                <\/svg><\/span>Isklopni modul IM<\/a><\/li>\n\t<li id=\"menu-item-14387\" class=\"menu-item menu-item-type-custom menu-item-object-custom menu-item-14387\"><a href=\"https:\/\/www.iel.hr\/hr\/grupe-proizvoda\/zastita\/sustav-zastite-od-elektricnog-luka\/dc-dc-pretvornik-p15\/\" class=\"menu-link\"><span class=\"ast-icon icon-arrow\"><svg class=\"ast-arrow-svg\" xmlns=\"http:\/\/www.w3.org\/2000\/svg\" xmlns:xlink=\"http:\/\/www.w3.org\/1999\/xlink\" version=\"1.1\" x=\"0px\" y=\"0px\" width=\"26px\" height=\"16.043px\" viewBox=\"57 35.171 26 16.043\" enable-background=\"new 57 35.171 26 16.043\" xml:space=\"preserve\">\n                <path d=\"M57.5,38.193l12.5,12.5l12.5-12.5l-2.5-2.5l-10,10l-10-10L57.5,38.193z\"\/>\n                <\/svg><\/span>DC\/DC Pretvornik P15<\/a><\/li>\n\t<li id=\"menu-item-14388\" class=\"menu-item menu-item-type-custom menu-item-object-custom menu-item-14388\"><a href=\"https:\/\/www.iel.hr\/hr\/grupe-proizvoda\/zastita\/sustav-zastite-od-elektricnog-luka\/opticka-sonda-os\/\" class=\"menu-link\"><span class=\"ast-icon icon-arrow\"><svg class=\"ast-arrow-svg\" xmlns=\"http:\/\/www.w3.org\/2000\/svg\" xmlns:xlink=\"http:\/\/www.w3.org\/1999\/xlink\" version=\"1.1\" x=\"0px\" y=\"0px\" width=\"26px\" height=\"16.043px\" viewBox=\"57 35.171 26 16.043\" enable-background=\"new 57 35.171 26 16.043\" xml:space=\"preserve\">\n                <path d=\"M57.5,38.193l12.5,12.5l12.5-12.5l-2.5-2.5l-10,10l-10-10L57.5,38.193z\"\/>\n                <\/svg><\/span>Skretnica sonde SS<\/a><\/li>\n\t<li id=\"menu-item-14389\" class=\"menu-item menu-item-type-custom menu-item-object-custom menu-item-14389\"><a href=\"https:\/\/www.iel.hr\/hr\/grupe-proizvoda\/zastita\/sustav-zastite-od-elektricnog-luka\/opticka-sonda-os\/\" class=\"menu-link\"><span class=\"ast-icon icon-arrow\"><svg class=\"ast-arrow-svg\" xmlns=\"http:\/\/www.w3.org\/2000\/svg\" xmlns:xlink=\"http:\/\/www.w3.org\/1999\/xlink\" version=\"1.1\" x=\"0px\" y=\"0px\" width=\"26px\" height=\"16.043px\" viewBox=\"57 35.171 26 16.043\" enable-background=\"new 57 35.171 26 16.043\" xml:space=\"preserve\">\n                <path d=\"M57.5,38.193l12.5,12.5l12.5-12.5l-2.5-2.5l-10,10l-10-10L57.5,38.193z\"\/>\n                <\/svg><\/span>Opti\u010dka sonda OS<\/a><\/li>\n<\/ul>\n<\/li>\n<li id=\"menu-item-14252\" class=\"menu-item menu-item-type-post_type menu-item-object-page menu-item-has-children menu-item-14252\"><a href=\"https:\/\/www.iel.hr\/hr\/grupe-proizvoda\/zastita\/zastita-voda\/\" class=\"menu-link\">Za\u0161tita voda<span role=\"application\" class=\"dropdown-menu-toggle ast-header-navigation-arrow\" tabindex=\"0\" aria-expanded=\"false\" aria-label=\"Menu Toggle\" ><span class=\"ast-icon icon-arrow\"><svg class=\"ast-arrow-svg\" xmlns=\"http:\/\/www.w3.org\/2000\/svg\" xmlns:xlink=\"http:\/\/www.w3.org\/1999\/xlink\" version=\"1.1\" x=\"0px\" y=\"0px\" width=\"26px\" height=\"16.043px\" viewBox=\"57 35.171 26 16.043\" enable-background=\"new 57 35.171 26 16.043\" xml:space=\"preserve\">\n                <path d=\"M57.5,38.193l12.5,12.5l12.5-12.5l-2.5-2.5l-10,10l-10-10L57.5,38.193z\"\/>\n                <\/svg><\/span><\/span><\/a>\n<ul class=\"ywcca-sub-menu\">\n\t<li id=\"menu-item-14390\" class=\"menu-item menu-item-type-custom menu-item-object-custom menu-item-14390\"><a href=\"#\" class=\"menu-link\"><span class=\"ast-icon icon-arrow\"><svg class=\"ast-arrow-svg\" xmlns=\"http:\/\/www.w3.org\/2000\/svg\" xmlns:xlink=\"http:\/\/www.w3.org\/1999\/xlink\" version=\"1.1\" x=\"0px\" y=\"0px\" width=\"26px\" height=\"16.043px\" viewBox=\"57 35.171 26 16.043\" enable-background=\"new 57 35.171 26 16.043\" xml:space=\"preserve\">\n                <path d=\"M57.5,38.193l12.5,12.5l12.5-12.5l-2.5-2.5l-10,10l-10-10L57.5,38.193z\"\/>\n                <\/svg><\/span>Terminal polja TP-10<\/a><\/li>\n\t<li id=\"menu-item-14391\" class=\"menu-item menu-item-type-custom menu-item-object-custom menu-item-14391\"><a href=\"https:\/\/www.iel.hr\/hr\/grupe-proizvoda\/zastita\/zastita-voda\/nadstrujni-relej-nr-200\/\" class=\"menu-link\"><span class=\"ast-icon icon-arrow\"><svg class=\"ast-arrow-svg\" xmlns=\"http:\/\/www.w3.org\/2000\/svg\" xmlns:xlink=\"http:\/\/www.w3.org\/1999\/xlink\" version=\"1.1\" x=\"0px\" y=\"0px\" width=\"26px\" height=\"16.043px\" viewBox=\"57 35.171 26 16.043\" enable-background=\"new 57 35.171 26 16.043\" xml:space=\"preserve\">\n                <path d=\"M57.5,38.193l12.5,12.5l12.5-12.5l-2.5-2.5l-10,10l-10-10L57.5,38.193z\"\/>\n                <\/svg><\/span>Nadstrujni relej NR-200<\/a><\/li>\n<\/ul>\n<\/li>\n<li id=\"menu-item-14253\" class=\"menu-item menu-item-type-post_type menu-item-object-page menu-item-has-children menu-item-14253\"><a href=\"https:\/\/www.iel.hr\/hr\/grupe-proizvoda\/zastita\/zastita-transformatora\/\" class=\"menu-link\">Za\u0161tita transformatora<span role=\"application\" class=\"dropdown-menu-toggle ast-header-navigation-arrow\" tabindex=\"0\" aria-expanded=\"false\" aria-label=\"Menu Toggle\" ><span class=\"ast-icon icon-arrow\"><svg class=\"ast-arrow-svg\" xmlns=\"http:\/\/www.w3.org\/2000\/svg\" xmlns:xlink=\"http:\/\/www.w3.org\/1999\/xlink\" version=\"1.1\" x=\"0px\" y=\"0px\" width=\"26px\" height=\"16.043px\" viewBox=\"57 35.171 26 16.043\" enable-background=\"new 57 35.171 26 16.043\" xml:space=\"preserve\">\n                <path d=\"M57.5,38.193l12.5,12.5l12.5-12.5l-2.5-2.5l-10,10l-10-10L57.5,38.193z\"\/>\n                <\/svg><\/span><\/span><\/a>\n<ul class=\"ywcca-sub-menu\">\n\t<li id=\"menu-item-14392\" class=\"menu-item menu-item-type-custom menu-item-object-custom menu-item-14392\"><a href=\"https:\/\/www.iel.hr\/hr\/grupe-proizvoda\/zastita\/zastita-transformatora\/nadstrujni-relej-nr-100\/\" class=\"menu-link\"><span class=\"ast-icon icon-arrow\"><svg class=\"ast-arrow-svg\" xmlns=\"http:\/\/www.w3.org\/2000\/svg\" xmlns:xlink=\"http:\/\/www.w3.org\/1999\/xlink\" version=\"1.1\" x=\"0px\" y=\"0px\" width=\"26px\" height=\"16.043px\" viewBox=\"57 35.171 26 16.043\" enable-background=\"new 57 35.171 26 16.043\" xml:space=\"preserve\">\n                <path d=\"M57.5,38.193l12.5,12.5l12.5-12.5l-2.5-2.5l-10,10l-10-10L57.5,38.193z\"\/>\n                <\/svg><\/span>Nadstrujni relej NR-100<\/a><\/li>\n\t<li id=\"menu-item-14393\" class=\"menu-item menu-item-type-custom menu-item-object-custom menu-item-14393\"><a href=\"#\" class=\"menu-link\"><span class=\"ast-icon icon-arrow\"><svg class=\"ast-arrow-svg\" xmlns=\"http:\/\/www.w3.org\/2000\/svg\" xmlns:xlink=\"http:\/\/www.w3.org\/1999\/xlink\" version=\"1.1\" x=\"0px\" y=\"0px\" width=\"26px\" height=\"16.043px\" viewBox=\"57 35.171 26 16.043\" enable-background=\"new 57 35.171 26 16.043\" xml:space=\"preserve\">\n                <path d=\"M57.5,38.193l12.5,12.5l12.5-12.5l-2.5-2.5l-10,10l-10-10L57.5,38.193z\"\/>\n                <\/svg><\/span>Nadstrujni relej NR-300<\/a><\/li>\n<\/ul>\n<\/li>\n<li id=\"menu-item-14254\" class=\"menu-item menu-item-type-post_type menu-item-object-page menu-item-has-children menu-item-14254\"><a href=\"https:\/\/www.iel.hr\/hr\/grupe-proizvoda\/zastita\/zastita-sabirnica\/\" class=\"menu-link\">Za\u0161tita sabirnica<span role=\"application\" class=\"dropdown-menu-toggle ast-header-navigation-arrow\" tabindex=\"0\" aria-expanded=\"false\" aria-label=\"Menu Toggle\" ><span class=\"ast-icon icon-arrow\"><svg class=\"ast-arrow-svg\" xmlns=\"http:\/\/www.w3.org\/2000\/svg\" xmlns:xlink=\"http:\/\/www.w3.org\/1999\/xlink\" version=\"1.1\" x=\"0px\" y=\"0px\" width=\"26px\" height=\"16.043px\" viewBox=\"57 35.171 26 16.043\" enable-background=\"new 57 35.171 26 16.043\" xml:space=\"preserve\">\n                <path d=\"M57.5,38.193l12.5,12.5l12.5-12.5l-2.5-2.5l-10,10l-10-10L57.5,38.193z\"\/>\n                <\/svg><\/span><\/span><\/a>\n<ul class=\"ywcca-sub-menu\">\n\t<li id=\"menu-item-14394\" class=\"menu-item menu-item-type-custom menu-item-object-custom menu-item-14394\"><a href=\"https:\/\/www.iel.hr\/hr\/grupe-proizvoda\/zastita\/zastita-sabirnica\/naponski-relej-vr-100\/\" class=\"menu-link\"><span class=\"ast-icon icon-arrow\"><svg class=\"ast-arrow-svg\" xmlns=\"http:\/\/www.w3.org\/2000\/svg\" xmlns:xlink=\"http:\/\/www.w3.org\/1999\/xlink\" version=\"1.1\" x=\"0px\" y=\"0px\" width=\"26px\" height=\"16.043px\" viewBox=\"57 35.171 26 16.043\" enable-background=\"new 57 35.171 26 16.043\" xml:space=\"preserve\">\n                <path d=\"M57.5,38.193l12.5,12.5l12.5-12.5l-2.5-2.5l-10,10l-10-10L57.5,38.193z\"\/>\n                <\/svg><\/span>Naponski relej VR-100<\/a><\/li>\n\t<li id=\"menu-item-14395\" class=\"menu-item menu-item-type-custom menu-item-object-custom menu-item-14395\"><a href=\"https:\/\/www.iel.hr\/hr\/grupe-proizvoda\/zastita\/zastita-sabirnica\/naponski-relej-vr-50\/\" class=\"menu-link\"><span class=\"ast-icon icon-arrow\"><svg class=\"ast-arrow-svg\" xmlns=\"http:\/\/www.w3.org\/2000\/svg\" xmlns:xlink=\"http:\/\/www.w3.org\/1999\/xlink\" version=\"1.1\" x=\"0px\" y=\"0px\" width=\"26px\" height=\"16.043px\" viewBox=\"57 35.171 26 16.043\" enable-background=\"new 57 35.171 26 16.043\" xml:space=\"preserve\">\n                <path d=\"M57.5,38.193l12.5,12.5l12.5-12.5l-2.5-2.5l-10,10l-10-10L57.5,38.193z\"\/>\n                <\/svg><\/span>Naponski relej VR-50<\/a><\/li>\n<\/ul>\n<\/li>\n<\/ul><\/ul><\/div>\t\t<\/div>\n\t\t\t\t<\/div>\n\t\t\t\t<\/div>\n\t\t<div class=\"elementor-element elementor-element-1488aa0 e-con-full e-flex e-con e-child\" data-id=\"1488aa0\" data-element_type=\"container\">\n\t\t\t\t<div class=\"elementor-element elementor-element-7d15f44 elementor-widget elementor-widget-text-editor\" data-id=\"7d15f44\" data-element_type=\"widget\" data-widget_type=\"text-editor.default\">\n\t\t\t\t<div class=\"elementor-widget-container\">\n\t\t\t\t\t\t\tNadstrujni relej NR-100 namjenski je razvijen za za\u0161titu energetskih transformatora u distribucijskim i industrijskim trafostanicama 10(20)\/0,4kV, te za za\u0161titu transformatora malih snaga koji se primjenjuju kao ku\u0107ni transformatori u SN postrojenjima. Relej je projektiran tako da \u0161titi energetske transformatore svih standardnih snaga koje se ugra\u0111uju u transformatorske stanice. Relej se mo\u017ee primijeniti i u slu\u010dajevima kada ne postoji pomo\u0107no napajanje u transformatorskoj stanici jer se mo\u017ee napajati iz mjernog kruga preko standardnih strujnih transformatora (tip ST1, STA1 ili ANB proizvo\u0111a\u010d KON\u010cAR).\n\n\n<ul>\n \t<li>nadstrujni relej s inverznom karakteristikom I<sup>2<\/sup>t<\/li>\n \t<li>digitalna obrada signala<\/li>\n \t<li>nepotrebno pomo\u0107no napajanje<\/li>\n \t<li>mjerenje prave efektivne vrijednosti struje (true RMS)<\/li>\n \t<li>velika to\u010dnost proradnih karakteristika<\/li>\n \t<li>testiranje releja preko pomo\u0107nog namota standardnog strujnog transformatora<\/li>\n \t<li>\u0161iroko mjerno podru\u010dje od 2 In do 60 In<\/li>\n \t<li>mikroprocesorska obrada mjerenih veli\u010dina (RISC)<\/li>\n \t<li>\u0161iroki vremenski opseg prorade od 10ms do nekoliko sati<\/li>\n \t<li>impulsni niz za pogon aktuatora osigurava siguran isklop u slu\u010daju zatajivanja prekida\u010da<\/li>\n \t<li>samotestiranje, lokalna signalizacija raspolo\u017eivosti ure\u0111aja<\/li>\n \t<li>male dimenzije, prema standardu DIN 43700 za ugradbene instrumente<\/li>\n<\/ul>\t\t\t\t\t\t<\/div>\n\t\t\t\t<\/div>\n\t\t\t\t<div class=\"elementor-element elementor-element-a45742a elementor-widget elementor-widget-text-editor\" data-id=\"a45742a\" data-element_type=\"widget\" data-widget_type=\"text-editor.default\">\n\t\t\t\t<div class=\"elementor-widget-container\">\n\t\t\t\t\t\t\t<p><img decoding=\"async\" class=\"alignnone size-full wp-image-402\" src=\"https:\/\/iel.hr\/iel\/wp-content\/uploads\/2024\/06\/ikona-info.png\" alt=\"\" width=\"32\" height=\"32\"><strong>Katalog <\/strong>je dostupan samo registriranim korisnicima<\/p>\n\n<p>Registracija korisnika ili ulaz za registrirane korisnike<\/p>\n\n<p><a style=\"color: #000;\" href=\"https:\/\/iel.hr\/iel\/nadstrujni-relej-nr-100\/\" target=\"_blank\" rel=\"noopener\"><img decoding=\"async\" src=\"https:\/\/iel.hr\/iel\/wp-content\/uploads\/2024\/06\/pdf-katalozi-80x80-1.png\" alt=\"\" width=\"64\" height=\"64\">katalo\u0161ki list<\/a><\/p>\t\t\t\t\t\t<\/div>\n\t\t\t\t<\/div>\n\t\t\t\t<\/div>\n\t\t<div class=\"elementor-element elementor-element-a52d9ef e-con-full e-flex e-con e-child\" data-id=\"a52d9ef\" data-element_type=\"container\">\n\t\t\t\t<div class=\"elementor-element elementor-element-c6a3d66 elementor-widget elementor-widget-image\" data-id=\"c6a3d66\" data-element_type=\"widget\" data-widget_type=\"image.default\">\n\t\t\t\t<div class=\"elementor-widget-container\">\n\t\t\t\t\t\t\t\t\t\t\t\t\t\t<a href=\"https:\/\/iel.hr\/iel\/wp-content\/uploads\/2024\/06\/NR-100-nadstrujni-relej-650x617-2.jpg\" data-elementor-open-lightbox=\"yes\" data-elementor-lightbox-title=\"NR-100-nadstrujni-relej-650x617\" data-e-action-hash=\"#elementor-action%3Aaction%3Dlightbox%26settings%3DeyJpZCI6MTEwMTIsInVybCI6Imh0dHBzOlwvXC93d3cuaWVsLmhyXC93cC1jb250ZW50XC91cGxvYWRzXC8yMDI0XC8wNlwvTlItMTAwLW5hZHN0cnVqbmktcmVsZWotNjUweDYxNy0yLmpwZyJ9\">\n\t\t\t\t\t\t\t<img fetchpriority=\"high\" decoding=\"async\" width=\"650\" height=\"617\" src=\"https:\/\/www.iel.hr\/wp-content\/uploads\/2024\/06\/NR-100-nadstrujni-relej-650x617-2.jpg\" class=\"attachment-large size-large wp-image-11012\" alt=\"\" srcset=\"https:\/\/www.iel.hr\/wp-content\/uploads\/2024\/06\/NR-100-nadstrujni-relej-650x617-2.jpg 650w, https:\/\/www.iel.hr\/wp-content\/uploads\/2024\/06\/NR-100-nadstrujni-relej-650x617-2-300x285.jpg 300w, https:\/\/www.iel.hr\/wp-content\/uploads\/2024\/06\/NR-100-nadstrujni-relej-650x617-2-600x570.jpg 600w\" sizes=\"(max-width: 650px) 100vw, 650px\" \/>\t\t\t\t\t\t\t\t<\/a>\n\t\t\t\t\t\t\t\t\t\t\t\t\t<\/div>\n\t\t\t\t<\/div>\n\t\t\t\t<\/div>\n\t\t\t\t\t<\/div>\n\t\t\t\t<\/div>\n\t\t\t\t<\/div>\n\t\t","protected":false},"excerpt":{"rendered":"<p>Nadstrujni relej NR-100 IEL Grupe proizvoda Za\u0161tita Za\u0161tita transformatora Nadstrujni relej NR-100 Nadstrujni relej NR-100 namjenski je razvijen za za\u0161titu energetskih transformatora u distribucijskim i industrijskim trafostanicama 10(20)\/0,4kV, te za za\u0161titu transformatora malih snaga koji se primjenjuju kao ku\u0107ni transformatori u SN postrojenjima. Relej je projektiran tako da \u0161titi energetske transformatore svih standardnih snaga koje [&hellip;]<\/p>\n","protected":false},"author":1,"featured_media":0,"parent":10997,"menu_order":0,"comment_status":"closed","ping_status":"closed","template":"","meta":{"site-sidebar-layout":"no-sidebar","site-content-layout":"page-builder","ast-site-content-layout":"full-width-container","site-content-style":"default","site-sidebar-style":"default","ast-global-header-display":"","ast-banner-title-visibility":"","ast-main-header-display":"","ast-hfb-above-header-display":"","ast-hfb-below-header-display":"","ast-hfb-mobile-header-display":"","site-post-title":"disabled","ast-breadcrumbs-content":"","ast-featured-img":"disabled","footer-sml-layout":"","theme-transparent-header-meta":"default","adv-header-id-meta":"","stick-header-meta":"","header-above-stick-meta":"","header-main-stick-meta":"","header-below-stick-meta":"","astra-migrate-meta-layouts":"set","ast-page-background-enabled":"default","ast-page-background-meta":{"desktop":{"background-color":"","background-image":"","background-repeat":"repeat","background-position":"center center","background-size":"auto","background-attachment":"scroll","background-type":"","background-media":"","overlay-type":"","overlay-color":"","overlay-gradient":""},"tablet":{"background-color":"","background-image":"","background-repeat":"repeat","background-position":"center center","background-size":"auto","background-attachment":"scroll","background-type":"","background-media":"","overlay-type":"","overlay-color":"","overlay-gradient":""},"mobile":{"background-color":"","background-image":"","background-repeat":"repeat","background-position":"center center","background-size":"auto","background-attachment":"scroll","background-type":"","background-media":"","overlay-type":"","overlay-color":"","overlay-gradient":""}},"ast-content-background-meta":{"desktop":{"background-color":"var(--ast-global-color-5)","background-image":"","background-repeat":"repeat","background-position":"center center","background-size":"auto","background-attachment":"scroll","background-type":"","background-media":"","overlay-type":"","overlay-color":"","overlay-gradient":""},"tablet":{"background-color":"var(--ast-global-color-5)","background-image":"","background-repeat":"repeat","background-position":"center center","background-size":"auto","background-attachment":"scroll","background-type":"","background-media":"","overlay-type":"","overlay-color":"","overlay-gradient":""},"mobile":{"background-color":"var(--ast-global-color-5)","background-image":"","background-repeat":"repeat","background-position":"center center","background-size":"auto","background-attachment":"scroll","background-type":"","background-media":"","overlay-type":"","overlay-color":"","overlay-gradient":""}},"footnotes":""},"class_list":["post-11005","page","type-page","status-publish","hentry"],"_links":{"self":[{"href":"https:\/\/www.iel.hr\/hr\/wp-json\/wp\/v2\/pages\/11005","targetHints":{"allow":["GET"]}}],"collection":[{"href":"https:\/\/www.iel.hr\/hr\/wp-json\/wp\/v2\/pages"}],"about":[{"href":"https:\/\/www.iel.hr\/hr\/wp-json\/wp\/v2\/types\/page"}],"author":[{"embeddable":true,"href":"https:\/\/www.iel.hr\/hr\/wp-json\/wp\/v2\/users\/1"}],"replies":[{"embeddable":true,"href":"https:\/\/www.iel.hr\/hr\/wp-json\/wp\/v2\/comments?post=11005"}],"version-history":[{"count":0,"href":"https:\/\/www.iel.hr\/hr\/wp-json\/wp\/v2\/pages\/11005\/revisions"}],"up":[{"embeddable":true,"href":"https:\/\/www.iel.hr\/hr\/wp-json\/wp\/v2\/pages\/10997"}],"wp:attachment":[{"href":"https:\/\/www.iel.hr\/hr\/wp-json\/wp\/v2\/media?parent=11005"}],"curies":[{"name":"wp","href":"https:\/\/api.w.org\/{rel}","templated":true}]}}