{"id":10041,"date":"2024-06-11T07:47:19","date_gmt":"2024-06-11T07:47:19","guid":{"rendered":"https:\/\/www.iel.hr\/?page_id=10041"},"modified":"2024-06-20T12:01:29","modified_gmt":"2024-06-20T12:01:29","slug":"zastita-voda","status":"publish","type":"page","link":"https:\/\/www.iel.hr\/hr\/grupe-proizvoda\/zastita\/zastita-voda\/","title":{"rendered":"Za\u0161tita voda"},"content":{"rendered":"\t\t<div data-elementor-type=\"wp-page\" data-elementor-id=\"10041\" class=\"elementor elementor-10041\">\n\t\t\t\t\t\t<section class=\"elementor-section elementor-top-section elementor-element elementor-element-3354a88 elementor-section-boxed elementor-section-height-default elementor-section-height-default\" data-id=\"3354a88\" data-element_type=\"section\" data-settings=\"{&quot;background_background&quot;:&quot;classic&quot;}\">\n\t\t\t\t\t\t\t<div class=\"elementor-background-overlay\"><\/div>\n\t\t\t\t\t\t\t<div class=\"elementor-container elementor-column-gap-default\">\n\t\t\t\t\t<div class=\"elementor-column elementor-col-100 elementor-top-column elementor-element elementor-element-d885e1c\" data-id=\"d885e1c\" data-element_type=\"column\">\n\t\t\t<div class=\"elementor-widget-wrap elementor-element-populated\">\n\t\t\t\t\t\t<div class=\"elementor-element elementor-element-03bc61d elementor-widget elementor-widget-heading\" data-id=\"03bc61d\" data-element_type=\"widget\" data-widget_type=\"heading.default\">\n\t\t\t\t<div class=\"elementor-widget-container\">\n\t\t\t<h2 class=\"elementor-heading-title elementor-size-default\">Za\u0161tita voda<\/h2>\t\t<\/div>\n\t\t\t\t<\/div>\n\t\t\t\t<div class=\"elementor-element elementor-element-b31e28d elementor-icon-list--layout-inline elementor-list-item-link-full_width elementor-widget elementor-widget-icon-list\" data-id=\"b31e28d\" data-element_type=\"widget\" data-widget_type=\"icon-list.default\">\n\t\t\t\t<div class=\"elementor-widget-container\">\n\t\t\t\t\t<ul class=\"elementor-icon-list-items elementor-inline-items\">\n\t\t\t\t\t\t\t<li class=\"elementor-icon-list-item elementor-inline-item\">\n\t\t\t\t\t\t\t\t\t\t\t<a href=\"https:\/\/iel.hr\/iel\">\n\n\t\t\t\t\t\t\t\t\t\t\t<span class=\"elementor-icon-list-text\">IEL<\/span>\n\t\t\t\t\t\t\t\t\t\t\t<\/a>\n\t\t\t\t\t\t\t\t\t<\/li>\n\t\t\t\t\t\t\t\t<li class=\"elementor-icon-list-item elementor-inline-item\">\n\t\t\t\t\t\t\t\t\t\t\t<a href=\"https:\/\/iel.hr\/iel\/hr\/grupe-proizvoda\/\">\n\n\t\t\t\t\t\t\t\t\t\t\t<span class=\"elementor-icon-list-text\">Grupe proizvoda<\/span>\n\t\t\t\t\t\t\t\t\t\t\t<\/a>\n\t\t\t\t\t\t\t\t\t<\/li>\n\t\t\t\t\t\t\t\t<li class=\"elementor-icon-list-item elementor-inline-item\">\n\t\t\t\t\t\t\t\t\t\t\t<a href=\"https:\/\/iel.hr\/iel\/hr\/grupe-proizvoda\/zastita\/\">\n\n\t\t\t\t\t\t\t\t\t\t\t<span class=\"elementor-icon-list-text\">Za\u0161tita<\/span>\n\t\t\t\t\t\t\t\t\t\t\t<\/a>\n\t\t\t\t\t\t\t\t\t<\/li>\n\t\t\t\t\t\t\t\t<li class=\"elementor-icon-list-item elementor-inline-item\">\n\t\t\t\t\t\t\t\t\t\t<span class=\"elementor-icon-list-text\">Za\u0161tita voda<\/span>\n\t\t\t\t\t\t\t\t\t<\/li>\n\t\t\t\t\t\t<\/ul>\n\t\t\t\t<\/div>\n\t\t\t\t<\/div>\n\t\t\t\t\t<\/div>\n\t\t<\/div>\n\t\t\t\t\t<\/div>\n\t\t<\/section>\n\t\t<div class=\"elementor-element elementor-element-101cb74 e-flex e-con-boxed e-con e-parent\" data-id=\"101cb74\" data-element_type=\"container\">\n\t\t\t\t\t<div class=\"e-con-inner\">\n\t\t<div class=\"elementor-element elementor-element-7068283 e-con-full e-flex e-con e-child\" data-id=\"7068283\" data-element_type=\"container\">\n\t\t\t\t<div class=\"elementor-element elementor-element-281f882 elementor-widget elementor-widget-sidebar\" data-id=\"281f882\" data-element_type=\"widget\" data-widget_type=\"sidebar.default\">\n\t\t\t\t<div class=\"elementor-widget-container\">\n\t\t\t<div class=\"ywcca_container ywcca_widget_container_style_1\"><h3 class=\"ywcca_widget_title\">Za\u0161tita<\/h3><ul class=\"ywcca_category_accordion_widget category_menu_accordion\" data-highlight_curr_cat=\"on\" data-ywcca_style=\"style_1\" data-ywcca_orderby=\"\" data-ywcca_order=\"\"><ul id=\"menu-zastita\" class=\"ywcca-menu\"><li id=\"menu-item-14235\" class=\"menu-item menu-item-type-post_type menu-item-object-page menu-item-has-children menu-item-14235\"><a href=\"https:\/\/www.iel.hr\/hr\/grupe-proizvoda\/zastita\/sustav-zastite-od-elektricnog-luka\/\" class=\"menu-link\">Sustav za\u0161tite od elektri\u010dnog luka<span role=\"application\" class=\"dropdown-menu-toggle ast-header-navigation-arrow\" tabindex=\"0\" aria-expanded=\"false\" aria-label=\"Menu Toggle\" ><span class=\"ast-icon icon-arrow\"><svg class=\"ast-arrow-svg\" xmlns=\"http:\/\/www.w3.org\/2000\/svg\" xmlns:xlink=\"http:\/\/www.w3.org\/1999\/xlink\" version=\"1.1\" x=\"0px\" y=\"0px\" width=\"26px\" height=\"16.043px\" viewBox=\"57 35.171 26 16.043\" enable-background=\"new 57 35.171 26 16.043\" xml:space=\"preserve\">\n                <path d=\"M57.5,38.193l12.5,12.5l12.5-12.5l-2.5-2.5l-10,10l-10-10L57.5,38.193z\"\/>\n                <\/svg><\/span><\/span><\/a>\n<ul class=\"ywcca-sub-menu\">\n\t<li id=\"menu-item-14382\" class=\"menu-item menu-item-type-custom menu-item-object-custom menu-item-14382\"><a href=\"https:\/\/www.iel.hr\/hr\/grupe-proizvoda\/zastita\/sustav-zastite-od-elektricnog-luka\/zastita-od-elektricnog-luka-zelk-2\/\" class=\"menu-link\"><span class=\"ast-icon icon-arrow\"><svg class=\"ast-arrow-svg\" xmlns=\"http:\/\/www.w3.org\/2000\/svg\" xmlns:xlink=\"http:\/\/www.w3.org\/1999\/xlink\" version=\"1.1\" x=\"0px\" y=\"0px\" width=\"26px\" height=\"16.043px\" viewBox=\"57 35.171 26 16.043\" enable-background=\"new 57 35.171 26 16.043\" xml:space=\"preserve\">\n                <path d=\"M57.5,38.193l12.5,12.5l12.5-12.5l-2.5-2.5l-10,10l-10-10L57.5,38.193z\"\/>\n                <\/svg><\/span>Za\u0161tita od elektri\u010dnog luka ZELK-2<\/a><\/li>\n\t<li id=\"menu-item-14384\" class=\"menu-item menu-item-type-custom menu-item-object-custom menu-item-14384\"><a href=\"https:\/\/www.iel.hr\/hr\/grupe-proizvoda\/zastita\/sustav-zastite-od-elektricnog-luka\/zastita-od-elektricnog-luka-zelk-3\/\" class=\"menu-link\"><span class=\"ast-icon icon-arrow\"><svg class=\"ast-arrow-svg\" xmlns=\"http:\/\/www.w3.org\/2000\/svg\" xmlns:xlink=\"http:\/\/www.w3.org\/1999\/xlink\" version=\"1.1\" x=\"0px\" y=\"0px\" width=\"26px\" height=\"16.043px\" viewBox=\"57 35.171 26 16.043\" enable-background=\"new 57 35.171 26 16.043\" xml:space=\"preserve\">\n                <path d=\"M57.5,38.193l12.5,12.5l12.5-12.5l-2.5-2.5l-10,10l-10-10L57.5,38.193z\"\/>\n                <\/svg><\/span>Za\u0161tita od elektri\u010dnog luka ZELK-3<\/a><\/li>\n\t<li id=\"menu-item-14385\" class=\"menu-item menu-item-type-custom menu-item-object-custom menu-item-14385\"><a href=\"https:\/\/www.iel.hr\/hr\/grupe-proizvoda\/zastita\/sustav-zastite-od-elektricnog-luka\/strujni-modul-sm\/\" class=\"menu-link\"><span class=\"ast-icon icon-arrow\"><svg class=\"ast-arrow-svg\" xmlns=\"http:\/\/www.w3.org\/2000\/svg\" xmlns:xlink=\"http:\/\/www.w3.org\/1999\/xlink\" version=\"1.1\" x=\"0px\" y=\"0px\" width=\"26px\" height=\"16.043px\" viewBox=\"57 35.171 26 16.043\" enable-background=\"new 57 35.171 26 16.043\" xml:space=\"preserve\">\n                <path d=\"M57.5,38.193l12.5,12.5l12.5-12.5l-2.5-2.5l-10,10l-10-10L57.5,38.193z\"\/>\n                <\/svg><\/span>Strujni modul SM<\/a><\/li>\n\t<li id=\"menu-item-14386\" class=\"menu-item menu-item-type-custom menu-item-object-custom menu-item-14386\"><a href=\"https:\/\/www.iel.hr\/hr\/grupe-proizvoda\/zastita\/sustav-zastite-od-elektricnog-luka\/isklopni-modul-im\/\" class=\"menu-link\"><span class=\"ast-icon icon-arrow\"><svg class=\"ast-arrow-svg\" xmlns=\"http:\/\/www.w3.org\/2000\/svg\" xmlns:xlink=\"http:\/\/www.w3.org\/1999\/xlink\" version=\"1.1\" x=\"0px\" y=\"0px\" width=\"26px\" height=\"16.043px\" viewBox=\"57 35.171 26 16.043\" enable-background=\"new 57 35.171 26 16.043\" xml:space=\"preserve\">\n                <path d=\"M57.5,38.193l12.5,12.5l12.5-12.5l-2.5-2.5l-10,10l-10-10L57.5,38.193z\"\/>\n                <\/svg><\/span>Isklopni modul IM<\/a><\/li>\n\t<li id=\"menu-item-14387\" class=\"menu-item menu-item-type-custom menu-item-object-custom menu-item-14387\"><a href=\"https:\/\/www.iel.hr\/hr\/grupe-proizvoda\/zastita\/sustav-zastite-od-elektricnog-luka\/dc-dc-pretvornik-p15\/\" class=\"menu-link\"><span class=\"ast-icon icon-arrow\"><svg class=\"ast-arrow-svg\" xmlns=\"http:\/\/www.w3.org\/2000\/svg\" xmlns:xlink=\"http:\/\/www.w3.org\/1999\/xlink\" version=\"1.1\" x=\"0px\" y=\"0px\" width=\"26px\" height=\"16.043px\" viewBox=\"57 35.171 26 16.043\" enable-background=\"new 57 35.171 26 16.043\" xml:space=\"preserve\">\n                <path d=\"M57.5,38.193l12.5,12.5l12.5-12.5l-2.5-2.5l-10,10l-10-10L57.5,38.193z\"\/>\n                <\/svg><\/span>DC\/DC Pretvornik P15<\/a><\/li>\n\t<li id=\"menu-item-14388\" class=\"menu-item menu-item-type-custom menu-item-object-custom menu-item-14388\"><a href=\"https:\/\/www.iel.hr\/hr\/grupe-proizvoda\/zastita\/sustav-zastite-od-elektricnog-luka\/opticka-sonda-os\/\" class=\"menu-link\"><span class=\"ast-icon icon-arrow\"><svg class=\"ast-arrow-svg\" xmlns=\"http:\/\/www.w3.org\/2000\/svg\" xmlns:xlink=\"http:\/\/www.w3.org\/1999\/xlink\" version=\"1.1\" x=\"0px\" y=\"0px\" width=\"26px\" height=\"16.043px\" viewBox=\"57 35.171 26 16.043\" enable-background=\"new 57 35.171 26 16.043\" xml:space=\"preserve\">\n                <path d=\"M57.5,38.193l12.5,12.5l12.5-12.5l-2.5-2.5l-10,10l-10-10L57.5,38.193z\"\/>\n                <\/svg><\/span>Skretnica sonde SS<\/a><\/li>\n\t<li id=\"menu-item-14389\" class=\"menu-item menu-item-type-custom menu-item-object-custom menu-item-14389\"><a href=\"https:\/\/www.iel.hr\/hr\/grupe-proizvoda\/zastita\/sustav-zastite-od-elektricnog-luka\/opticka-sonda-os\/\" class=\"menu-link\"><span class=\"ast-icon icon-arrow\"><svg class=\"ast-arrow-svg\" xmlns=\"http:\/\/www.w3.org\/2000\/svg\" xmlns:xlink=\"http:\/\/www.w3.org\/1999\/xlink\" version=\"1.1\" x=\"0px\" y=\"0px\" width=\"26px\" height=\"16.043px\" viewBox=\"57 35.171 26 16.043\" enable-background=\"new 57 35.171 26 16.043\" xml:space=\"preserve\">\n                <path d=\"M57.5,38.193l12.5,12.5l12.5-12.5l-2.5-2.5l-10,10l-10-10L57.5,38.193z\"\/>\n                <\/svg><\/span>Opti\u010dka sonda OS<\/a><\/li>\n<\/ul>\n<\/li>\n<li id=\"menu-item-14252\" class=\"menu-item menu-item-type-post_type menu-item-object-page menu-item-has-children menu-item-14252\"><a href=\"https:\/\/www.iel.hr\/hr\/grupe-proizvoda\/zastita\/zastita-voda\/\" class=\"menu-link\">Za\u0161tita voda<span role=\"application\" class=\"dropdown-menu-toggle ast-header-navigation-arrow\" tabindex=\"0\" aria-expanded=\"false\" aria-label=\"Menu Toggle\" ><span class=\"ast-icon icon-arrow\"><svg class=\"ast-arrow-svg\" xmlns=\"http:\/\/www.w3.org\/2000\/svg\" xmlns:xlink=\"http:\/\/www.w3.org\/1999\/xlink\" version=\"1.1\" x=\"0px\" y=\"0px\" width=\"26px\" height=\"16.043px\" viewBox=\"57 35.171 26 16.043\" enable-background=\"new 57 35.171 26 16.043\" xml:space=\"preserve\">\n                <path d=\"M57.5,38.193l12.5,12.5l12.5-12.5l-2.5-2.5l-10,10l-10-10L57.5,38.193z\"\/>\n                <\/svg><\/span><\/span><\/a>\n<ul class=\"ywcca-sub-menu\">\n\t<li id=\"menu-item-14390\" class=\"menu-item menu-item-type-custom menu-item-object-custom menu-item-14390\"><a href=\"#\" class=\"menu-link\"><span class=\"ast-icon icon-arrow\"><svg class=\"ast-arrow-svg\" xmlns=\"http:\/\/www.w3.org\/2000\/svg\" xmlns:xlink=\"http:\/\/www.w3.org\/1999\/xlink\" version=\"1.1\" x=\"0px\" y=\"0px\" width=\"26px\" height=\"16.043px\" viewBox=\"57 35.171 26 16.043\" enable-background=\"new 57 35.171 26 16.043\" xml:space=\"preserve\">\n                <path d=\"M57.5,38.193l12.5,12.5l12.5-12.5l-2.5-2.5l-10,10l-10-10L57.5,38.193z\"\/>\n                <\/svg><\/span>Terminal polja TP-10<\/a><\/li>\n\t<li id=\"menu-item-14391\" class=\"menu-item menu-item-type-custom menu-item-object-custom menu-item-14391\"><a href=\"https:\/\/www.iel.hr\/hr\/grupe-proizvoda\/zastita\/zastita-voda\/nadstrujni-relej-nr-200\/\" class=\"menu-link\"><span class=\"ast-icon icon-arrow\"><svg class=\"ast-arrow-svg\" xmlns=\"http:\/\/www.w3.org\/2000\/svg\" xmlns:xlink=\"http:\/\/www.w3.org\/1999\/xlink\" version=\"1.1\" x=\"0px\" y=\"0px\" width=\"26px\" height=\"16.043px\" viewBox=\"57 35.171 26 16.043\" enable-background=\"new 57 35.171 26 16.043\" xml:space=\"preserve\">\n                <path d=\"M57.5,38.193l12.5,12.5l12.5-12.5l-2.5-2.5l-10,10l-10-10L57.5,38.193z\"\/>\n                <\/svg><\/span>Nadstrujni relej NR-200<\/a><\/li>\n<\/ul>\n<\/li>\n<li id=\"menu-item-14253\" class=\"menu-item menu-item-type-post_type menu-item-object-page menu-item-has-children menu-item-14253\"><a href=\"https:\/\/www.iel.hr\/hr\/grupe-proizvoda\/zastita\/zastita-transformatora\/\" class=\"menu-link\">Za\u0161tita transformatora<span role=\"application\" class=\"dropdown-menu-toggle ast-header-navigation-arrow\" tabindex=\"0\" aria-expanded=\"false\" aria-label=\"Menu Toggle\" ><span class=\"ast-icon icon-arrow\"><svg class=\"ast-arrow-svg\" xmlns=\"http:\/\/www.w3.org\/2000\/svg\" xmlns:xlink=\"http:\/\/www.w3.org\/1999\/xlink\" version=\"1.1\" x=\"0px\" y=\"0px\" width=\"26px\" height=\"16.043px\" viewBox=\"57 35.171 26 16.043\" enable-background=\"new 57 35.171 26 16.043\" xml:space=\"preserve\">\n                <path d=\"M57.5,38.193l12.5,12.5l12.5-12.5l-2.5-2.5l-10,10l-10-10L57.5,38.193z\"\/>\n                <\/svg><\/span><\/span><\/a>\n<ul class=\"ywcca-sub-menu\">\n\t<li id=\"menu-item-14392\" class=\"menu-item menu-item-type-custom menu-item-object-custom menu-item-14392\"><a href=\"https:\/\/www.iel.hr\/hr\/grupe-proizvoda\/zastita\/zastita-transformatora\/nadstrujni-relej-nr-100\/\" class=\"menu-link\"><span class=\"ast-icon icon-arrow\"><svg class=\"ast-arrow-svg\" xmlns=\"http:\/\/www.w3.org\/2000\/svg\" xmlns:xlink=\"http:\/\/www.w3.org\/1999\/xlink\" version=\"1.1\" x=\"0px\" y=\"0px\" width=\"26px\" height=\"16.043px\" viewBox=\"57 35.171 26 16.043\" enable-background=\"new 57 35.171 26 16.043\" xml:space=\"preserve\">\n                <path d=\"M57.5,38.193l12.5,12.5l12.5-12.5l-2.5-2.5l-10,10l-10-10L57.5,38.193z\"\/>\n                <\/svg><\/span>Nadstrujni relej NR-100<\/a><\/li>\n\t<li id=\"menu-item-14393\" class=\"menu-item menu-item-type-custom menu-item-object-custom menu-item-14393\"><a href=\"#\" class=\"menu-link\"><span class=\"ast-icon icon-arrow\"><svg class=\"ast-arrow-svg\" xmlns=\"http:\/\/www.w3.org\/2000\/svg\" xmlns:xlink=\"http:\/\/www.w3.org\/1999\/xlink\" version=\"1.1\" x=\"0px\" y=\"0px\" width=\"26px\" height=\"16.043px\" viewBox=\"57 35.171 26 16.043\" enable-background=\"new 57 35.171 26 16.043\" xml:space=\"preserve\">\n                <path d=\"M57.5,38.193l12.5,12.5l12.5-12.5l-2.5-2.5l-10,10l-10-10L57.5,38.193z\"\/>\n                <\/svg><\/span>Nadstrujni relej NR-300<\/a><\/li>\n<\/ul>\n<\/li>\n<li id=\"menu-item-14254\" class=\"menu-item menu-item-type-post_type menu-item-object-page menu-item-has-children menu-item-14254\"><a href=\"https:\/\/www.iel.hr\/hr\/grupe-proizvoda\/zastita\/zastita-sabirnica\/\" class=\"menu-link\">Za\u0161tita sabirnica<span role=\"application\" class=\"dropdown-menu-toggle ast-header-navigation-arrow\" tabindex=\"0\" aria-expanded=\"false\" aria-label=\"Menu Toggle\" ><span class=\"ast-icon icon-arrow\"><svg class=\"ast-arrow-svg\" xmlns=\"http:\/\/www.w3.org\/2000\/svg\" xmlns:xlink=\"http:\/\/www.w3.org\/1999\/xlink\" version=\"1.1\" x=\"0px\" y=\"0px\" width=\"26px\" height=\"16.043px\" viewBox=\"57 35.171 26 16.043\" enable-background=\"new 57 35.171 26 16.043\" xml:space=\"preserve\">\n                <path d=\"M57.5,38.193l12.5,12.5l12.5-12.5l-2.5-2.5l-10,10l-10-10L57.5,38.193z\"\/>\n                <\/svg><\/span><\/span><\/a>\n<ul class=\"ywcca-sub-menu\">\n\t<li id=\"menu-item-14394\" class=\"menu-item menu-item-type-custom menu-item-object-custom menu-item-14394\"><a href=\"https:\/\/www.iel.hr\/hr\/grupe-proizvoda\/zastita\/zastita-sabirnica\/naponski-relej-vr-100\/\" class=\"menu-link\"><span class=\"ast-icon icon-arrow\"><svg class=\"ast-arrow-svg\" xmlns=\"http:\/\/www.w3.org\/2000\/svg\" xmlns:xlink=\"http:\/\/www.w3.org\/1999\/xlink\" version=\"1.1\" x=\"0px\" y=\"0px\" width=\"26px\" height=\"16.043px\" viewBox=\"57 35.171 26 16.043\" enable-background=\"new 57 35.171 26 16.043\" xml:space=\"preserve\">\n                <path d=\"M57.5,38.193l12.5,12.5l12.5-12.5l-2.5-2.5l-10,10l-10-10L57.5,38.193z\"\/>\n                <\/svg><\/span>Naponski relej VR-100<\/a><\/li>\n\t<li id=\"menu-item-14395\" class=\"menu-item menu-item-type-custom menu-item-object-custom menu-item-14395\"><a href=\"https:\/\/www.iel.hr\/hr\/grupe-proizvoda\/zastita\/zastita-sabirnica\/naponski-relej-vr-50\/\" class=\"menu-link\"><span class=\"ast-icon icon-arrow\"><svg class=\"ast-arrow-svg\" xmlns=\"http:\/\/www.w3.org\/2000\/svg\" xmlns:xlink=\"http:\/\/www.w3.org\/1999\/xlink\" version=\"1.1\" x=\"0px\" y=\"0px\" width=\"26px\" height=\"16.043px\" viewBox=\"57 35.171 26 16.043\" enable-background=\"new 57 35.171 26 16.043\" xml:space=\"preserve\">\n                <path d=\"M57.5,38.193l12.5,12.5l12.5-12.5l-2.5-2.5l-10,10l-10-10L57.5,38.193z\"\/>\n                <\/svg><\/span>Naponski relej VR-50<\/a><\/li>\n<\/ul>\n<\/li>\n<\/ul><\/ul><\/div>\t\t<\/div>\n\t\t\t\t<\/div>\n\t\t\t\t<\/div>\n\t\t<div class=\"elementor-element elementor-element-86194d9 e-con-full e-flex e-con e-child\" data-id=\"86194d9\" data-element_type=\"container\">\n\t\t\t\t<div class=\"elementor-element elementor-element-478b553 elementor-widget elementor-widget-text-editor\" data-id=\"478b553\" data-element_type=\"widget\" data-widget_type=\"text-editor.default\">\n\t\t\t\t<div class=\"elementor-widget-container\">\n\t\t\t\t\t\t\t<h3>\u00a0<\/h3><h3>Terminal polja TP-10<\/h3><ul><li>multifunkcionalni ure\u0111aj za mjerenje, za\u0161titu, nadzor i upravljanje u trafostanicama i priklju\u010dcima OIE<\/li><li>priklju\u010dak standardnih transformatora ili nekonvencionalnih senzora<\/li><li>za\u0161titne funkcije u skladu sa ANSI standardom<\/li><li>dinami\u010dki prikaz stanja postrojenja na grafi\u010dkom LCD pokaziva\u010du<\/li><li>alarmna signalizacija u skladu sa ISA i DIN sekvencama<\/li><li>komunikacija RS485, F.O., Ethernet<\/li><li>protokoli komunikacije MODBUS RTU (TCP), IEC 60870-5-103(104), IEC 61850<\/li><\/ul><h3>Nadstrujni relej NR-200<\/h3><ul><li>nadstrujna za\u0161tita<\/li><li>priklju\u010dak standardnih za\u0161titnih transformatora (1\/5 A)<\/li><li>nadstrujne funkcije za\u0161tite u skladu sa ANSI standardom<\/li><li>alfanumeri\u010dki pokaziva\u010d 2\u00d716 karakteristika<\/li><li>signalizacija prorade na 5 LED programabilnih elemenata<\/li><li>komunikacije RS485, FO, Ethernet<\/li><li>protokoli komunikacije MODBUS RTU, IEC60870-5-103(104)<\/li><\/ul>\t\t\t\t\t\t<\/div>\n\t\t\t\t<\/div>\n\t\t\t\t<\/div>\n\t\t<div class=\"elementor-element elementor-element-b8f0d5b e-con-full e-flex e-con e-child\" data-id=\"b8f0d5b\" data-element_type=\"container\">\n\t\t\t\t<div class=\"elementor-element elementor-element-54bf6ce elementor-widget elementor-widget-image\" data-id=\"54bf6ce\" data-element_type=\"widget\" data-widget_type=\"image.default\">\n\t\t\t\t<div class=\"elementor-widget-container\">\n\t\t\t\t\t\t\t\t\t\t\t\t\t\t<a href=\"https:\/\/iel.hr\/iel\/wp-content\/uploads\/2024\/04\/EN-power-line-protection-768x492-1.jpg\" data-elementor-open-lightbox=\"yes\" data-elementor-lightbox-title=\"EN-power-line-protection-768x492\" data-e-action-hash=\"#elementor-action%3Aaction%3Dlightbox%26settings%3DeyJpZCI6MzQ0NCwidXJsIjoiaHR0cHM6XC9cL3d3dy5pZWwuaHJcL3dwLWNvbnRlbnRcL3VwbG9hZHNcLzIwMjRcLzA0XC9FTi1wb3dlci1saW5lLXByb3RlY3Rpb24tNzY4eDQ5Mi0xLmpwZyJ9\">\n\t\t\t\t\t\t\t<img fetchpriority=\"high\" decoding=\"async\" width=\"768\" height=\"492\" src=\"https:\/\/www.iel.hr\/wp-content\/uploads\/2024\/04\/EN-power-line-protection-768x492-1.jpg\" class=\"attachment-large size-large wp-image-3444\" alt=\"\" srcset=\"https:\/\/www.iel.hr\/wp-content\/uploads\/2024\/04\/EN-power-line-protection-768x492-1.jpg 768w, https:\/\/www.iel.hr\/wp-content\/uploads\/2024\/04\/EN-power-line-protection-768x492-1-600x384.jpg 600w, https:\/\/www.iel.hr\/wp-content\/uploads\/2024\/04\/EN-power-line-protection-768x492-1-300x192.jpg 300w\" sizes=\"(max-width: 768px) 100vw, 768px\" \/>\t\t\t\t\t\t\t\t<\/a>\n\t\t\t\t\t\t\t\t\t\t\t\t\t<\/div>\n\t\t\t\t<\/div>\n\t\t\t\t<\/div>\n\t\t\t\t\t<\/div>\n\t\t\t\t<\/div>\n\t\t\t\t<\/div>\n\t\t","protected":false},"excerpt":{"rendered":"<p>Za\u0161tita voda IEL Grupe proizvoda Za\u0161tita Za\u0161tita voda \u00a0 Terminal polja TP-10 multifunkcionalni ure\u0111aj za mjerenje, za\u0161titu, nadzor i upravljanje u trafostanicama i priklju\u010dcima OIE priklju\u010dak standardnih transformatora ili nekonvencionalnih senzora za\u0161titne funkcije u skladu sa ANSI standardom dinami\u010dki prikaz stanja postrojenja na grafi\u010dkom LCD pokaziva\u010du alarmna signalizacija u skladu sa ISA i DIN sekvencama [&hellip;]<\/p>\n","protected":false},"author":1,"featured_media":0,"parent":11736,"menu_order":0,"comment_status":"closed","ping_status":"closed","template":"","meta":{"site-sidebar-layout":"no-sidebar","site-content-layout":"page-builder","ast-site-content-layout":"full-width-container","site-content-style":"default","site-sidebar-style":"default","ast-global-header-display":"","ast-banner-title-visibility":"","ast-main-header-display":"","ast-hfb-above-header-display":"","ast-hfb-below-header-display":"","ast-hfb-mobile-header-display":"","site-post-title":"disabled","ast-breadcrumbs-content":"","ast-featured-img":"disabled","footer-sml-layout":"","theme-transparent-header-meta":"default","adv-header-id-meta":"","stick-header-meta":"","header-above-stick-meta":"","header-main-stick-meta":"","header-below-stick-meta":"","astra-migrate-meta-layouts":"set","ast-page-background-enabled":"default","ast-page-background-meta":{"desktop":{"background-color":"","background-image":"","background-repeat":"repeat","background-position":"center center","background-size":"auto","background-attachment":"scroll","background-type":"","background-media":"","overlay-type":"","overlay-color":"","overlay-gradient":""},"tablet":{"background-color":"","background-image":"","background-repeat":"repeat","background-position":"center center","background-size":"auto","background-attachment":"scroll","background-type":"","background-media":"","overlay-type":"","overlay-color":"","overlay-gradient":""},"mobile":{"background-color":"","background-image":"","background-repeat":"repeat","background-position":"center center","background-size":"auto","background-attachment":"scroll","background-type":"","background-media":"","overlay-type":"","overlay-color":"","overlay-gradient":""}},"ast-content-background-meta":{"desktop":{"background-color":"var(--ast-global-color-5)","background-image":"","background-repeat":"repeat","background-position":"center center","background-size":"auto","background-attachment":"scroll","background-type":"","background-media":"","overlay-type":"","overlay-color":"","overlay-gradient":""},"tablet":{"background-color":"var(--ast-global-color-5)","background-image":"","background-repeat":"repeat","background-position":"center center","background-size":"auto","background-attachment":"scroll","background-type":"","background-media":"","overlay-type":"","overlay-color":"","overlay-gradient":""},"mobile":{"background-color":"var(--ast-global-color-5)","background-image":"","background-repeat":"repeat","background-position":"center center","background-size":"auto","background-attachment":"scroll","background-type":"","background-media":"","overlay-type":"","overlay-color":"","overlay-gradient":""}},"footnotes":""},"class_list":["post-10041","page","type-page","status-publish","hentry"],"_links":{"self":[{"href":"https:\/\/www.iel.hr\/hr\/wp-json\/wp\/v2\/pages\/10041","targetHints":{"allow":["GET"]}}],"collection":[{"href":"https:\/\/www.iel.hr\/hr\/wp-json\/wp\/v2\/pages"}],"about":[{"href":"https:\/\/www.iel.hr\/hr\/wp-json\/wp\/v2\/types\/page"}],"author":[{"embeddable":true,"href":"https:\/\/www.iel.hr\/hr\/wp-json\/wp\/v2\/users\/1"}],"replies":[{"embeddable":true,"href":"https:\/\/www.iel.hr\/hr\/wp-json\/wp\/v2\/comments?post=10041"}],"version-history":[{"count":0,"href":"https:\/\/www.iel.hr\/hr\/wp-json\/wp\/v2\/pages\/10041\/revisions"}],"up":[{"embeddable":true,"href":"https:\/\/www.iel.hr\/hr\/wp-json\/wp\/v2\/pages\/11736"}],"wp:attachment":[{"href":"https:\/\/www.iel.hr\/hr\/wp-json\/wp\/v2\/media?parent=10041"}],"curies":[{"name":"wp","href":"https:\/\/api.w.org\/{rel}","templated":true}]}}